{"id":794,"date":"2023-02-17T08:53:45","date_gmt":"2023-02-17T08:53:45","guid":{"rendered":"https:\/\/orascoptic.newyorkdental.hu\/?post_type=product&#038;p=794"},"modified":"2025-04-28T06:40:16","modified_gmt":"2025-04-28T06:40:16","slug":"triumph-valaszthato-keret","status":"publish","type":"product","link":"https:\/\/orascoptic.newyorkdental.hu\/?product=triumph-valaszthato-keret","title":{"rendered":"TRIUMPH\u2122 v\u00e1laszthat\u00f3 keret"},"content":{"rendered":"<p><span style=\"font-weight: 400;\">A Triumph egy\u00a0 k\u00e9nyelmes, k\u00f6nny\u0171 \u00e9s modern tit\u00e1nium keret, amely kiz\u00e1r\u00f3lag a loup\u00e9inkhoz terveztek. Az integr\u00e1l k\u00e1bel-kontrol funkci\u00f3\u00a0 kik\u00fcsz\u00f6b\u00f6li a zavar\u00f3 t\u00e9nyez\u0151ket a vezet\u00e9kes vil\u00e1g\u00edt\u00e1s kerethez r\u00f6gz\u00edt\u00e9se sor\u00e1n.\u00a0<\/span><\/p>\n<p><span style=\"font-weight: 400;\">V\u00e1lassza b\u00e1rmelyik nagy\u00edt\u00e1si szint\u00fcnket, \u00e9s az \u00f6t divatos k\u00e9tt\u00f3nus\u00fa sz\u00edns\u00e9ma egyik\u00e9vel tal\u00e1lja meg szem\u00e9lyes st\u00edlus\u00e1t.\u00a0<\/span><\/p>\n<p><span style=\"font-weight: 400;\">Az \u00e1ll\u00edthat\u00f3 sz\u00e1rak \u00e9s az orrnyergek t\u00f6k\u00e9letes illeszked\u00e9st \u00e9s fokozott k\u00e9nyelmet biztos\u00edtanak.<\/span><\/p>\n<p>Be\u00e9p\u00edtett csatorna a vil\u00e1g\u00edt\u00e1s k\u00e1belnek.<\/p>\n<p><span style=\"font-weight: 400;\">A Triumph kicsi, k\u00f6zepes \u00e9s nagy m\u00e9retben kaphat\u00f3, \u00e9s minden szem\u00e9szeti rendelv\u00e9nyre fel\u00edrt korrekci\u00f3s t\u00edpust t\u00e1mogat.<\/span><\/p>\n<p>V\u00e1laszthat\u00f3 sz\u00ednek:<br \/>\n<img loading=\"lazy\" class=\"alignnone wp-image-877 size-full\" src=\"https:\/\/orascoptic.newyorkdental.hu\/wp-content\/uploads\/2023\/02\/Triumph-keret-szinek.jpg\" alt=\"\" width=\"834\" height=\"209\" srcset=\"https:\/\/orascoptic.newyorkdental.hu\/wp-content\/uploads\/2023\/02\/Triumph-keret-szinek.jpg 834w, https:\/\/orascoptic.newyorkdental.hu\/wp-content\/uploads\/2023\/02\/Triumph-keret-szinek-600x150.jpg 600w, https:\/\/orascoptic.newyorkdental.hu\/wp-content\/uploads\/2023\/02\/Triumph-keret-szinek-300x75.jpg 300w, https:\/\/orascoptic.newyorkdental.hu\/wp-content\/uploads\/2023\/02\/Triumph-keret-szinek-768x192.jpg 768w\" sizes=\"(max-width: 834px) 100vw, 834px\" \/><\/p>\n","protected":false},"excerpt":{"rendered":"<p>A Triumph egy\u00a0 k\u00e9nyelmes, k\u00f6nny\u0171 \u00e9s modern tit\u00e1nium keret, amely kiz\u00e1r\u00f3lag a loup\u00e9inkhoz terveztek. Az integr\u00e1l k\u00e1bel-kontrol funkci\u00f3\u00a0 kik\u00fcsz\u00f6b\u00f6li a zavar\u00f3 t\u00e9nyez\u0151ket a vezet\u00e9kes vil\u00e1g\u00edt\u00e1s kerethez r\u00f6gz\u00edt\u00e9se sor\u00e1n.\u00a0 V\u00e1lassza b\u00e1rmelyik nagy\u00edt\u00e1si szint\u00fcnket, \u00e9s az \u00f6t divatos k\u00e9tt\u00f3nus\u00fa sz\u00edns\u00e9ma egyik\u00e9vel tal\u00e1lja meg szem\u00e9lyes st\u00edlus\u00e1t.\u00a0 Az \u00e1ll\u00edthat\u00f3 sz\u00e1rak \u00e9s az orrnyergek t\u00f6k\u00e9letes illeszked\u00e9st \u00e9s fokozott k\u00e9nyelmet biztos\u00edtanak. [&hellip;]<\/p>\n","protected":false},"featured_media":1184,"comment_status":"open","ping_status":"closed","template":"","meta":[],"yoast_head":"<!-- This site is optimized with the Yoast SEO plugin v16.2 - https:\/\/yoast.com\/wordpress\/plugins\/seo\/ -->\n<title>TRIUMPH\u2122 v\u00e1laszthat\u00f3 keret - Orascoptic<\/title>\n<meta name=\"robots\" content=\"index, follow, max-snippet:-1, max-image-preview:large, max-video-preview:-1\" \/>\n<link rel=\"canonical\" href=\"https:\/\/orascoptic.newyorkdental.hu\/?product=triumph-valaszthato-keret\" \/>\n<meta property=\"og:locale\" content=\"hu_HU\" \/>\n<meta property=\"og:type\" content=\"article\" \/>\n<meta property=\"og:title\" content=\"TRIUMPH\u2122 v\u00e1laszthat\u00f3 keret - Orascoptic\" \/>\n<meta property=\"og:description\" content=\"A Triumph egy\u00a0 k\u00e9nyelmes, k\u00f6nny\u0171 \u00e9s modern tit\u00e1nium keret, amely kiz\u00e1r\u00f3lag a loup\u00e9inkhoz terveztek. Az integr\u00e1l k\u00e1bel-kontrol funkci\u00f3\u00a0 kik\u00fcsz\u00f6b\u00f6li a zavar\u00f3 t\u00e9nyez\u0151ket a vezet\u00e9kes vil\u00e1g\u00edt\u00e1s kerethez r\u00f6gz\u00edt\u00e9se sor\u00e1n.\u00a0 V\u00e1lassza b\u00e1rmelyik nagy\u00edt\u00e1si szint\u00fcnket, \u00e9s az \u00f6t divatos k\u00e9tt\u00f3nus\u00fa sz\u00edns\u00e9ma egyik\u00e9vel tal\u00e1lja meg szem\u00e9lyes st\u00edlus\u00e1t.\u00a0 Az \u00e1ll\u00edthat\u00f3 sz\u00e1rak \u00e9s az orrnyergek t\u00f6k\u00e9letes illeszked\u00e9st \u00e9s fokozott k\u00e9nyelmet biztos\u00edtanak. [&hellip;]\" \/>\n<meta property=\"og:url\" content=\"https:\/\/orascoptic.newyorkdental.hu\/?product=triumph-valaszthato-keret\" \/>\n<meta property=\"og:site_name\" content=\"Orascoptic\" \/>\n<meta property=\"article:modified_time\" content=\"2025-04-28T06:40:16+00:00\" \/>\n<meta property=\"og:image\" content=\"https:\/\/orascoptic.newyorkdental.hu\/wp-content\/uploads\/2023\/02\/Triumph_black.jpg\" \/>\n\t<meta property=\"og:image:width\" content=\"540\" \/>\n\t<meta property=\"og:image:height\" content=\"350\" \/>\n<meta name=\"twitter:card\" content=\"summary_large_image\" \/>\n<meta name=\"twitter:label1\" content=\"Becs\u00fclt olvas\u00e1si id\u0151\">\n\t<meta name=\"twitter:data1\" content=\"1 perc\">\n<script type=\"application\/ld+json\" class=\"yoast-schema-graph\">{\"@context\":\"https:\/\/schema.org\",\"@graph\":[{\"@type\":\"WebSite\",\"@id\":\"http:\/\/orascoptic.newyorkdental.hu\/#website\",\"url\":\"http:\/\/orascoptic.newyorkdental.hu\/\",\"name\":\"Orascoptic\",\"description\":\"Professzion\\u00e1lis orvosi lup\\u00e9k\",\"potentialAction\":[{\"@type\":\"SearchAction\",\"target\":\"http:\/\/orascoptic.newyorkdental.hu\/?s={search_term_string}\",\"query-input\":\"required name=search_term_string\"}],\"inLanguage\":\"hu\"},{\"@type\":\"ImageObject\",\"@id\":\"https:\/\/orascoptic.newyorkdental.hu\/?product=triumph-valaszthato-keret#primaryimage\",\"inLanguage\":\"hu\",\"url\":\"https:\/\/orascoptic.newyorkdental.hu\/wp-content\/uploads\/2023\/02\/Triumph_black.jpg\",\"contentUrl\":\"https:\/\/orascoptic.newyorkdental.hu\/wp-content\/uploads\/2023\/02\/Triumph_black.jpg\",\"width\":540,\"height\":350,\"caption\":\"Orascoptic Triumph v\\u00e1laszthat\\u00f3 keret\"},{\"@type\":\"WebPage\",\"@id\":\"https:\/\/orascoptic.newyorkdental.hu\/?product=triumph-valaszthato-keret#webpage\",\"url\":\"https:\/\/orascoptic.newyorkdental.hu\/?product=triumph-valaszthato-keret\",\"name\":\"TRIUMPH\\u2122 v\\u00e1laszthat\\u00f3 keret - Orascoptic\",\"isPartOf\":{\"@id\":\"http:\/\/orascoptic.newyorkdental.hu\/#website\"},\"primaryImageOfPage\":{\"@id\":\"https:\/\/orascoptic.newyorkdental.hu\/?product=triumph-valaszthato-keret#primaryimage\"},\"datePublished\":\"2023-02-17T08:53:45+00:00\",\"dateModified\":\"2025-04-28T06:40:16+00:00\",\"breadcrumb\":{\"@id\":\"https:\/\/orascoptic.newyorkdental.hu\/?product=triumph-valaszthato-keret#breadcrumb\"},\"inLanguage\":\"hu\",\"potentialAction\":[{\"@type\":\"ReadAction\",\"target\":[\"https:\/\/orascoptic.newyorkdental.hu\/?product=triumph-valaszthato-keret\"]}]},{\"@type\":\"BreadcrumbList\",\"@id\":\"https:\/\/orascoptic.newyorkdental.hu\/?product=triumph-valaszthato-keret#breadcrumb\",\"itemListElement\":[{\"@type\":\"ListItem\",\"position\":1,\"item\":{\"@type\":\"WebPage\",\"@id\":\"https:\/\/orascoptic.newyorkdental.hu\/\",\"url\":\"https:\/\/orascoptic.newyorkdental.hu\/\",\"name\":\"Kezd\\u0151lap\"}},{\"@type\":\"ListItem\",\"position\":2,\"item\":{\"@type\":\"WebPage\",\"@id\":\"https:\/\/orascoptic.newyorkdental.hu\/?page_id=256\",\"url\":\"https:\/\/orascoptic.newyorkdental.hu\/?page_id=256\",\"name\":\"\\u00dczlet\"}},{\"@type\":\"ListItem\",\"position\":3,\"item\":{\"@id\":\"https:\/\/orascoptic.newyorkdental.hu\/?product=triumph-valaszthato-keret#webpage\"}}]}]}<\/script>\n<!-- \/ Yoast SEO plugin. -->","_links":{"self":[{"href":"https:\/\/orascoptic.newyorkdental.hu\/index.php?rest_route=\/wp\/v2\/product\/794"}],"collection":[{"href":"https:\/\/orascoptic.newyorkdental.hu\/index.php?rest_route=\/wp\/v2\/product"}],"about":[{"href":"https:\/\/orascoptic.newyorkdental.hu\/index.php?rest_route=\/wp\/v2\/types\/product"}],"replies":[{"embeddable":true,"href":"https:\/\/orascoptic.newyorkdental.hu\/index.php?rest_route=%2Fwp%2Fv2%2Fcomments&post=794"}],"wp:featuredmedia":[{"embeddable":true,"href":"https:\/\/orascoptic.newyorkdental.hu\/index.php?rest_route=\/wp\/v2\/media\/1184"}],"wp:attachment":[{"href":"https:\/\/orascoptic.newyorkdental.hu\/index.php?rest_route=%2Fwp%2Fv2%2Fmedia&parent=794"}],"curies":[{"name":"wp","href":"https:\/\/api.w.org\/{rel}","templated":true}]}}