{"id":553,"date":"2023-02-14T11:01:04","date_gmt":"2023-02-14T11:01:04","guid":{"rendered":"https:\/\/orascoptic.newyorkdental.hu\/?post_type=product&#038;p=553"},"modified":"2023-02-21T14:29:43","modified_gmt":"2023-02-21T14:29:43","slug":"dragonfly-neo","status":"publish","type":"product","link":"https:\/\/orascoptic.newyorkdental.hu\/?product=dragonfly-neo","title":{"rendered":"DragonFly\u2122 NEO"},"content":{"rendered":"<p><strong>NAGY\u00cdT\u00c1S<\/strong><br \/>\n2.5x, 3.0x, 3.5x<br \/>\n<strong><br \/>\nF\u00c9NYER\u0150SS\u00c9G<\/strong><br \/>\n78 Lumen<\/p>\n<p><strong>AKKUMUL\u00c1TOR M\u0170K\u00d6D\u00c9SI IDEJE<\/strong> (2 db)<br \/>\n3 \u00f3ra 45 perc<\/p>\n<p><strong>\u00d6SSZES AKKUMUL\u00c1TOR SZ\u00c1MA<br \/>\n<\/strong> 4 db<\/p>\n<p>V\u00e1laszthat\u00f3 sz\u00edn:<\/p>\n<p><img loading=\"lazy\" class=\"alignnone wp-image-845 size-full\" src=\"https:\/\/orascoptic.newyorkdental.hu\/wp-content\/uploads\/2023\/02\/Dragonfly-keret-szinek-Neo.jpg\" alt=\"\" width=\"834\" height=\"209\" srcset=\"https:\/\/orascoptic.newyorkdental.hu\/wp-content\/uploads\/2023\/02\/Dragonfly-keret-szinek-Neo.jpg 834w, https:\/\/orascoptic.newyorkdental.hu\/wp-content\/uploads\/2023\/02\/Dragonfly-keret-szinek-Neo-600x150.jpg 600w, https:\/\/orascoptic.newyorkdental.hu\/wp-content\/uploads\/2023\/02\/Dragonfly-keret-szinek-Neo-300x75.jpg 300w, https:\/\/orascoptic.newyorkdental.hu\/wp-content\/uploads\/2023\/02\/Dragonfly-keret-szinek-Neo-768x192.jpg 768w\" sizes=\"(max-width: 834px) 100vw, 834px\" \/><\/p>\n","protected":false},"excerpt":{"rendered":"<p>A bel\u00e9p\u0151 szint\u0171 NEO modell\u00fcnk egyetlen sz\u00ednben kaphat\u00f3, \u00e9s 4 n\u00e9pszer\u0171 nagy\u00edt\u00e1si fokozatot t\u00e1mogat. Ez a fogorvostan hallgat\u00f3k \u00e9s rezidensek k\u00f6r\u00e9ben aj\u00e1nlott \u00e9s k\u00f6zkedvelt loupe.<\/p>\n","protected":false},"featured_media":545,"comment_status":"open","ping_status":"closed","template":"","meta":[],"yoast_head":"<!-- This site is optimized with the Yoast SEO plugin v16.2 - https:\/\/yoast.com\/wordpress\/plugins\/seo\/ -->\n<title>DragonFly\u2122 NEO - Orascoptic<\/title>\n<meta name=\"robots\" content=\"index, follow, max-snippet:-1, max-image-preview:large, max-video-preview:-1\" \/>\n<link rel=\"canonical\" href=\"https:\/\/orascoptic.newyorkdental.hu\/?product=dragonfly-neo\" \/>\n<meta property=\"og:locale\" content=\"hu_HU\" \/>\n<meta property=\"og:type\" content=\"article\" \/>\n<meta property=\"og:title\" content=\"DragonFly\u2122 NEO - Orascoptic\" \/>\n<meta property=\"og:description\" content=\"A bel\u00e9p\u0151 szint\u0171 NEO modell\u00fcnk egyetlen sz\u00ednben kaphat\u00f3, \u00e9s 4 n\u00e9pszer\u0171 nagy\u00edt\u00e1si fokozatot t\u00e1mogat. Ez a fogorvostan hallgat\u00f3k \u00e9s rezidensek k\u00f6r\u00e9ben aj\u00e1nlott \u00e9s k\u00f6zkedvelt loupe.\" \/>\n<meta property=\"og:url\" content=\"https:\/\/orascoptic.newyorkdental.hu\/?product=dragonfly-neo\" \/>\n<meta property=\"og:site_name\" content=\"Orascoptic\" \/>\n<meta property=\"article:modified_time\" content=\"2023-02-21T14:29:43+00:00\" \/>\n<meta property=\"og:image\" content=\"https:\/\/orascoptic.newyorkdental.hu\/wp-content\/uploads\/2023\/02\/P_2.5x_DragonflyNeo_Midnight_Left_540x540.jpg\" \/>\n\t<meta property=\"og:image:width\" content=\"540\" \/>\n\t<meta property=\"og:image:height\" content=\"540\" \/>\n<meta name=\"twitter:card\" content=\"summary_large_image\" \/>\n<meta name=\"twitter:label1\" content=\"Becs\u00fclt olvas\u00e1si id\u0151\">\n\t<meta name=\"twitter:data1\" content=\"1 perc\">\n<script type=\"application\/ld+json\" class=\"yoast-schema-graph\">{\"@context\":\"https:\/\/schema.org\",\"@graph\":[{\"@type\":\"WebSite\",\"@id\":\"http:\/\/orascoptic.newyorkdental.hu\/#website\",\"url\":\"http:\/\/orascoptic.newyorkdental.hu\/\",\"name\":\"Orascoptic\",\"description\":\"Professzion\\u00e1lis orvosi lup\\u00e9k\",\"potentialAction\":[{\"@type\":\"SearchAction\",\"target\":\"http:\/\/orascoptic.newyorkdental.hu\/?s={search_term_string}\",\"query-input\":\"required name=search_term_string\"}],\"inLanguage\":\"hu\"},{\"@type\":\"ImageObject\",\"@id\":\"https:\/\/orascoptic.newyorkdental.hu\/?product=dragonfly-neo#primaryimage\",\"inLanguage\":\"hu\",\"url\":\"https:\/\/orascoptic.newyorkdental.hu\/wp-content\/uploads\/2023\/02\/P_2.5x_DragonflyNeo_Midnight_Left_540x540.jpg\",\"contentUrl\":\"https:\/\/orascoptic.newyorkdental.hu\/wp-content\/uploads\/2023\/02\/P_2.5x_DragonflyNeo_Midnight_Left_540x540.jpg\",\"width\":540,\"height\":540},{\"@type\":\"WebPage\",\"@id\":\"https:\/\/orascoptic.newyorkdental.hu\/?product=dragonfly-neo#webpage\",\"url\":\"https:\/\/orascoptic.newyorkdental.hu\/?product=dragonfly-neo\",\"name\":\"DragonFly\\u2122 NEO - Orascoptic\",\"isPartOf\":{\"@id\":\"http:\/\/orascoptic.newyorkdental.hu\/#website\"},\"primaryImageOfPage\":{\"@id\":\"https:\/\/orascoptic.newyorkdental.hu\/?product=dragonfly-neo#primaryimage\"},\"datePublished\":\"2023-02-14T11:01:04+00:00\",\"dateModified\":\"2023-02-21T14:29:43+00:00\",\"breadcrumb\":{\"@id\":\"https:\/\/orascoptic.newyorkdental.hu\/?product=dragonfly-neo#breadcrumb\"},\"inLanguage\":\"hu\",\"potentialAction\":[{\"@type\":\"ReadAction\",\"target\":[\"https:\/\/orascoptic.newyorkdental.hu\/?product=dragonfly-neo\"]}]},{\"@type\":\"BreadcrumbList\",\"@id\":\"https:\/\/orascoptic.newyorkdental.hu\/?product=dragonfly-neo#breadcrumb\",\"itemListElement\":[{\"@type\":\"ListItem\",\"position\":1,\"item\":{\"@type\":\"WebPage\",\"@id\":\"https:\/\/orascoptic.newyorkdental.hu\/\",\"url\":\"https:\/\/orascoptic.newyorkdental.hu\/\",\"name\":\"Kezd\\u0151lap\"}},{\"@type\":\"ListItem\",\"position\":2,\"item\":{\"@type\":\"WebPage\",\"@id\":\"https:\/\/orascoptic.newyorkdental.hu\/?page_id=256\",\"url\":\"https:\/\/orascoptic.newyorkdental.hu\/?page_id=256\",\"name\":\"\\u00dczlet\"}},{\"@type\":\"ListItem\",\"position\":3,\"item\":{\"@id\":\"https:\/\/orascoptic.newyorkdental.hu\/?product=dragonfly-neo#webpage\"}}]}]}<\/script>\n<!-- \/ Yoast SEO plugin. -->","_links":{"self":[{"href":"https:\/\/orascoptic.newyorkdental.hu\/index.php?rest_route=\/wp\/v2\/product\/553"}],"collection":[{"href":"https:\/\/orascoptic.newyorkdental.hu\/index.php?rest_route=\/wp\/v2\/product"}],"about":[{"href":"https:\/\/orascoptic.newyorkdental.hu\/index.php?rest_route=\/wp\/v2\/types\/product"}],"replies":[{"embeddable":true,"href":"https:\/\/orascoptic.newyorkdental.hu\/index.php?rest_route=%2Fwp%2Fv2%2Fcomments&post=553"}],"wp:featuredmedia":[{"embeddable":true,"href":"https:\/\/orascoptic.newyorkdental.hu\/index.php?rest_route=\/wp\/v2\/media\/545"}],"wp:attachment":[{"href":"https:\/\/orascoptic.newyorkdental.hu\/index.php?rest_route=%2Fwp%2Fv2%2Fmedia&parent=553"}],"curies":[{"name":"wp","href":"https:\/\/api.w.org\/{rel}","templated":true}]}}