{"id":539,"date":"2023-02-14T10:20:04","date_gmt":"2023-02-14T10:20:04","guid":{"rendered":"https:\/\/orascoptic.newyorkdental.hu\/?post_type=product&#038;p=539"},"modified":"2023-02-21T14:19:31","modified_gmt":"2023-02-21T14:19:31","slug":"dragonfly-pro","status":"publish","type":"product","link":"https:\/\/orascoptic.newyorkdental.hu\/?product=dragonfly-pro","title":{"rendered":"DragonFly\u2122 Pro"},"content":{"rendered":"<p><strong>NAGY\u00cdT\u00c1S<\/strong><br \/>\n2. 5x; 3.0x; 3.5x; 4.5x; 5.5x; 6.5x<br \/>\nV\u00e1ltoztathat\u00f3: 2.5x &#8211; 3.5x;<br \/>\nV\u00e1ltoztathat\u00f3: 3x &#8211; 4x-5x<br \/>\nV\u00e1ltoztathat\u00f3: 3.5x &#8211; 6.5x<\/p>\n<p>F\u00c9NYER\u0150SS\u00c9G<br \/>\n49\/78 Lumen<\/p>\n<p><strong>AKKUMUL\u00c1TOR M\u0170K\u00d6D\u00c9SI IDEJE<\/strong> (2 db)<br \/>\n3 \u00f3ra 45 perc (78 Lumen);\u00a0 6 \u00f3ra (49 Lumen)<\/p>\n<p><strong>\u00d6SSZES AKKUMUL\u00c1TOR SZ\u00c1MA<br \/>\n<\/strong> 6 db<\/p>\n<p>*A Dragonfly PRO Cerakote, egy ker\u00e1mi\u00e1val ell\u00e1tott polimer bevonat, amely az ipar\u00e1gban egyed\u00fcl\u00e1ll\u00f3 tart\u00f3ss\u00e1got, kem\u00e9nys\u00e9get \u00e9s karc\u00e1ll\u00f3s\u00e1got k\u00edn\u00e1l tov\u00e1bb\u00e1 korr\u00f3zi\u00f3- \u00e9s vegyszer\u00e1ll\u00f3.<\/p>\n<p>V\u00e1laszthat\u00f3 sz\u00ednek:<br \/>\n<img loading=\"lazy\" class=\"alignnone wp-image-842 size-full\" src=\"https:\/\/orascoptic.newyorkdental.hu\/wp-content\/uploads\/2023\/02\/Dragonfly-keret-szinek.jpg\" alt=\"\" width=\"834\" height=\"209\" srcset=\"https:\/\/orascoptic.newyorkdental.hu\/wp-content\/uploads\/2023\/02\/Dragonfly-keret-szinek.jpg 834w, https:\/\/orascoptic.newyorkdental.hu\/wp-content\/uploads\/2023\/02\/Dragonfly-keret-szinek-600x150.jpg 600w, https:\/\/orascoptic.newyorkdental.hu\/wp-content\/uploads\/2023\/02\/Dragonfly-keret-szinek-300x75.jpg 300w, https:\/\/orascoptic.newyorkdental.hu\/wp-content\/uploads\/2023\/02\/Dragonfly-keret-szinek-768x192.jpg 768w\" sizes=\"(max-width: 834px) 100vw, 834px\" \/><\/p>\n","protected":false},"excerpt":{"rendered":"<p><strong>Integr\u00e1lt loupe a szabad \u00e9s korl\u00e1tok n\u00e9lk\u00fcli munkav\u00e9gz\u00e9shez.<\/strong><br \/>\nAz alkalmazott elektronika \u00e9s az akkumul\u00e1torok teljes eg\u00e9sz\u00e9ben az egyedi tervez\u00e9s\u0171 keretben tal\u00e1lhat\u00f3k, \u00edgy nincsenek l\u00e1that\u00f3 vezet\u00e9kek vagy k\u00e1belek.<br \/>\nAz innovat\u00edv counter-balance kialak\u00edt\u00e1s eg\u00e9sz napos k\u00e9nyelmet biztos\u00edt a felhaszn\u00e1l\u00f3 orrnyerg\u00e9re gyakorolt nyom\u00e1s minimaliz\u00e1l\u00e1s\u00e1val.<\/p>\n<p>Pr\u00e9mium PRO modell\u00fcnk az <strong>\u00f6sszes nagy\u00edt\u00e1si szintet t\u00e1mogatja<\/strong>, k\u00e9t f\u00e9nyer\u0151ss\u00e9g v\u00e1laszt\u00e1s\u00e1ra van lehet\u0151s\u00e9g, extra akkuval rendelkezik.<br \/>\n\u00cdgy \u00f6sszesen 6 db akku j\u00e1r hozz\u00e1, amikkel a munkaid\u0151 f\u00e9nyer\u0151ss\u00e9gt\u0151l f\u00fcgg\u0151en 10 \u00f3ra 35 perc, de ak\u00e1r 18 \u00f3ra is lehet.<br \/>\nTov\u00e1bbi extr\u00e1ja a rendk\u00edv\u00fcl tart\u00f3s Cerakote* fest\u00e9k bevonat.<\/p>\n","protected":false},"featured_media":546,"comment_status":"open","ping_status":"closed","template":"","meta":[],"yoast_head":"<!-- This site is optimized with the Yoast SEO plugin v16.2 - https:\/\/yoast.com\/wordpress\/plugins\/seo\/ -->\n<title>DragonFly\u2122 Pro - Orascoptic<\/title>\n<meta name=\"robots\" content=\"index, follow, max-snippet:-1, max-image-preview:large, max-video-preview:-1\" \/>\n<link rel=\"canonical\" href=\"https:\/\/orascoptic.newyorkdental.hu\/?product=dragonfly-pro\" \/>\n<meta property=\"og:locale\" content=\"hu_HU\" \/>\n<meta property=\"og:type\" content=\"article\" \/>\n<meta property=\"og:title\" content=\"DragonFly\u2122 Pro - Orascoptic\" \/>\n<meta property=\"og:description\" content=\"Integr\u00e1lt loupe a szabad \u00e9s korl\u00e1tok n\u00e9lk\u00fcli munkav\u00e9gz\u00e9shez. Az alkalmazott elektronika \u00e9s az akkumul\u00e1torok teljes eg\u00e9sz\u00e9ben az egyedi tervez\u00e9s\u0171 keretben tal\u00e1lhat\u00f3k, \u00edgy nincsenek l\u00e1that\u00f3 vezet\u00e9kek vagy k\u00e1belek. Az innovat\u00edv counter-balance kialak\u00edt\u00e1s eg\u00e9sz napos k\u00e9nyelmet biztos\u00edt a felhaszn\u00e1l\u00f3 orrnyerg\u00e9re gyakorolt nyom\u00e1s minimaliz\u00e1l\u00e1s\u00e1val.  Pr\u00e9mium PRO modell\u00fcnk az \u00f6sszes nagy\u00edt\u00e1si szintet t\u00e1mogatja, k\u00e9t f\u00e9nyer\u0151ss\u00e9g v\u00e1laszt\u00e1s\u00e1ra van lehet\u0151s\u00e9g, extra akkuval rendelkezik. \u00cdgy \u00f6sszesen 6 db akku j\u00e1r hozz\u00e1, amikkel a munkaid\u0151 f\u00e9nyer\u0151ss\u00e9gt\u0151l f\u00fcgg\u0151en 10 \u00f3ra 35 perc, de ak\u00e1r 18 \u00f3ra is lehet. Tov\u00e1bbi extr\u00e1ja a rendk\u00edv\u00fcl tart\u00f3s Cerakote* fest\u00e9k bevonat.\" \/>\n<meta property=\"og:url\" content=\"https:\/\/orascoptic.newyorkdental.hu\/?product=dragonfly-pro\" \/>\n<meta property=\"og:site_name\" content=\"Orascoptic\" \/>\n<meta property=\"article:modified_time\" content=\"2023-02-21T14:19:31+00:00\" \/>\n<meta property=\"og:image\" content=\"https:\/\/orascoptic.newyorkdental.hu\/wp-content\/uploads\/2023\/02\/P_3.5x_DragonflyPro_Neptune_Right_540x540.jpg\" \/>\n\t<meta property=\"og:image:width\" content=\"540\" \/>\n\t<meta property=\"og:image:height\" content=\"540\" \/>\n<meta name=\"twitter:card\" content=\"summary_large_image\" \/>\n<meta name=\"twitter:label1\" content=\"Becs\u00fclt olvas\u00e1si id\u0151\">\n\t<meta name=\"twitter:data1\" content=\"1 perc\">\n<script type=\"application\/ld+json\" class=\"yoast-schema-graph\">{\"@context\":\"https:\/\/schema.org\",\"@graph\":[{\"@type\":\"WebSite\",\"@id\":\"http:\/\/orascoptic.newyorkdental.hu\/#website\",\"url\":\"http:\/\/orascoptic.newyorkdental.hu\/\",\"name\":\"Orascoptic\",\"description\":\"Professzion\\u00e1lis orvosi lup\\u00e9k\",\"potentialAction\":[{\"@type\":\"SearchAction\",\"target\":\"http:\/\/orascoptic.newyorkdental.hu\/?s={search_term_string}\",\"query-input\":\"required name=search_term_string\"}],\"inLanguage\":\"hu\"},{\"@type\":\"ImageObject\",\"@id\":\"https:\/\/orascoptic.newyorkdental.hu\/?product=dragonfly-pro#primaryimage\",\"inLanguage\":\"hu\",\"url\":\"https:\/\/orascoptic.newyorkdental.hu\/wp-content\/uploads\/2023\/02\/P_3.5x_DragonflyPro_Neptune_Right_540x540.jpg\",\"contentUrl\":\"https:\/\/orascoptic.newyorkdental.hu\/wp-content\/uploads\/2023\/02\/P_3.5x_DragonflyPro_Neptune_Right_540x540.jpg\",\"width\":540,\"height\":540},{\"@type\":\"WebPage\",\"@id\":\"https:\/\/orascoptic.newyorkdental.hu\/?product=dragonfly-pro#webpage\",\"url\":\"https:\/\/orascoptic.newyorkdental.hu\/?product=dragonfly-pro\",\"name\":\"DragonFly\\u2122 Pro - Orascoptic\",\"isPartOf\":{\"@id\":\"http:\/\/orascoptic.newyorkdental.hu\/#website\"},\"primaryImageOfPage\":{\"@id\":\"https:\/\/orascoptic.newyorkdental.hu\/?product=dragonfly-pro#primaryimage\"},\"datePublished\":\"2023-02-14T10:20:04+00:00\",\"dateModified\":\"2023-02-21T14:19:31+00:00\",\"breadcrumb\":{\"@id\":\"https:\/\/orascoptic.newyorkdental.hu\/?product=dragonfly-pro#breadcrumb\"},\"inLanguage\":\"hu\",\"potentialAction\":[{\"@type\":\"ReadAction\",\"target\":[\"https:\/\/orascoptic.newyorkdental.hu\/?product=dragonfly-pro\"]}]},{\"@type\":\"BreadcrumbList\",\"@id\":\"https:\/\/orascoptic.newyorkdental.hu\/?product=dragonfly-pro#breadcrumb\",\"itemListElement\":[{\"@type\":\"ListItem\",\"position\":1,\"item\":{\"@type\":\"WebPage\",\"@id\":\"https:\/\/orascoptic.newyorkdental.hu\/\",\"url\":\"https:\/\/orascoptic.newyorkdental.hu\/\",\"name\":\"Kezd\\u0151lap\"}},{\"@type\":\"ListItem\",\"position\":2,\"item\":{\"@type\":\"WebPage\",\"@id\":\"https:\/\/orascoptic.newyorkdental.hu\/?page_id=256\",\"url\":\"https:\/\/orascoptic.newyorkdental.hu\/?page_id=256\",\"name\":\"\\u00dczlet\"}},{\"@type\":\"ListItem\",\"position\":3,\"item\":{\"@id\":\"https:\/\/orascoptic.newyorkdental.hu\/?product=dragonfly-pro#webpage\"}}]}]}<\/script>\n<!-- \/ Yoast SEO plugin. -->","_links":{"self":[{"href":"https:\/\/orascoptic.newyorkdental.hu\/index.php?rest_route=\/wp\/v2\/product\/539"}],"collection":[{"href":"https:\/\/orascoptic.newyorkdental.hu\/index.php?rest_route=\/wp\/v2\/product"}],"about":[{"href":"https:\/\/orascoptic.newyorkdental.hu\/index.php?rest_route=\/wp\/v2\/types\/product"}],"replies":[{"embeddable":true,"href":"https:\/\/orascoptic.newyorkdental.hu\/index.php?rest_route=%2Fwp%2Fv2%2Fcomments&post=539"}],"wp:featuredmedia":[{"embeddable":true,"href":"https:\/\/orascoptic.newyorkdental.hu\/index.php?rest_route=\/wp\/v2\/media\/546"}],"wp:attachment":[{"href":"https:\/\/orascoptic.newyorkdental.hu\/index.php?rest_route=%2Fwp%2Fv2%2Fmedia&parent=539"}],"curies":[{"name":"wp","href":"https:\/\/api.w.org\/{rel}","templated":true}]}}