{"id":530,"date":"2023-02-13T14:03:24","date_gmt":"2023-02-13T14:03:24","guid":{"rendered":"https:\/\/orascoptic.newyorkdental.hu\/?post_type=product&#038;p=530"},"modified":"2025-04-09T12:41:39","modified_gmt":"2025-04-09T12:41:39","slug":"spark","status":"publish","type":"product","link":"https:\/\/orascoptic.newyorkdental.hu\/?product=spark","title":{"rendered":"Spark\u2122"},"content":{"rendered":"<p>Spark\u2122 vezet\u00e9kn\u00e9lk\u00fcli, akkumul\u00e1torral rendelkez\u0151 l\u00e1mpa, mindegyik loup\u00e9val \u00e9s szem\u00fcvegkerettel haszn\u00e1lhat\u00f3.<\/p>\n<p><strong>Innovat\u00edv, szabadalmaztatott vil\u00e1g\u00edt\u00e1s<\/strong><br \/>\nA l\u00e1mpa t\u00f6k\u00e9letes s\u00falyeloszt\u00e1sa a megfelel\u0151en ergon\u00f3miailag kialak\u00edtott orrnyereg t\u00e1masz biztos\u00edtja a k\u00e9nyelmes visel\u00e9st minden megterhel\u00e9s n\u00e9lk\u00fcl.<\/p>\n<p><strong>Egyenletes f\u00e9ny<\/strong><br \/>\nPontosan f\u00f3kusz\u00e1lhat\u00f3 f\u00e9ny, megfelel\u0151en gondoskodik a kezel\u00e9s k\u00f6zbeni t\u00f6k\u00e9letes vil\u00e1g\u00edt\u00e1sr\u00f3l (l\u00e1that\u00f3s\u00e1gr\u00f3l).<\/p>\n<p><strong>Vil\u00e1g\u00edt\u00e1s biztons\u00e1gi szab\u00e1lyzata<\/strong><br \/>\nInternational Electrotechnical Commission (IEC) \u00e1ltal el\u0151\u00edrt biztons\u00e1gi szabv\u00e1nyok betart\u00e1sa a vil\u00e1g\u00edt\u00e1s (k\u00e9k f\u00e9ny) tesztel\u00e9sekor.<\/p>\n<p><strong>\u00c1lland\u00f3 (folyamatos) f\u00e9nyer\u0151<\/strong><br \/>\nF\u00e9nyereje nem cs\u00f6kken a haszn\u00e1lat alatt.<\/p>\n<p><strong>Fejlett kapacit\u00e1s\u00fa \u00e9rint\u0151 vez\u00e9rl\u00e9ssel<\/strong><br \/>\nK\u00f6nny\u0171 a ki- \u00e9s bekapcsol\u00e1sa a konzult\u00e1ci\u00f3k \u00e9s kezel\u00e9sek alatt.<\/p>\n<p><strong>AKKUMUL\u00c1TOR<\/strong><br \/>\nFelt\u00f6lt\u00e9se Mikro USB t\u00f6lt\u0151 nagyobb k\u00e9nyelmet biztos\u00edt menet k\u00f6zben.<\/p>\n<p><strong>T\u00f6lt\u00f6tts\u00e9gi szint<\/strong><br \/>\nJelz\u00e9se 20% t\u00f6lt\u00f6tts\u00e9g alatt az akkumul\u00e1tor kijelz\u0151 vil\u00e1git.<\/p>\n","protected":false},"excerpt":{"rendered":"<ul>\n<li style=\"font-weight: 400;\" aria-level=\"2\"><span style=\"font-weight: 400;\">F\u00e9ny intenzit\u00e1s: 40 Lumen<\/span><\/li>\n<li style=\"font-weight: 400;\" aria-level=\"2\"><span style=\"font-weight: 400;\">Akku t\u00edpusa: Lithium-ion<\/span><\/li>\n<li style=\"font-weight: 400;\" aria-level=\"2\"><span style=\"font-weight: 400;\">S\u00faly: 31,8 gramm<\/span><\/li>\n<li aria-level=\"2\">Akku \u00e9lettartam: 6 \u00f3ra<\/li>\n<li aria-level=\"2\">T\u00f6lt\u00e9si id\u0151: T\u00f6bb, mint 2 \u00f3ra<\/li>\n<\/ul>\n","protected":false},"featured_media":527,"comment_status":"open","ping_status":"closed","template":"","meta":[],"yoast_head":"<!-- This site is optimized with the Yoast SEO plugin v16.2 - https:\/\/yoast.com\/wordpress\/plugins\/seo\/ -->\n<title>Spark\u2122 - Orascoptic<\/title>\n<meta name=\"robots\" content=\"index, follow, max-snippet:-1, max-image-preview:large, max-video-preview:-1\" \/>\n<link rel=\"canonical\" href=\"https:\/\/orascoptic.newyorkdental.hu\/?product=spark\" \/>\n<meta property=\"og:locale\" content=\"hu_HU\" \/>\n<meta property=\"og:type\" content=\"article\" \/>\n<meta property=\"og:title\" content=\"Spark\u2122 - Orascoptic\" \/>\n<meta property=\"og:description\" content=\"F\u00e9ny intenzit\u00e1s: 40 Lumen  Akku t\u00edpusa: Lithium-ion  S\u00faly: 31,8 gramm  Akku \u00e9lettartam: 6 \u00f3ra  T\u00f6lt\u00e9si id\u0151: T\u00f6bb, mint 2 \u00f3ra\" \/>\n<meta property=\"og:url\" content=\"https:\/\/orascoptic.newyorkdental.hu\/?product=spark\" \/>\n<meta property=\"og:site_name\" content=\"Orascoptic\" \/>\n<meta property=\"article:modified_time\" content=\"2025-04-09T12:41:39+00:00\" \/>\n<meta property=\"og:image\" content=\"https:\/\/orascoptic.newyorkdental.hu\/wp-content\/uploads\/2023\/02\/Spark-category_816x464.jpg\" \/>\n\t<meta property=\"og:image:width\" content=\"816\" \/>\n\t<meta property=\"og:image:height\" content=\"464\" \/>\n<meta name=\"twitter:card\" content=\"summary_large_image\" \/>\n<meta name=\"twitter:label1\" content=\"Becs\u00fclt olvas\u00e1si id\u0151\">\n\t<meta name=\"twitter:data1\" content=\"1 perc\">\n<script type=\"application\/ld+json\" class=\"yoast-schema-graph\">{\"@context\":\"https:\/\/schema.org\",\"@graph\":[{\"@type\":\"WebSite\",\"@id\":\"http:\/\/orascoptic.newyorkdental.hu\/#website\",\"url\":\"http:\/\/orascoptic.newyorkdental.hu\/\",\"name\":\"Orascoptic\",\"description\":\"Professzion\\u00e1lis orvosi lup\\u00e9k\",\"potentialAction\":[{\"@type\":\"SearchAction\",\"target\":\"http:\/\/orascoptic.newyorkdental.hu\/?s={search_term_string}\",\"query-input\":\"required name=search_term_string\"}],\"inLanguage\":\"hu\"},{\"@type\":\"ImageObject\",\"@id\":\"https:\/\/orascoptic.newyorkdental.hu\/?product=spark#primaryimage\",\"inLanguage\":\"hu\",\"url\":\"https:\/\/orascoptic.newyorkdental.hu\/wp-content\/uploads\/2023\/02\/Spark-category_816x464.jpg\",\"contentUrl\":\"https:\/\/orascoptic.newyorkdental.hu\/wp-content\/uploads\/2023\/02\/Spark-category_816x464.jpg\",\"width\":816,\"height\":464},{\"@type\":\"WebPage\",\"@id\":\"https:\/\/orascoptic.newyorkdental.hu\/?product=spark#webpage\",\"url\":\"https:\/\/orascoptic.newyorkdental.hu\/?product=spark\",\"name\":\"Spark\\u2122 - Orascoptic\",\"isPartOf\":{\"@id\":\"http:\/\/orascoptic.newyorkdental.hu\/#website\"},\"primaryImageOfPage\":{\"@id\":\"https:\/\/orascoptic.newyorkdental.hu\/?product=spark#primaryimage\"},\"datePublished\":\"2023-02-13T14:03:24+00:00\",\"dateModified\":\"2025-04-09T12:41:39+00:00\",\"breadcrumb\":{\"@id\":\"https:\/\/orascoptic.newyorkdental.hu\/?product=spark#breadcrumb\"},\"inLanguage\":\"hu\",\"potentialAction\":[{\"@type\":\"ReadAction\",\"target\":[\"https:\/\/orascoptic.newyorkdental.hu\/?product=spark\"]}]},{\"@type\":\"BreadcrumbList\",\"@id\":\"https:\/\/orascoptic.newyorkdental.hu\/?product=spark#breadcrumb\",\"itemListElement\":[{\"@type\":\"ListItem\",\"position\":1,\"item\":{\"@type\":\"WebPage\",\"@id\":\"https:\/\/orascoptic.newyorkdental.hu\/\",\"url\":\"https:\/\/orascoptic.newyorkdental.hu\/\",\"name\":\"Kezd\\u0151lap\"}},{\"@type\":\"ListItem\",\"position\":2,\"item\":{\"@type\":\"WebPage\",\"@id\":\"https:\/\/orascoptic.newyorkdental.hu\/?page_id=256\",\"url\":\"https:\/\/orascoptic.newyorkdental.hu\/?page_id=256\",\"name\":\"\\u00dczlet\"}},{\"@type\":\"ListItem\",\"position\":3,\"item\":{\"@id\":\"https:\/\/orascoptic.newyorkdental.hu\/?product=spark#webpage\"}}]}]}<\/script>\n<!-- \/ Yoast SEO plugin. -->","_links":{"self":[{"href":"https:\/\/orascoptic.newyorkdental.hu\/index.php?rest_route=\/wp\/v2\/product\/530"}],"collection":[{"href":"https:\/\/orascoptic.newyorkdental.hu\/index.php?rest_route=\/wp\/v2\/product"}],"about":[{"href":"https:\/\/orascoptic.newyorkdental.hu\/index.php?rest_route=\/wp\/v2\/types\/product"}],"replies":[{"embeddable":true,"href":"https:\/\/orascoptic.newyorkdental.hu\/index.php?rest_route=%2Fwp%2Fv2%2Fcomments&post=530"}],"wp:featuredmedia":[{"embeddable":true,"href":"https:\/\/orascoptic.newyorkdental.hu\/index.php?rest_route=\/wp\/v2\/media\/527"}],"wp:attachment":[{"href":"https:\/\/orascoptic.newyorkdental.hu\/index.php?rest_route=%2Fwp%2Fv2%2Fmedia&parent=530"}],"curies":[{"name":"wp","href":"https:\/\/api.w.org\/{rel}","templated":true}]}}