{"id":443,"date":"2022-10-17T11:10:05","date_gmt":"2022-10-17T11:10:05","guid":{"rendered":"https:\/\/orascoptic.newyorkdental.hu\/?post_type=product&#038;p=443"},"modified":"2023-02-22T10:14:14","modified_gmt":"2023-02-22T10:14:14","slug":"ergoedge-valaszthato-keret","status":"publish","type":"product","link":"https:\/\/orascoptic.newyorkdental.hu\/?product=ergoedge-valaszthato-keret","title":{"rendered":"ErgoEdge v\u00e1laszthat\u00f3 keret"},"content":{"rendered":"<ul>\n<li style=\"font-weight: 400;\" aria-level=\"1\">Az ErgoEdge lehet\u0151v\u00e9 teszi a k\u00e9nyelmes testtart\u00e1s szem\u00e9lyes egyens\u00faly\u00e1nak el\u00e9r\u00e9s\u00e9t egy olyan innovat\u00edv sportv\u00e1zon, amelyet kifejezetten a lup\u00e9khoz terveztek. Ez a szabadalmaztat\u00e1s alatt \u00e1ll\u00f3 keret p\u00e1ratlan \u00e1ll\u00edthat\u00f3 funkci\u00f3kkal van felszerelve \u2013 ezek k\u00f6z\u00fcl a legfontosabbak a nagy\u00edt\u00f3k deklin\u00e1ci\u00f3s sz\u00f6g\u00e9nek finomhangol\u00e1sa a ComforTilt\u2122 technol\u00f3gia seg\u00edts\u00e9g\u00e9vel.<\/li>\n<li style=\"font-weight: 400;\" aria-level=\"1\"><span style=\"font-weight: 400;\">Az \u00e1ll\u00edthat\u00f3 orrp\u00e1rna seg\u00edts\u00e9g\u00e9vel a keret felfel\u00e9 \u00e9s lefel\u00e9 mozgathat\u00f3, hogy optim\u00e1lisan illeszkedjen a felhaszn\u00e1l\u00f3 arcgeometri\u00e1j\u00e1hoz. <\/span><\/li>\n<li style=\"font-weight: 400;\" aria-level=\"1\">Ez a modell fejp\u00e1nttal is rendelkezik, amely a hal\u00e1nt\u00e9kkarok hegyeibe kapcsol\u00f3dik a biztons\u00e1gosabb illeszked\u00e9s \u00e9rdek\u00e9ben.<\/li>\n<li aria-level=\"1\">Alum\u00ednium-rozsdamentes ac\u00e9l<\/li>\n<li aria-level=\"1\">Lencs\u00e9n kereszt\u00fcli foglalati lehet\u0151s\u00e9g<\/li>\n<li aria-level=\"1\">2 m\u00e9ret (Small \/ Medium)<\/li>\n<li style=\"font-weight: 400;\" aria-level=\"1\"><span style=\"font-weight: 400;\">v\u00e1laszthat\u00f3 sz\u00ednek:<br \/>\n<img loading=\"lazy\" class=\"alignnone wp-image-876 size-full\" src=\"https:\/\/orascoptic.newyorkdental.hu\/wp-content\/uploads\/2022\/10\/Ergoedge-keret-szinek.png\" alt=\"\" width=\"834\" height=\"209\" srcset=\"https:\/\/orascoptic.newyorkdental.hu\/wp-content\/uploads\/2022\/10\/Ergoedge-keret-szinek.png 834w, https:\/\/orascoptic.newyorkdental.hu\/wp-content\/uploads\/2022\/10\/Ergoedge-keret-szinek-600x150.png 600w, https:\/\/orascoptic.newyorkdental.hu\/wp-content\/uploads\/2022\/10\/Ergoedge-keret-szinek-300x75.png 300w, https:\/\/orascoptic.newyorkdental.hu\/wp-content\/uploads\/2022\/10\/Ergoedge-keret-szinek-768x192.png 768w\" sizes=\"(max-width: 834px) 100vw, 834px\" \/><br \/>\n<\/span><\/li>\n<\/ul>\n<p>&nbsp;<\/p>\n","protected":false},"excerpt":{"rendered":"<p>Az ErgoEdge lehet\u0151v\u00e9 teszi a k\u00e9nyelmes testtart\u00e1s szem\u00e9lyes egyens\u00faly\u00e1nak el\u00e9r\u00e9s\u00e9t egy olyan innovat\u00edv sportv\u00e1zon, amelyet kifejezetten a lup\u00e9khoz terveztek. Ez a szabadalmaztat\u00e1s alatt \u00e1ll\u00f3 keret p\u00e1ratlan \u00e1ll\u00edthat\u00f3 funkci\u00f3kkal van felszerelve \u2013 ezek k\u00f6z\u00fcl a legfontosabbak a nagy\u00edt\u00f3k deklin\u00e1ci\u00f3s sz\u00f6g\u00e9nek finomhangol\u00e1sa a ComforTilt\u2122 technol\u00f3gia seg\u00edts\u00e9g\u00e9vel. Az \u00e1ll\u00edthat\u00f3 orrp\u00e1rna seg\u00edts\u00e9g\u00e9vel a keret felfel\u00e9 \u00e9s lefel\u00e9 mozgathat\u00f3, hogy [&hellip;]<\/p>\n","protected":false},"featured_media":447,"comment_status":"open","ping_status":"closed","template":"","meta":[],"yoast_head":"<!-- This site is optimized with the Yoast SEO plugin v16.2 - https:\/\/yoast.com\/wordpress\/plugins\/seo\/ -->\n<title>ErgoEdge v\u00e1laszthat\u00f3 keret - Orascoptic<\/title>\n<meta name=\"robots\" content=\"index, follow, max-snippet:-1, max-image-preview:large, max-video-preview:-1\" \/>\n<link rel=\"canonical\" href=\"https:\/\/orascoptic.newyorkdental.hu\/?product=ergoedge-valaszthato-keret\" \/>\n<meta property=\"og:locale\" content=\"hu_HU\" \/>\n<meta property=\"og:type\" content=\"article\" \/>\n<meta property=\"og:title\" content=\"ErgoEdge v\u00e1laszthat\u00f3 keret - Orascoptic\" \/>\n<meta property=\"og:description\" content=\"Az ErgoEdge lehet\u0151v\u00e9 teszi a k\u00e9nyelmes testtart\u00e1s szem\u00e9lyes egyens\u00faly\u00e1nak el\u00e9r\u00e9s\u00e9t egy olyan innovat\u00edv sportv\u00e1zon, amelyet kifejezetten a lup\u00e9khoz terveztek. Ez a szabadalmaztat\u00e1s alatt \u00e1ll\u00f3 keret p\u00e1ratlan \u00e1ll\u00edthat\u00f3 funkci\u00f3kkal van felszerelve \u2013 ezek k\u00f6z\u00fcl a legfontosabbak a nagy\u00edt\u00f3k deklin\u00e1ci\u00f3s sz\u00f6g\u00e9nek finomhangol\u00e1sa a ComforTilt\u2122 technol\u00f3gia seg\u00edts\u00e9g\u00e9vel. Az \u00e1ll\u00edthat\u00f3 orrp\u00e1rna seg\u00edts\u00e9g\u00e9vel a keret felfel\u00e9 \u00e9s lefel\u00e9 mozgathat\u00f3, hogy [&hellip;]\" \/>\n<meta property=\"og:url\" content=\"https:\/\/orascoptic.newyorkdental.hu\/?product=ergoedge-valaszthato-keret\" \/>\n<meta property=\"og:site_name\" content=\"Orascoptic\" \/>\n<meta property=\"article:modified_time\" content=\"2023-02-22T10:14:14+00:00\" \/>\n<meta property=\"og:image\" content=\"https:\/\/orascoptic.newyorkdental.hu\/wp-content\/uploads\/2022\/10\/ErgoEdge-FittingFrame-Blue-R.jpg\" \/>\n\t<meta property=\"og:image:width\" content=\"1200\" \/>\n\t<meta property=\"og:image:height\" content=\"628\" \/>\n<meta name=\"twitter:card\" content=\"summary_large_image\" \/>\n<meta name=\"twitter:label1\" content=\"Becs\u00fclt olvas\u00e1si id\u0151\">\n\t<meta name=\"twitter:data1\" content=\"1 perc\">\n<script type=\"application\/ld+json\" class=\"yoast-schema-graph\">{\"@context\":\"https:\/\/schema.org\",\"@graph\":[{\"@type\":\"WebSite\",\"@id\":\"http:\/\/orascoptic.newyorkdental.hu\/#website\",\"url\":\"http:\/\/orascoptic.newyorkdental.hu\/\",\"name\":\"Orascoptic\",\"description\":\"Professzion\\u00e1lis orvosi lup\\u00e9k\",\"potentialAction\":[{\"@type\":\"SearchAction\",\"target\":\"http:\/\/orascoptic.newyorkdental.hu\/?s={search_term_string}\",\"query-input\":\"required name=search_term_string\"}],\"inLanguage\":\"hu\"},{\"@type\":\"ImageObject\",\"@id\":\"https:\/\/orascoptic.newyorkdental.hu\/?product=ergoedge-valaszthato-keret#primaryimage\",\"inLanguage\":\"hu\",\"url\":\"https:\/\/orascoptic.newyorkdental.hu\/wp-content\/uploads\/2022\/10\/ErgoEdge-FittingFrame-Blue-R.jpg\",\"contentUrl\":\"https:\/\/orascoptic.newyorkdental.hu\/wp-content\/uploads\/2022\/10\/ErgoEdge-FittingFrame-Blue-R.jpg\",\"width\":1200,\"height\":628},{\"@type\":\"WebPage\",\"@id\":\"https:\/\/orascoptic.newyorkdental.hu\/?product=ergoedge-valaszthato-keret#webpage\",\"url\":\"https:\/\/orascoptic.newyorkdental.hu\/?product=ergoedge-valaszthato-keret\",\"name\":\"ErgoEdge v\\u00e1laszthat\\u00f3 keret - Orascoptic\",\"isPartOf\":{\"@id\":\"http:\/\/orascoptic.newyorkdental.hu\/#website\"},\"primaryImageOfPage\":{\"@id\":\"https:\/\/orascoptic.newyorkdental.hu\/?product=ergoedge-valaszthato-keret#primaryimage\"},\"datePublished\":\"2022-10-17T11:10:05+00:00\",\"dateModified\":\"2023-02-22T10:14:14+00:00\",\"breadcrumb\":{\"@id\":\"https:\/\/orascoptic.newyorkdental.hu\/?product=ergoedge-valaszthato-keret#breadcrumb\"},\"inLanguage\":\"hu\",\"potentialAction\":[{\"@type\":\"ReadAction\",\"target\":[\"https:\/\/orascoptic.newyorkdental.hu\/?product=ergoedge-valaszthato-keret\"]}]},{\"@type\":\"BreadcrumbList\",\"@id\":\"https:\/\/orascoptic.newyorkdental.hu\/?product=ergoedge-valaszthato-keret#breadcrumb\",\"itemListElement\":[{\"@type\":\"ListItem\",\"position\":1,\"item\":{\"@type\":\"WebPage\",\"@id\":\"https:\/\/orascoptic.newyorkdental.hu\/\",\"url\":\"https:\/\/orascoptic.newyorkdental.hu\/\",\"name\":\"Kezd\\u0151lap\"}},{\"@type\":\"ListItem\",\"position\":2,\"item\":{\"@type\":\"WebPage\",\"@id\":\"https:\/\/orascoptic.newyorkdental.hu\/?page_id=256\",\"url\":\"https:\/\/orascoptic.newyorkdental.hu\/?page_id=256\",\"name\":\"\\u00dczlet\"}},{\"@type\":\"ListItem\",\"position\":3,\"item\":{\"@id\":\"https:\/\/orascoptic.newyorkdental.hu\/?product=ergoedge-valaszthato-keret#webpage\"}}]}]}<\/script>\n<!-- \/ Yoast SEO plugin. -->","_links":{"self":[{"href":"https:\/\/orascoptic.newyorkdental.hu\/index.php?rest_route=\/wp\/v2\/product\/443"}],"collection":[{"href":"https:\/\/orascoptic.newyorkdental.hu\/index.php?rest_route=\/wp\/v2\/product"}],"about":[{"href":"https:\/\/orascoptic.newyorkdental.hu\/index.php?rest_route=\/wp\/v2\/types\/product"}],"replies":[{"embeddable":true,"href":"https:\/\/orascoptic.newyorkdental.hu\/index.php?rest_route=%2Fwp%2Fv2%2Fcomments&post=443"}],"wp:featuredmedia":[{"embeddable":true,"href":"https:\/\/orascoptic.newyorkdental.hu\/index.php?rest_route=\/wp\/v2\/media\/447"}],"wp:attachment":[{"href":"https:\/\/orascoptic.newyorkdental.hu\/index.php?rest_route=%2Fwp%2Fv2%2Fmedia&parent=443"}],"curies":[{"name":"wp","href":"https:\/\/api.w.org\/{rel}","templated":true}]}}