{"id":339,"date":"2021-04-06T15:40:25","date_gmt":"2021-04-06T15:40:25","guid":{"rendered":"https:\/\/orascoptic.newyorkdental.hu\/?post_type=product&#038;p=339"},"modified":"2023-02-22T09:54:14","modified_gmt":"2023-02-22T09:54:14","slug":"xv1-valaszthato-keret","status":"publish","type":"product","link":"https:\/\/orascoptic.newyorkdental.hu\/?product=xv1-valaszthato-keret","title":{"rendered":"XV1 v\u00e1laszthat\u00f3 keret"},"content":{"rendered":"<ul>\n<li style=\"font-weight: 400;\" aria-level=\"1\"><span style=\"font-weight: 400;\">Be\u00e9p\u00edtett vezet\u00e9k n\u00e9lk\u00fcli vil\u00e1g\u00edt\u00e1ssal rendelkez\u0151 keret<\/span><\/li>\n<li style=\"font-weight: 400;\" aria-level=\"1\"><span style=\"font-weight: 400;\">L\u00edtiumion akkumul\u00e1tor (\u00f6sszesen 4 db)<\/span><\/li>\n<li style=\"font-weight: 400;\" aria-level=\"1\"><span style=\"font-weight: 400;\">2 f\u00e9nyintenzit\u00e1si m\u00f3dok:\u00a0<\/span>\n<ul>\n<li style=\"font-weight: 400;\" aria-level=\"2\"><span style=\"font-weight: 400;\">Alacsony: 42 lumen<\/span><\/li>\n<li style=\"font-weight: 400;\" aria-level=\"2\"><span style=\"font-weight: 400;\">Magas: 68 lumen<\/span><\/li>\n<\/ul>\n<\/li>\n<li style=\"font-weight: 400;\" aria-level=\"1\"><span style=\"font-weight: 400;\">LED sz\u00edn-visszaad\u00e1si index (CRI):\u00a0<\/span>\n<ul>\n<li style=\"font-weight: 400;\" aria-level=\"2\"><span style=\"font-weight: 400;\">Alap\u00e9rtelmezett: 70+<\/span><\/li>\n<li style=\"font-weight: 400;\" aria-level=\"2\"><span style=\"font-weight: 400;\">TruColor: 90+<\/span><\/li>\n<\/ul>\n<\/li>\n<li style=\"font-weight: 400;\" aria-level=\"1\"><span style=\"font-weight: 400;\">LED Sz\u00ednh\u0151m\u00e9rs\u00e9klet (CCT):\u00a0<\/span>\n<ul>\n<li style=\"font-weight: 400;\" aria-level=\"2\"><span style=\"font-weight: 400;\">Alap\u00e9rtelmezett: 6500K<\/span><\/li>\n<li style=\"font-weight: 400;\" aria-level=\"2\"><span style=\"font-weight: 400;\">TruColor: 5700K<\/span><\/li>\n<\/ul>\n<\/li>\n<li style=\"font-weight: 400;\" aria-level=\"1\"><span style=\"font-weight: 400;\">Akkumul\u00e1toros \u00fczemid\u0151 (2 db):\u00a0<\/span>\n<ul>\n<li style=\"font-weight: 400;\" aria-level=\"2\"><span style=\"font-weight: 400;\">Alacsony intenzit\u00e1s eset\u00e9n: kb. 5 \u00f3ra<\/span><\/li>\n<li style=\"font-weight: 400;\" aria-level=\"2\"><span style=\"font-weight: 400;\">Magas intenzit\u00e1s eset\u00e9n: kb. 3 \u00f3ra<\/span><\/li>\n<\/ul>\n<\/li>\n<li style=\"font-weight: 400;\" aria-level=\"1\"><span style=\"font-weight: 400;\">T\u00f6lt\u00e9s id\u0151ig\u00e9nye (2 db): &lt;2 \u00f3ra<\/span><\/li>\n<li style=\"font-weight: 400;\" aria-level=\"1\"><span style=\"font-weight: 400;\">A sz\u00e1rak b\u00e1rmelyik\u00e9n az embl\u00e9ma hosszan tart\u00f3 meg\u00e9rint\u00e9s\u00e9vel kapcsolhatja be, illetve ki a fejl\u00e1mp\u00e1t<\/span><\/li>\n<li style=\"font-weight: 400;\" aria-level=\"1\"><span style=\"font-weight: 400;\">A sz\u00e1rak b\u00e1rmelyik\u00e9n az embl\u00e9ma r\u00f6vid meg\u00e9rint\u00e9s\u00e9vel v\u00e1lthat az alacsony \u00e9s a magas f\u00e9nyintenzit\u00e1s k\u00f6z\u00f6tt.<\/span><\/li>\n<li style=\"font-weight: 400;\" aria-level=\"1\"><span style=\"font-weight: 400;\">Mindk\u00e9t sz\u00e1ron tal\u00e1lhat\u00f3 alacsony akkumul\u00e1tort\u00f6lt\u00f6tts\u00e9gre figyelmeztet\u0151 jelz\u0151f\u00e9ny, amely v\u00f6r\u00f6sen vil\u00e1g\u00edt, ha az adott akkumul\u00e1tor t\u00f6lt\u00e9st ig\u00e9nyel<\/span><\/li>\n<li style=\"font-weight: 400;\" aria-level=\"1\"><span style=\"font-weight: 400;\">A sz\u00e1rak hajl\u00edthat\u00f3ak,<\/span><\/li>\n<li style=\"font-weight: 400;\" aria-level=\"1\"><span style=\"font-weight: 400;\">Az orr p\u00e1rna \u00e1ll\u00edthat\u00f3<\/span><\/li>\n<li style=\"font-weight: 400;\" aria-level=\"1\"><span style=\"font-weight: 400;\">V\u00e1laszthat\u00f3 sz\u00ednek: Black, Blue, Merlot, Steel<\/span><\/li>\n<\/ul>\n<p><img loading=\"lazy\" class=\"alignnone wp-image-341 size-full\" src=\"https:\/\/orascoptic.newyorkdental.hu\/wp-content\/uploads\/2021\/04\/XV1-keret-valaszthato-szinek-Orascoptic-termekek.jpg\" alt=\"\" width=\"560\" height=\"191\" srcset=\"https:\/\/orascoptic.newyorkdental.hu\/wp-content\/uploads\/2021\/04\/XV1-keret-valaszthato-szinek-Orascoptic-termekek.jpg 560w, https:\/\/orascoptic.newyorkdental.hu\/wp-content\/uploads\/2021\/04\/XV1-keret-valaszthato-szinek-Orascoptic-termekek-300x102.jpg 300w\" sizes=\"(max-width: 560px) 100vw, 560px\" \/><\/p>\n","protected":false},"excerpt":{"rendered":"<p>Be\u00e9p\u00edtett vezet\u00e9k n\u00e9lk\u00fcli vil\u00e1g\u00edt\u00e1ssal rendelkez\u0151 keret L\u00edtiumion akkumul\u00e1tor (\u00f6sszesen 4 db) 2 f\u00e9nyintenzit\u00e1si m\u00f3dok:\u00a0 Alacsony: 42 lumen Magas: 68 lumen LED sz\u00edn-visszaad\u00e1si index (CRI):\u00a0 Alap\u00e9rtelmezett: 70+ TruColor: 90+ LED Sz\u00ednh\u0151m\u00e9rs\u00e9klet (CCT):\u00a0 Alap\u00e9rtelmezett: 6500K TruColor: 5700K Akkumul\u00e1toros \u00fczemid\u0151 (2 db):\u00a0 Alacsony intenzit\u00e1s eset\u00e9n: kb. 5 \u00f3ra Magas intenzit\u00e1s eset\u00e9n: kb. 3 \u00f3ra T\u00f6lt\u00e9s id\u0151ig\u00e9nye (2 db): [&hellip;]<\/p>\n","protected":false},"featured_media":497,"comment_status":"open","ping_status":"closed","template":"","meta":[],"yoast_head":"<!-- This site is optimized with the Yoast SEO plugin v16.2 - https:\/\/yoast.com\/wordpress\/plugins\/seo\/ -->\n<title>XV1 v\u00e1laszthat\u00f3 keret - Orascoptic<\/title>\n<meta name=\"robots\" content=\"index, follow, max-snippet:-1, max-image-preview:large, max-video-preview:-1\" \/>\n<link rel=\"canonical\" href=\"https:\/\/orascoptic.newyorkdental.hu\/?product=xv1-valaszthato-keret\" \/>\n<meta property=\"og:locale\" content=\"hu_HU\" \/>\n<meta property=\"og:type\" content=\"article\" \/>\n<meta property=\"og:title\" content=\"XV1 v\u00e1laszthat\u00f3 keret - Orascoptic\" \/>\n<meta property=\"og:description\" content=\"Be\u00e9p\u00edtett vezet\u00e9k n\u00e9lk\u00fcli vil\u00e1g\u00edt\u00e1ssal rendelkez\u0151 keret L\u00edtiumion akkumul\u00e1tor (\u00f6sszesen 4 db) 2 f\u00e9nyintenzit\u00e1si m\u00f3dok:\u00a0 Alacsony: 42 lumen Magas: 68 lumen LED sz\u00edn-visszaad\u00e1si index (CRI):\u00a0 Alap\u00e9rtelmezett: 70+ TruColor: 90+ LED Sz\u00ednh\u0151m\u00e9rs\u00e9klet (CCT):\u00a0 Alap\u00e9rtelmezett: 6500K TruColor: 5700K Akkumul\u00e1toros \u00fczemid\u0151 (2 db):\u00a0 Alacsony intenzit\u00e1s eset\u00e9n: kb. 5 \u00f3ra Magas intenzit\u00e1s eset\u00e9n: kb. 3 \u00f3ra T\u00f6lt\u00e9s id\u0151ig\u00e9nye (2 db): [&hellip;]\" \/>\n<meta property=\"og:url\" content=\"https:\/\/orascoptic.newyorkdental.hu\/?product=xv1-valaszthato-keret\" \/>\n<meta property=\"og:site_name\" content=\"Orascoptic\" \/>\n<meta property=\"article:modified_time\" content=\"2023-02-22T09:54:14+00:00\" \/>\n<meta property=\"og:image\" content=\"https:\/\/orascoptic.newyorkdental.hu\/wp-content\/uploads\/2021\/04\/XV1-black-1080x700px.png\" \/>\n\t<meta property=\"og:image:width\" content=\"540\" \/>\n\t<meta property=\"og:image:height\" content=\"350\" \/>\n<meta name=\"twitter:card\" content=\"summary_large_image\" \/>\n<meta name=\"twitter:label1\" content=\"Becs\u00fclt olvas\u00e1si id\u0151\">\n\t<meta name=\"twitter:data1\" content=\"1 perc\">\n<script type=\"application\/ld+json\" class=\"yoast-schema-graph\">{\"@context\":\"https:\/\/schema.org\",\"@graph\":[{\"@type\":\"WebSite\",\"@id\":\"http:\/\/orascoptic.newyorkdental.hu\/#website\",\"url\":\"http:\/\/orascoptic.newyorkdental.hu\/\",\"name\":\"Orascoptic\",\"description\":\"Professzion\\u00e1lis orvosi lup\\u00e9k\",\"potentialAction\":[{\"@type\":\"SearchAction\",\"target\":\"http:\/\/orascoptic.newyorkdental.hu\/?s={search_term_string}\",\"query-input\":\"required name=search_term_string\"}],\"inLanguage\":\"hu\"},{\"@type\":\"ImageObject\",\"@id\":\"https:\/\/orascoptic.newyorkdental.hu\/?product=xv1-valaszthato-keret#primaryimage\",\"inLanguage\":\"hu\",\"url\":\"https:\/\/orascoptic.newyorkdental.hu\/wp-content\/uploads\/2021\/04\/XV1-black-1080x700px.png\",\"contentUrl\":\"https:\/\/orascoptic.newyorkdental.hu\/wp-content\/uploads\/2021\/04\/XV1-black-1080x700px.png\",\"width\":540,\"height\":350},{\"@type\":\"WebPage\",\"@id\":\"https:\/\/orascoptic.newyorkdental.hu\/?product=xv1-valaszthato-keret#webpage\",\"url\":\"https:\/\/orascoptic.newyorkdental.hu\/?product=xv1-valaszthato-keret\",\"name\":\"XV1 v\\u00e1laszthat\\u00f3 keret - Orascoptic\",\"isPartOf\":{\"@id\":\"http:\/\/orascoptic.newyorkdental.hu\/#website\"},\"primaryImageOfPage\":{\"@id\":\"https:\/\/orascoptic.newyorkdental.hu\/?product=xv1-valaszthato-keret#primaryimage\"},\"datePublished\":\"2021-04-06T15:40:25+00:00\",\"dateModified\":\"2023-02-22T09:54:14+00:00\",\"breadcrumb\":{\"@id\":\"https:\/\/orascoptic.newyorkdental.hu\/?product=xv1-valaszthato-keret#breadcrumb\"},\"inLanguage\":\"hu\",\"potentialAction\":[{\"@type\":\"ReadAction\",\"target\":[\"https:\/\/orascoptic.newyorkdental.hu\/?product=xv1-valaszthato-keret\"]}]},{\"@type\":\"BreadcrumbList\",\"@id\":\"https:\/\/orascoptic.newyorkdental.hu\/?product=xv1-valaszthato-keret#breadcrumb\",\"itemListElement\":[{\"@type\":\"ListItem\",\"position\":1,\"item\":{\"@type\":\"WebPage\",\"@id\":\"https:\/\/orascoptic.newyorkdental.hu\/\",\"url\":\"https:\/\/orascoptic.newyorkdental.hu\/\",\"name\":\"Kezd\\u0151lap\"}},{\"@type\":\"ListItem\",\"position\":2,\"item\":{\"@type\":\"WebPage\",\"@id\":\"https:\/\/orascoptic.newyorkdental.hu\/?page_id=256\",\"url\":\"https:\/\/orascoptic.newyorkdental.hu\/?page_id=256\",\"name\":\"\\u00dczlet\"}},{\"@type\":\"ListItem\",\"position\":3,\"item\":{\"@id\":\"https:\/\/orascoptic.newyorkdental.hu\/?product=xv1-valaszthato-keret#webpage\"}}]}]}<\/script>\n<!-- \/ Yoast SEO plugin. -->","_links":{"self":[{"href":"https:\/\/orascoptic.newyorkdental.hu\/index.php?rest_route=\/wp\/v2\/product\/339"}],"collection":[{"href":"https:\/\/orascoptic.newyorkdental.hu\/index.php?rest_route=\/wp\/v2\/product"}],"about":[{"href":"https:\/\/orascoptic.newyorkdental.hu\/index.php?rest_route=\/wp\/v2\/types\/product"}],"replies":[{"embeddable":true,"href":"https:\/\/orascoptic.newyorkdental.hu\/index.php?rest_route=%2Fwp%2Fv2%2Fcomments&post=339"}],"wp:featuredmedia":[{"embeddable":true,"href":"https:\/\/orascoptic.newyorkdental.hu\/index.php?rest_route=\/wp\/v2\/media\/497"}],"wp:attachment":[{"href":"https:\/\/orascoptic.newyorkdental.hu\/index.php?rest_route=%2Fwp%2Fv2%2Fmedia&parent=339"}],"curies":[{"name":"wp","href":"https:\/\/api.w.org\/{rel}","templated":true}]}}