{"id":333,"date":"2021-04-06T15:34:50","date_gmt":"2021-04-06T15:34:50","guid":{"rendered":"https:\/\/orascoptic.newyorkdental.hu\/?post_type=product&#038;p=333"},"modified":"2025-04-28T06:53:18","modified_gmt":"2025-04-28T06:53:18","slug":"tempo-valaszthato-keret","status":"publish","type":"product","link":"https:\/\/orascoptic.newyorkdental.hu\/?product=tempo-valaszthato-keret","title":{"rendered":"TEMPO v\u00e1laszthat\u00f3 keret"},"content":{"rendered":"<ul>\n<li style=\"font-weight: 400;\" aria-level=\"1\"><span style=\"font-weight: 400;\">minimalista design<\/span><\/li>\n<li style=\"font-weight: 400;\" aria-level=\"1\"><span style=\"font-weight: 400;\">k\u00f6nny\u0171 alum\u00ednium keret<\/span><\/li>\n<li aria-level=\"1\">be\u00e9p\u00edtett csatorna a vil\u00e1g\u00edt\u00e1s k\u00e1belnek<\/li>\n<li style=\"font-weight: 400;\" aria-level=\"1\"><span style=\"font-weight: 400;\">a sz\u00e1r hajl\u00edthat\u00f3, az orr p\u00e1rna is \u00e1ll\u00edthat\u00f3<\/span><\/li>\n<li style=\"font-weight: 400;\" aria-level=\"1\"><span style=\"font-weight: 400;\">3 m\u00e9ret (S\/M\/L)<\/span><\/li>\n<li style=\"font-weight: 400;\" aria-level=\"1\"><span style=\"font-weight: 400;\">v\u00e1laszthat\u00f3 sz\u00ednek:<br \/>\n<img loading=\"lazy\" class=\"alignnone wp-image-1185 size-full\" src=\"https:\/\/orascoptic.newyorkdental.hu\/wp-content\/uploads\/2021\/04\/Tempo-keret-szinek-1.jpg\" alt=\"Tempo v\u00e1laszthat\u00f3 keret sz\u00ednek\" width=\"834\" height=\"209\" srcset=\"https:\/\/orascoptic.newyorkdental.hu\/wp-content\/uploads\/2021\/04\/Tempo-keret-szinek-1.jpg 834w, https:\/\/orascoptic.newyorkdental.hu\/wp-content\/uploads\/2021\/04\/Tempo-keret-szinek-1-300x75.jpg 300w, https:\/\/orascoptic.newyorkdental.hu\/wp-content\/uploads\/2021\/04\/Tempo-keret-szinek-1-768x192.jpg 768w, https:\/\/orascoptic.newyorkdental.hu\/wp-content\/uploads\/2021\/04\/Tempo-keret-szinek-1-600x150.jpg 600w\" sizes=\"(max-width: 834px) 100vw, 834px\" \/><br \/>\n<\/span><\/li>\n<\/ul>\n","protected":false},"excerpt":{"rendered":"<p>minimalista design k\u00f6nny\u0171 alum\u00ednium keret be\u00e9p\u00edtett csatorna a vil\u00e1g\u00edt\u00e1s k\u00e1belnek a sz\u00e1r hajl\u00edthat\u00f3, az orr p\u00e1rna is \u00e1ll\u00edthat\u00f3 3 m\u00e9ret (S\/M\/L) v\u00e1laszthat\u00f3 sz\u00ednek:<\/p>\n","protected":false},"featured_media":1186,"comment_status":"open","ping_status":"closed","template":"","meta":[],"yoast_head":"<!-- This site is optimized with the Yoast SEO plugin v16.2 - https:\/\/yoast.com\/wordpress\/plugins\/seo\/ -->\n<title>TEMPO v\u00e1laszthat\u00f3 keret - Orascoptic<\/title>\n<meta name=\"robots\" content=\"index, follow, max-snippet:-1, max-image-preview:large, max-video-preview:-1\" \/>\n<link rel=\"canonical\" href=\"https:\/\/orascoptic.newyorkdental.hu\/?product=tempo-valaszthato-keret\" \/>\n<meta property=\"og:locale\" content=\"hu_HU\" \/>\n<meta property=\"og:type\" content=\"article\" \/>\n<meta property=\"og:title\" content=\"TEMPO v\u00e1laszthat\u00f3 keret - Orascoptic\" \/>\n<meta property=\"og:description\" content=\"minimalista design k\u00f6nny\u0171 alum\u00ednium keret be\u00e9p\u00edtett csatorna a vil\u00e1g\u00edt\u00e1s k\u00e1belnek a sz\u00e1r hajl\u00edthat\u00f3, az orr p\u00e1rna is \u00e1ll\u00edthat\u00f3 3 m\u00e9ret (S\/M\/L) v\u00e1laszthat\u00f3 sz\u00ednek:\" \/>\n<meta property=\"og:url\" content=\"https:\/\/orascoptic.newyorkdental.hu\/?product=tempo-valaszthato-keret\" \/>\n<meta property=\"og:site_name\" content=\"Orascoptic\" \/>\n<meta property=\"article:modified_time\" content=\"2025-04-28T06:53:18+00:00\" \/>\n<meta property=\"og:image\" content=\"https:\/\/orascoptic.newyorkdental.hu\/wp-content\/uploads\/2021\/04\/Tempo-amethyst.jpg\" \/>\n\t<meta property=\"og:image:width\" content=\"540\" \/>\n\t<meta property=\"og:image:height\" content=\"360\" \/>\n<meta name=\"twitter:card\" content=\"summary_large_image\" \/>\n<meta name=\"twitter:label1\" content=\"Becs\u00fclt olvas\u00e1si id\u0151\">\n\t<meta name=\"twitter:data1\" content=\"1 perc\">\n<script type=\"application\/ld+json\" class=\"yoast-schema-graph\">{\"@context\":\"https:\/\/schema.org\",\"@graph\":[{\"@type\":\"WebSite\",\"@id\":\"http:\/\/orascoptic.newyorkdental.hu\/#website\",\"url\":\"http:\/\/orascoptic.newyorkdental.hu\/\",\"name\":\"Orascoptic\",\"description\":\"Professzion\\u00e1lis orvosi lup\\u00e9k\",\"potentialAction\":[{\"@type\":\"SearchAction\",\"target\":\"http:\/\/orascoptic.newyorkdental.hu\/?s={search_term_string}\",\"query-input\":\"required name=search_term_string\"}],\"inLanguage\":\"hu\"},{\"@type\":\"ImageObject\",\"@id\":\"https:\/\/orascoptic.newyorkdental.hu\/?product=tempo-valaszthato-keret#primaryimage\",\"inLanguage\":\"hu\",\"url\":\"https:\/\/orascoptic.newyorkdental.hu\/wp-content\/uploads\/2021\/04\/Tempo-amethyst.jpg\",\"contentUrl\":\"https:\/\/orascoptic.newyorkdental.hu\/wp-content\/uploads\/2021\/04\/Tempo-amethyst.jpg\",\"width\":540,\"height\":360,\"caption\":\"Orascoptic Tempo v\\u00e1laszthat\\u00f3 keret\"},{\"@type\":\"WebPage\",\"@id\":\"https:\/\/orascoptic.newyorkdental.hu\/?product=tempo-valaszthato-keret#webpage\",\"url\":\"https:\/\/orascoptic.newyorkdental.hu\/?product=tempo-valaszthato-keret\",\"name\":\"TEMPO v\\u00e1laszthat\\u00f3 keret - Orascoptic\",\"isPartOf\":{\"@id\":\"http:\/\/orascoptic.newyorkdental.hu\/#website\"},\"primaryImageOfPage\":{\"@id\":\"https:\/\/orascoptic.newyorkdental.hu\/?product=tempo-valaszthato-keret#primaryimage\"},\"datePublished\":\"2021-04-06T15:34:50+00:00\",\"dateModified\":\"2025-04-28T06:53:18+00:00\",\"breadcrumb\":{\"@id\":\"https:\/\/orascoptic.newyorkdental.hu\/?product=tempo-valaszthato-keret#breadcrumb\"},\"inLanguage\":\"hu\",\"potentialAction\":[{\"@type\":\"ReadAction\",\"target\":[\"https:\/\/orascoptic.newyorkdental.hu\/?product=tempo-valaszthato-keret\"]}]},{\"@type\":\"BreadcrumbList\",\"@id\":\"https:\/\/orascoptic.newyorkdental.hu\/?product=tempo-valaszthato-keret#breadcrumb\",\"itemListElement\":[{\"@type\":\"ListItem\",\"position\":1,\"item\":{\"@type\":\"WebPage\",\"@id\":\"https:\/\/orascoptic.newyorkdental.hu\/\",\"url\":\"https:\/\/orascoptic.newyorkdental.hu\/\",\"name\":\"Kezd\\u0151lap\"}},{\"@type\":\"ListItem\",\"position\":2,\"item\":{\"@type\":\"WebPage\",\"@id\":\"https:\/\/orascoptic.newyorkdental.hu\/?page_id=256\",\"url\":\"https:\/\/orascoptic.newyorkdental.hu\/?page_id=256\",\"name\":\"\\u00dczlet\"}},{\"@type\":\"ListItem\",\"position\":3,\"item\":{\"@id\":\"https:\/\/orascoptic.newyorkdental.hu\/?product=tempo-valaszthato-keret#webpage\"}}]}]}<\/script>\n<!-- \/ Yoast SEO plugin. -->","_links":{"self":[{"href":"https:\/\/orascoptic.newyorkdental.hu\/index.php?rest_route=\/wp\/v2\/product\/333"}],"collection":[{"href":"https:\/\/orascoptic.newyorkdental.hu\/index.php?rest_route=\/wp\/v2\/product"}],"about":[{"href":"https:\/\/orascoptic.newyorkdental.hu\/index.php?rest_route=\/wp\/v2\/types\/product"}],"replies":[{"embeddable":true,"href":"https:\/\/orascoptic.newyorkdental.hu\/index.php?rest_route=%2Fwp%2Fv2%2Fcomments&post=333"}],"wp:featuredmedia":[{"embeddable":true,"href":"https:\/\/orascoptic.newyorkdental.hu\/index.php?rest_route=\/wp\/v2\/media\/1186"}],"wp:attachment":[{"href":"https:\/\/orascoptic.newyorkdental.hu\/index.php?rest_route=%2Fwp%2Fv2%2Fmedia&parent=333"}],"curies":[{"name":"wp","href":"https:\/\/api.w.org\/{rel}","templated":true}]}}