{"id":328,"date":"2021-04-06T15:29:44","date_gmt":"2021-04-06T15:29:44","guid":{"rendered":"https:\/\/orascoptic.newyorkdental.hu\/?post_type=product&#038;p=328"},"modified":"2023-02-22T09:49:09","modified_gmt":"2023-02-22T09:49:09","slug":"rydon-valaszthato-keret","status":"publish","type":"product","link":"https:\/\/orascoptic.newyorkdental.hu\/?product=rydon-valaszthato-keret","title":{"rendered":"Rydon v\u00e1laszthat\u00f3 keret"},"content":{"rendered":"<ul>\n<li style=\"font-weight: 400;\" aria-level=\"1\"><span style=\"font-weight: 400;\">Rudy Project m\u00e1rk\u00e1j\u00fa sportosan eleg\u00e1ns keret<\/span><\/li>\n<li style=\"font-weight: 400;\" aria-level=\"1\"><span style=\"font-weight: 400;\">a sz\u00e1r hajl\u00edthat\u00f3, az orr p\u00e1rna is \u00e1ll\u00edthat\u00f3<\/span><\/li>\n<li style=\"font-weight: 400;\" aria-level=\"1\"><span style=\"font-weight: 400;\">egy m\u00e9ret\u00a0<\/span><\/li>\n<li style=\"font-weight: 400;\" aria-level=\"1\"><span style=\"font-weight: 400;\">nagyon k\u00f6nny\u0171 \u00e9s k\u00e9nyelmes keret<\/span><\/li>\n<\/ul>\n<p>V\u00e1laszthat\u00f3 sz\u00ednek: <span style=\"font-weight: 400;\"><br \/>\n<img loading=\"lazy\" class=\"alignnone wp-image-880 size-full\" src=\"https:\/\/orascoptic.newyorkdental.hu\/wp-content\/uploads\/2021\/04\/Rydon-keret-szinek.jpg\" alt=\"\" width=\"834\" height=\"209\" srcset=\"https:\/\/orascoptic.newyorkdental.hu\/wp-content\/uploads\/2021\/04\/Rydon-keret-szinek.jpg 834w, https:\/\/orascoptic.newyorkdental.hu\/wp-content\/uploads\/2021\/04\/Rydon-keret-szinek-600x150.jpg 600w, https:\/\/orascoptic.newyorkdental.hu\/wp-content\/uploads\/2021\/04\/Rydon-keret-szinek-300x75.jpg 300w, https:\/\/orascoptic.newyorkdental.hu\/wp-content\/uploads\/2021\/04\/Rydon-keret-szinek-768x192.jpg 768w\" sizes=\"(max-width: 834px) 100vw, 834px\" \/><\/span><\/p>\n","protected":false},"excerpt":{"rendered":"<p>Rudy Project m\u00e1rk\u00e1j\u00fa sportosan eleg\u00e1ns keret a sz\u00e1r hajl\u00edthat\u00f3, az orr p\u00e1rna is \u00e1ll\u00edthat\u00f3 egy m\u00e9ret\u00a0 nagyon k\u00f6nny\u0171 \u00e9s k\u00e9nyelmes keret V\u00e1laszthat\u00f3 sz\u00ednek:<\/p>\n","protected":false},"featured_media":500,"comment_status":"open","ping_status":"closed","template":"","meta":[],"yoast_head":"<!-- This site is optimized with the Yoast SEO plugin v16.2 - https:\/\/yoast.com\/wordpress\/plugins\/seo\/ -->\n<title>Rydon v\u00e1laszthat\u00f3 keret - Orascoptic<\/title>\n<meta name=\"robots\" content=\"index, follow, max-snippet:-1, max-image-preview:large, max-video-preview:-1\" \/>\n<link rel=\"canonical\" href=\"https:\/\/orascoptic.newyorkdental.hu\/?product=rydon-valaszthato-keret\" \/>\n<meta property=\"og:locale\" content=\"hu_HU\" \/>\n<meta property=\"og:type\" content=\"article\" \/>\n<meta property=\"og:title\" content=\"Rydon v\u00e1laszthat\u00f3 keret - Orascoptic\" \/>\n<meta property=\"og:description\" content=\"Rudy Project m\u00e1rk\u00e1j\u00fa sportosan eleg\u00e1ns keret a sz\u00e1r hajl\u00edthat\u00f3, az orr p\u00e1rna is \u00e1ll\u00edthat\u00f3 egy m\u00e9ret\u00a0 nagyon k\u00f6nny\u0171 \u00e9s k\u00e9nyelmes keret V\u00e1laszthat\u00f3 sz\u00ednek:\" \/>\n<meta property=\"og:url\" content=\"https:\/\/orascoptic.newyorkdental.hu\/?product=rydon-valaszthato-keret\" \/>\n<meta property=\"og:site_name\" content=\"Orascoptic\" \/>\n<meta property=\"article:modified_time\" content=\"2023-02-22T09:49:09+00:00\" \/>\n<meta property=\"og:image\" content=\"https:\/\/orascoptic.newyorkdental.hu\/wp-content\/uploads\/2021\/04\/Rydon-Black-L-1080x700-1.png\" \/>\n\t<meta property=\"og:image:width\" content=\"540\" \/>\n\t<meta property=\"og:image:height\" content=\"350\" \/>\n<meta name=\"twitter:card\" content=\"summary_large_image\" \/>\n<meta name=\"twitter:label1\" content=\"Becs\u00fclt olvas\u00e1si id\u0151\">\n\t<meta name=\"twitter:data1\" content=\"1 perc\">\n<script type=\"application\/ld+json\" class=\"yoast-schema-graph\">{\"@context\":\"https:\/\/schema.org\",\"@graph\":[{\"@type\":\"WebSite\",\"@id\":\"http:\/\/orascoptic.newyorkdental.hu\/#website\",\"url\":\"http:\/\/orascoptic.newyorkdental.hu\/\",\"name\":\"Orascoptic\",\"description\":\"Professzion\\u00e1lis orvosi lup\\u00e9k\",\"potentialAction\":[{\"@type\":\"SearchAction\",\"target\":\"http:\/\/orascoptic.newyorkdental.hu\/?s={search_term_string}\",\"query-input\":\"required name=search_term_string\"}],\"inLanguage\":\"hu\"},{\"@type\":\"ImageObject\",\"@id\":\"https:\/\/orascoptic.newyorkdental.hu\/?product=rydon-valaszthato-keret#primaryimage\",\"inLanguage\":\"hu\",\"url\":\"https:\/\/orascoptic.newyorkdental.hu\/wp-content\/uploads\/2021\/04\/Rydon-Black-L-1080x700-1.png\",\"contentUrl\":\"https:\/\/orascoptic.newyorkdental.hu\/wp-content\/uploads\/2021\/04\/Rydon-Black-L-1080x700-1.png\",\"width\":540,\"height\":350},{\"@type\":\"WebPage\",\"@id\":\"https:\/\/orascoptic.newyorkdental.hu\/?product=rydon-valaszthato-keret#webpage\",\"url\":\"https:\/\/orascoptic.newyorkdental.hu\/?product=rydon-valaszthato-keret\",\"name\":\"Rydon v\\u00e1laszthat\\u00f3 keret - Orascoptic\",\"isPartOf\":{\"@id\":\"http:\/\/orascoptic.newyorkdental.hu\/#website\"},\"primaryImageOfPage\":{\"@id\":\"https:\/\/orascoptic.newyorkdental.hu\/?product=rydon-valaszthato-keret#primaryimage\"},\"datePublished\":\"2021-04-06T15:29:44+00:00\",\"dateModified\":\"2023-02-22T09:49:09+00:00\",\"breadcrumb\":{\"@id\":\"https:\/\/orascoptic.newyorkdental.hu\/?product=rydon-valaszthato-keret#breadcrumb\"},\"inLanguage\":\"hu\",\"potentialAction\":[{\"@type\":\"ReadAction\",\"target\":[\"https:\/\/orascoptic.newyorkdental.hu\/?product=rydon-valaszthato-keret\"]}]},{\"@type\":\"BreadcrumbList\",\"@id\":\"https:\/\/orascoptic.newyorkdental.hu\/?product=rydon-valaszthato-keret#breadcrumb\",\"itemListElement\":[{\"@type\":\"ListItem\",\"position\":1,\"item\":{\"@type\":\"WebPage\",\"@id\":\"https:\/\/orascoptic.newyorkdental.hu\/\",\"url\":\"https:\/\/orascoptic.newyorkdental.hu\/\",\"name\":\"Kezd\\u0151lap\"}},{\"@type\":\"ListItem\",\"position\":2,\"item\":{\"@type\":\"WebPage\",\"@id\":\"https:\/\/orascoptic.newyorkdental.hu\/?page_id=256\",\"url\":\"https:\/\/orascoptic.newyorkdental.hu\/?page_id=256\",\"name\":\"\\u00dczlet\"}},{\"@type\":\"ListItem\",\"position\":3,\"item\":{\"@id\":\"https:\/\/orascoptic.newyorkdental.hu\/?product=rydon-valaszthato-keret#webpage\"}}]}]}<\/script>\n<!-- \/ Yoast SEO plugin. -->","_links":{"self":[{"href":"https:\/\/orascoptic.newyorkdental.hu\/index.php?rest_route=\/wp\/v2\/product\/328"}],"collection":[{"href":"https:\/\/orascoptic.newyorkdental.hu\/index.php?rest_route=\/wp\/v2\/product"}],"about":[{"href":"https:\/\/orascoptic.newyorkdental.hu\/index.php?rest_route=\/wp\/v2\/types\/product"}],"replies":[{"embeddable":true,"href":"https:\/\/orascoptic.newyorkdental.hu\/index.php?rest_route=%2Fwp%2Fv2%2Fcomments&post=328"}],"wp:featuredmedia":[{"embeddable":true,"href":"https:\/\/orascoptic.newyorkdental.hu\/index.php?rest_route=\/wp\/v2\/media\/500"}],"wp:attachment":[{"href":"https:\/\/orascoptic.newyorkdental.hu\/index.php?rest_route=%2Fwp%2Fv2%2Fmedia&parent=328"}],"curies":[{"name":"wp","href":"https:\/\/api.w.org\/{rel}","templated":true}]}}