{"id":326,"date":"2021-04-06T15:14:50","date_gmt":"2021-04-06T15:14:50","guid":{"rendered":"https:\/\/orascoptic.newyorkdental.hu\/?post_type=product&#038;p=326"},"modified":"2023-02-21T11:38:59","modified_gmt":"2023-02-21T11:38:59","slug":"xv1-loupe-light","status":"publish","type":"product","link":"https:\/\/orascoptic.newyorkdental.hu\/?product=xv1-loupe-light","title":{"rendered":"XV1\u2122 Loupe + Light"},"content":{"rendered":"<ul>\n<li style=\"font-weight: 400;\" aria-level=\"2\"><span style=\"font-weight: 400;\">keret \u00e9s vil\u00e1g\u00edt\u00e1s egyben<\/span><\/li>\n<li style=\"font-weight: 400;\" aria-level=\"2\"><span style=\"font-weight: 400;\">rendelhet\u0151 ezekkel a nagy\u00edt\u00e1sokkal: 2,5x, 3,0x, 3,5x, 4,5x, 5,5x, EyeZoom, Eyezoom Mini<\/span><\/li>\n<li style=\"font-weight: 400;\" aria-level=\"2\"><span style=\"font-weight: 400;\">l\u00e1t\u00f3mez\u0151 sz\u00e9less\u00e9ge: l\u00e1sd az adott nagy\u00edt\u00e1sn\u00e1l<\/span><\/li>\n<li style=\"font-weight: 400;\" aria-level=\"2\"><span style=\"font-weight: 400;\">l\u00e1t\u00f3mez\u0151 m\u00e9lys\u00e9ge: l\u00e1sd az adott nagy\u00edt\u00e1sn\u00e1l<\/span><\/li>\n<li style=\"font-weight: 400;\" aria-level=\"2\"><span style=\"font-weight: 400;\">munkat\u00e1vols\u00e1g: Felhaszn\u00e1l\u00f3 sz\u00e1m\u00e1ra szem\u00e9lyre szabva<\/span><\/li>\n<li style=\"font-weight: 400;\" aria-level=\"2\"><span style=\"font-weight: 400;\">deklin\u00e1ci\u00f3s sz\u00f6g: Felhaszn\u00e1l\u00f3 sz\u00e1m\u00e1ra szem\u00e9lyre szabva<\/span><\/li>\n<li style=\"font-weight: 400;\" aria-level=\"2\"><span style=\"font-weight: 400;\">s\u00faly:\u00a0<\/span><\/li>\n<li style=\"font-weight: 400;\" aria-level=\"2\"><span style=\"font-weight: 400;\">L\u00edtiumion akkumul\u00e1tor (\u00f6sszesen 4 db)<\/span><\/li>\n<li style=\"font-weight: 400;\" aria-level=\"2\"><span style=\"font-weight: 400;\">2 f\u00e9nyintenzit\u00e1si m\u00f3dok:\u00a0<\/span>\n<ul>\n<li style=\"font-weight: 400;\" aria-level=\"3\"><span style=\"font-weight: 400;\">Alacsony: 42 lumen<\/span><\/li>\n<li style=\"font-weight: 400;\" aria-level=\"3\"><span style=\"font-weight: 400;\">Magas: 68 lumen<\/span><\/li>\n<\/ul>\n<\/li>\n<li style=\"font-weight: 400;\" aria-level=\"2\"><span style=\"font-weight: 400;\">LED sz\u00edn-visszaad\u00e1si index (CRI):\u00a0<\/span>\n<ul>\n<li style=\"font-weight: 400;\" aria-level=\"3\"><span style=\"font-weight: 400;\">Alap\u00e9rtelmezett: 70+<\/span><\/li>\n<li style=\"font-weight: 400;\" aria-level=\"3\"><span style=\"font-weight: 400;\">TruColor: 90+<\/span><\/li>\n<\/ul>\n<\/li>\n<li style=\"font-weight: 400;\" aria-level=\"2\"><span style=\"font-weight: 400;\">LED Sz\u00ednh\u0151m\u00e9rs\u00e9klet (CCT):\u00a0<\/span>\n<ul>\n<li style=\"font-weight: 400;\" aria-level=\"3\"><span style=\"font-weight: 400;\">Alap\u00e9rtelmezett: 6500K<\/span><\/li>\n<li style=\"font-weight: 400;\" aria-level=\"3\"><span style=\"font-weight: 400;\">TruColor: 5700K<\/span><\/li>\n<\/ul>\n<\/li>\n<li style=\"font-weight: 400;\" aria-level=\"2\"><span style=\"font-weight: 400;\">akkumul\u00e1toros \u00fczemid\u0151 (2 db):\u00a0<\/span>\n<ul>\n<li style=\"font-weight: 400;\" aria-level=\"3\"><span style=\"font-weight: 400;\">Alacsony intenzit\u00e1s eset\u00e9n: kb 5 \u00f3ra<\/span><\/li>\n<li style=\"font-weight: 400;\" aria-level=\"3\"><span style=\"font-weight: 400;\">Magas intenzit\u00e1s eset\u00e9n: kb 3 \u00f3ra<\/span><\/li>\n<\/ul>\n<\/li>\n<li style=\"font-weight: 400;\" aria-level=\"2\"><span style=\"font-weight: 400;\">t\u00f6lt\u00e9s id\u0151ig\u00e9nye (2 db): &lt;2 \u00f3ra<\/span><\/li>\n<li style=\"font-weight: 400;\" aria-level=\"2\"><span style=\"font-weight: 400;\">A sz\u00e1rak b\u00e1rmelyik\u00e9n az embl\u00e9ma hosszan tart\u00f3 meg\u00e9rint\u00e9s\u00e9vel kapcsolhatja be, illetve ki a fejl\u00e1mp\u00e1t.<\/span><\/li>\n<li style=\"font-weight: 400;\" aria-level=\"2\"><span style=\"font-weight: 400;\">A sz\u00e1rak b\u00e1rmelyik\u00e9n az embl\u00e9ma r\u00f6vid meg\u00e9rint\u00e9s\u00e9vel v\u00e1lthat az alacsony \u00e9s a magas f\u00e9nyintenzit\u00e1s k\u00f6z\u00f6tt.<\/span><\/li>\n<li style=\"font-weight: 400;\" aria-level=\"2\"><span style=\"font-weight: 400;\">Mindk\u00e9t sz\u00e1ron tal\u00e1lhat\u00f3 alacsony akkumul\u00e1tort\u00f6lt\u00f6tts\u00e9gre figyelmeztet\u0151 jelz\u0151f\u00e9ny, amely v\u00f6r\u00f6sen vil\u00e1g\u00edt, ha az adott akkumul\u00e1tor t\u00f6lt\u00e9st ig\u00e9nyel.<\/span><\/li>\n<li style=\"font-weight: 400;\" aria-level=\"2\"><span style=\"font-weight: 400;\">a sz\u00e1rak hajl\u00edthat\u00f3ak,<\/span><\/li>\n<li style=\"font-weight: 400;\" aria-level=\"2\"><span style=\"font-weight: 400;\">az orr p\u00e1rna \u00e1ll\u00edthat\u00f3<\/span><\/li>\n<li style=\"font-weight: 400;\" aria-level=\"2\"><span style=\"font-weight: 400;\">v\u00e1laszthat\u00f3 sz\u00ednek: Black, Blue, Merlot, Steel<\/span><\/li>\n<\/ul>\n","protected":false},"excerpt":{"rendered":"<p>keret \u00e9s vil\u00e1g\u00edt\u00e1s egyben rendelhet\u0151 ezekkel a nagy\u00edt\u00e1sokkal: 2,5x, 3,0x, 3,5x, 4,5x, 5,5x, EyeZoom, Eyezoom Mini l\u00e1t\u00f3mez\u0151 sz\u00e9less\u00e9ge: l\u00e1sd az adott nagy\u00edt\u00e1sn\u00e1l l\u00e1t\u00f3mez\u0151 m\u00e9lys\u00e9ge: l\u00e1sd az adott nagy\u00edt\u00e1sn\u00e1l munkat\u00e1vols\u00e1g: Felhaszn\u00e1l\u00f3 sz\u00e1m\u00e1ra szem\u00e9lyre szabva deklin\u00e1ci\u00f3s sz\u00f6g: Felhaszn\u00e1l\u00f3 sz\u00e1m\u00e1ra szem\u00e9lyre szabva s\u00faly:\u00a0 L\u00edtiumion akkumul\u00e1tor (\u00f6sszesen 4 db) 2 f\u00e9nyintenzit\u00e1si m\u00f3dok:\u00a0 Alacsony: 42 lumen Magas: 68 lumen LED [&hellip;]<\/p>\n","protected":false},"featured_media":327,"comment_status":"open","ping_status":"closed","template":"","meta":[],"yoast_head":"<!-- This site is optimized with the Yoast SEO plugin v16.2 - https:\/\/yoast.com\/wordpress\/plugins\/seo\/ -->\n<title>XV1\u2122 Loupe + Light - Orascoptic<\/title>\n<meta name=\"robots\" content=\"index, follow, max-snippet:-1, max-image-preview:large, max-video-preview:-1\" \/>\n<link rel=\"canonical\" href=\"https:\/\/orascoptic.newyorkdental.hu\/?product=xv1-loupe-light\" \/>\n<meta property=\"og:locale\" content=\"hu_HU\" \/>\n<meta property=\"og:type\" content=\"article\" \/>\n<meta property=\"og:title\" content=\"XV1\u2122 Loupe + Light - Orascoptic\" \/>\n<meta property=\"og:description\" content=\"keret \u00e9s vil\u00e1g\u00edt\u00e1s egyben rendelhet\u0151 ezekkel a nagy\u00edt\u00e1sokkal: 2,5x, 3,0x, 3,5x, 4,5x, 5,5x, EyeZoom, Eyezoom Mini l\u00e1t\u00f3mez\u0151 sz\u00e9less\u00e9ge: l\u00e1sd az adott nagy\u00edt\u00e1sn\u00e1l l\u00e1t\u00f3mez\u0151 m\u00e9lys\u00e9ge: l\u00e1sd az adott nagy\u00edt\u00e1sn\u00e1l munkat\u00e1vols\u00e1g: Felhaszn\u00e1l\u00f3 sz\u00e1m\u00e1ra szem\u00e9lyre szabva deklin\u00e1ci\u00f3s sz\u00f6g: Felhaszn\u00e1l\u00f3 sz\u00e1m\u00e1ra szem\u00e9lyre szabva s\u00faly:\u00a0 L\u00edtiumion akkumul\u00e1tor (\u00f6sszesen 4 db) 2 f\u00e9nyintenzit\u00e1si m\u00f3dok:\u00a0 Alacsony: 42 lumen Magas: 68 lumen LED [&hellip;]\" \/>\n<meta property=\"og:url\" content=\"https:\/\/orascoptic.newyorkdental.hu\/?product=xv1-loupe-light\" \/>\n<meta property=\"og:site_name\" content=\"Orascoptic\" \/>\n<meta property=\"article:modified_time\" content=\"2023-02-21T11:38:59+00:00\" \/>\n<meta property=\"og:image\" content=\"https:\/\/orascoptic.newyorkdental.hu\/wp-content\/uploads\/2021\/04\/XV1\u2122-Loupe-Light-Orascoptic-termekek-e1675235605935.jpg\" \/>\n\t<meta property=\"og:image:width\" content=\"777\" \/>\n\t<meta property=\"og:image:height\" content=\"393\" \/>\n<meta name=\"twitter:card\" content=\"summary_large_image\" \/>\n<meta name=\"twitter:label1\" content=\"Becs\u00fclt olvas\u00e1si id\u0151\">\n\t<meta name=\"twitter:data1\" content=\"1 perc\">\n<script type=\"application\/ld+json\" class=\"yoast-schema-graph\">{\"@context\":\"https:\/\/schema.org\",\"@graph\":[{\"@type\":\"WebSite\",\"@id\":\"http:\/\/orascoptic.newyorkdental.hu\/#website\",\"url\":\"http:\/\/orascoptic.newyorkdental.hu\/\",\"name\":\"Orascoptic\",\"description\":\"Professzion\\u00e1lis orvosi lup\\u00e9k\",\"potentialAction\":[{\"@type\":\"SearchAction\",\"target\":\"http:\/\/orascoptic.newyorkdental.hu\/?s={search_term_string}\",\"query-input\":\"required name=search_term_string\"}],\"inLanguage\":\"hu\"},{\"@type\":\"ImageObject\",\"@id\":\"https:\/\/orascoptic.newyorkdental.hu\/?product=xv1-loupe-light#primaryimage\",\"inLanguage\":\"hu\",\"url\":\"https:\/\/orascoptic.newyorkdental.hu\/wp-content\/uploads\/2021\/04\/XV1\\u2122-Loupe-Light-Orascoptic-termekek-e1675235605935.jpg\",\"contentUrl\":\"https:\/\/orascoptic.newyorkdental.hu\/wp-content\/uploads\/2021\/04\/XV1\\u2122-Loupe-Light-Orascoptic-termekek-e1675235605935.jpg\",\"width\":777,\"height\":393},{\"@type\":\"WebPage\",\"@id\":\"https:\/\/orascoptic.newyorkdental.hu\/?product=xv1-loupe-light#webpage\",\"url\":\"https:\/\/orascoptic.newyorkdental.hu\/?product=xv1-loupe-light\",\"name\":\"XV1\\u2122 Loupe + Light - Orascoptic\",\"isPartOf\":{\"@id\":\"http:\/\/orascoptic.newyorkdental.hu\/#website\"},\"primaryImageOfPage\":{\"@id\":\"https:\/\/orascoptic.newyorkdental.hu\/?product=xv1-loupe-light#primaryimage\"},\"datePublished\":\"2021-04-06T15:14:50+00:00\",\"dateModified\":\"2023-02-21T11:38:59+00:00\",\"breadcrumb\":{\"@id\":\"https:\/\/orascoptic.newyorkdental.hu\/?product=xv1-loupe-light#breadcrumb\"},\"inLanguage\":\"hu\",\"potentialAction\":[{\"@type\":\"ReadAction\",\"target\":[\"https:\/\/orascoptic.newyorkdental.hu\/?product=xv1-loupe-light\"]}]},{\"@type\":\"BreadcrumbList\",\"@id\":\"https:\/\/orascoptic.newyorkdental.hu\/?product=xv1-loupe-light#breadcrumb\",\"itemListElement\":[{\"@type\":\"ListItem\",\"position\":1,\"item\":{\"@type\":\"WebPage\",\"@id\":\"https:\/\/orascoptic.newyorkdental.hu\/\",\"url\":\"https:\/\/orascoptic.newyorkdental.hu\/\",\"name\":\"Kezd\\u0151lap\"}},{\"@type\":\"ListItem\",\"position\":2,\"item\":{\"@type\":\"WebPage\",\"@id\":\"https:\/\/orascoptic.newyorkdental.hu\/?page_id=256\",\"url\":\"https:\/\/orascoptic.newyorkdental.hu\/?page_id=256\",\"name\":\"\\u00dczlet\"}},{\"@type\":\"ListItem\",\"position\":3,\"item\":{\"@id\":\"https:\/\/orascoptic.newyorkdental.hu\/?product=xv1-loupe-light#webpage\"}}]}]}<\/script>\n<!-- \/ Yoast SEO plugin. -->","_links":{"self":[{"href":"https:\/\/orascoptic.newyorkdental.hu\/index.php?rest_route=\/wp\/v2\/product\/326"}],"collection":[{"href":"https:\/\/orascoptic.newyorkdental.hu\/index.php?rest_route=\/wp\/v2\/product"}],"about":[{"href":"https:\/\/orascoptic.newyorkdental.hu\/index.php?rest_route=\/wp\/v2\/types\/product"}],"replies":[{"embeddable":true,"href":"https:\/\/orascoptic.newyorkdental.hu\/index.php?rest_route=%2Fwp%2Fv2%2Fcomments&post=326"}],"wp:featuredmedia":[{"embeddable":true,"href":"https:\/\/orascoptic.newyorkdental.hu\/index.php?rest_route=\/wp\/v2\/media\/327"}],"wp:attachment":[{"href":"https:\/\/orascoptic.newyorkdental.hu\/index.php?rest_route=%2Fwp%2Fv2%2Fmedia&parent=326"}],"curies":[{"name":"wp","href":"https:\/\/api.w.org\/{rel}","templated":true}]}}