{"id":324,"date":"2021-04-06T15:12:35","date_gmt":"2021-04-06T15:12:35","guid":{"rendered":"https:\/\/orascoptic.newyorkdental.hu\/?post_type=product&#038;p=324"},"modified":"2023-02-21T11:40:30","modified_gmt":"2023-02-21T11:40:30","slug":"omnioptic","status":"publish","type":"product","link":"https:\/\/orascoptic.newyorkdental.hu\/?product=omnioptic","title":{"rendered":"OmniOptic\u2122"},"content":{"rendered":"<p>Az OS OMNIOPTIC LOUPE rendszere a vil\u00e1gon els\u0151k\u00e9nt cser\u00e9lhet\u0151 optik\u00e1val!<\/p>\n<ul>\n<li>Lehet\u0151v\u00e9 teszi a felhaszn\u00e1l\u00f3 sz\u00e1m\u00e1ra az optim\u00e1lis nagy\u00edt\u00e1s kiv\u00e1laszt\u00e1s\u00e1t az egyes kezel\u00e9sekhez.<\/li>\n<li>Szabadalmaztatott formatervez\u00e9s.<\/li>\n<li>N\u00e9gy k\u00fcl\u00f6nb\u00f6z\u0151 nagy\u00edt\u00e1s, amelyek a 2.5 x Macro-t\u00f3l 5.5x-ig.<\/li>\n<li>Ide\u00e1lis kezd\u0151 loupe haszn\u00e1l\u00f3k sz\u00e1m\u00e1ra valamint azoknak akik munk\u00e1juk sor\u00e1n a k\u00e9s\u0151bbiekben n\u00f6velni szeretn\u00e9k a nagy\u00edt\u00e1sokat.<\/li>\n<li>Lehet\u0151v\u00e9 teszi a felhaszn\u00e1l\u00f3 sz\u00e1m\u00e1ra,hogy ig\u00e9nye szerint v\u00e1laszthasson optik\u00e1t.<\/li>\n<li>Gazdas\u00e1gos m\u00f3dja,hogy \u00edgy b\u0151v\u00edtse a nagy\u00edt\u00e1sokat.<\/li>\n<li>Gyors,k\u00f6nny\u0171 \u00e9s pontos optikacsere a m\u00e1gneses rendszernek k\u00f6sz\u00f6nhet\u0151en.<\/li>\n<li>Lehet\u0151s\u00e9g van p\u00f3tkeret megv\u00e1s\u00e1rl\u00e1s\u00e1ra is.<\/li>\n<\/ul>\n","protected":false},"excerpt":{"rendered":"<ul>\n<li style=\"font-weight: 400;\" aria-level=\"2\"><span style=\"font-weight: 400;\">cser\u00e9lhet\u0151 nagy\u00edt\u00e1s,<\/span><\/li>\n<li style=\"font-weight: 400;\" aria-level=\"2\"><span style=\"font-weight: 400;\">nagy\u00edt\u00e1sok, amik bele tehet\u0151ek: 2,5x, 3,5x, 4,5x, \u00e9s 5,5x\u00a0<\/span><\/li>\n<li style=\"font-weight: 400;\" aria-level=\"2\"><span style=\"font-weight: 400;\">l\u00e1t\u00f3mez\u0151 sz\u00e9less\u00e9ge: l\u00e1sd az adott nagy\u00edt\u00e1sn\u00e1l<\/span><\/li>\n<li style=\"font-weight: 400;\" aria-level=\"2\"><span style=\"font-weight: 400;\">l\u00e1t\u00f3mez\u0151 m\u00e9lys\u00e9ge: l\u00e1sd az adott nagy\u00edt\u00e1sn\u00e1l<\/span><\/li>\n<li style=\"font-weight: 400;\" aria-level=\"2\"><span style=\"font-weight: 400;\">munkat\u00e1vols\u00e1g: Felhaszn\u00e1l\u00f3 sz\u00e1m\u00e1ra szem\u00e9lyre szabva<\/span><\/li>\n<li style=\"font-weight: 400;\" aria-level=\"2\"><span style=\"font-weight: 400;\">deklin\u00e1ci\u00f3s sz\u00f6g: Felhaszn\u00e1l\u00f3 sz\u00e1m\u00e1ra szem\u00e9lyre szabva<\/span><\/li>\n<li style=\"font-weight: 400;\" aria-level=\"2\"><span style=\"font-weight: 400;\">s\u00faly:\u00a0<\/span>\n<ul>\n<li style=\"font-weight: 400;\" aria-level=\"3\"><span style=\"font-weight: 400;\">HDL 2,5x Macro: 57,3 g<\/span><\/li>\n<li style=\"font-weight: 400;\" aria-level=\"3\"><span style=\"font-weight: 400;\">HDL 3,5x: 79,1 g<\/span><\/li>\n<li style=\"font-weight: 400;\" aria-level=\"3\"><span style=\"font-weight: 400;\">HDL 4,5x: 79,1 g<\/span><\/li>\n<li style=\"font-weight: 400;\" aria-level=\"3\"><span style=\"font-weight: 400;\">HDL 5,5x: 82,1 g<\/span><\/li>\n<\/ul>\n<\/li>\n<\/ul>\n","protected":false},"featured_media":325,"comment_status":"open","ping_status":"closed","template":"","meta":[],"yoast_head":"<!-- This site is optimized with the Yoast SEO plugin v16.2 - https:\/\/yoast.com\/wordpress\/plugins\/seo\/ -->\n<title>OmniOptic\u2122 - Orascoptic<\/title>\n<meta name=\"robots\" content=\"index, follow, max-snippet:-1, max-image-preview:large, max-video-preview:-1\" \/>\n<link rel=\"canonical\" href=\"https:\/\/orascoptic.newyorkdental.hu\/?product=omnioptic\" \/>\n<meta property=\"og:locale\" content=\"hu_HU\" \/>\n<meta property=\"og:type\" content=\"article\" \/>\n<meta property=\"og:title\" content=\"OmniOptic\u2122 - Orascoptic\" \/>\n<meta property=\"og:description\" content=\"cser\u00e9lhet\u0151 nagy\u00edt\u00e1s,  nagy\u00edt\u00e1sok, amik bele tehet\u0151ek: 2,5x, 3,5x, 4,5x, \u00e9s 5,5x\u00a0  l\u00e1t\u00f3mez\u0151 sz\u00e9less\u00e9ge: l\u00e1sd az adott nagy\u00edt\u00e1sn\u00e1l  l\u00e1t\u00f3mez\u0151 m\u00e9lys\u00e9ge: l\u00e1sd az adott nagy\u00edt\u00e1sn\u00e1l  munkat\u00e1vols\u00e1g: Felhaszn\u00e1l\u00f3 sz\u00e1m\u00e1ra szem\u00e9lyre szabva  deklin\u00e1ci\u00f3s sz\u00f6g: Felhaszn\u00e1l\u00f3 sz\u00e1m\u00e1ra szem\u00e9lyre szabva  s\u00faly:\u00a0   HDL 2,5x Macro: 57,3 g  HDL 3,5x: 79,1 g  HDL 4,5x: 79,1 g  HDL 5,5x: 82,1 g\" \/>\n<meta property=\"og:url\" content=\"https:\/\/orascoptic.newyorkdental.hu\/?product=omnioptic\" \/>\n<meta property=\"og:site_name\" content=\"Orascoptic\" \/>\n<meta property=\"article:modified_time\" content=\"2023-02-21T11:40:30+00:00\" \/>\n<meta property=\"og:image\" content=\"https:\/\/orascoptic.newyorkdental.hu\/wp-content\/uploads\/2021\/04\/Omnioptic-Orascoptic-termekek.jpg\" \/>\n\t<meta property=\"og:image:width\" content=\"1200\" \/>\n\t<meta property=\"og:image:height\" content=\"628\" \/>\n<meta name=\"twitter:card\" content=\"summary_large_image\" \/>\n<meta name=\"twitter:label1\" content=\"Becs\u00fclt olvas\u00e1si id\u0151\">\n\t<meta name=\"twitter:data1\" content=\"1 perc\">\n<script type=\"application\/ld+json\" class=\"yoast-schema-graph\">{\"@context\":\"https:\/\/schema.org\",\"@graph\":[{\"@type\":\"WebSite\",\"@id\":\"http:\/\/orascoptic.newyorkdental.hu\/#website\",\"url\":\"http:\/\/orascoptic.newyorkdental.hu\/\",\"name\":\"Orascoptic\",\"description\":\"Professzion\\u00e1lis orvosi lup\\u00e9k\",\"potentialAction\":[{\"@type\":\"SearchAction\",\"target\":\"http:\/\/orascoptic.newyorkdental.hu\/?s={search_term_string}\",\"query-input\":\"required name=search_term_string\"}],\"inLanguage\":\"hu\"},{\"@type\":\"ImageObject\",\"@id\":\"https:\/\/orascoptic.newyorkdental.hu\/?product=omnioptic#primaryimage\",\"inLanguage\":\"hu\",\"url\":\"https:\/\/orascoptic.newyorkdental.hu\/wp-content\/uploads\/2021\/04\/Omnioptic-Orascoptic-termekek.jpg\",\"contentUrl\":\"https:\/\/orascoptic.newyorkdental.hu\/wp-content\/uploads\/2021\/04\/Omnioptic-Orascoptic-termekek.jpg\",\"width\":1200,\"height\":628},{\"@type\":\"WebPage\",\"@id\":\"https:\/\/orascoptic.newyorkdental.hu\/?product=omnioptic#webpage\",\"url\":\"https:\/\/orascoptic.newyorkdental.hu\/?product=omnioptic\",\"name\":\"OmniOptic\\u2122 - Orascoptic\",\"isPartOf\":{\"@id\":\"http:\/\/orascoptic.newyorkdental.hu\/#website\"},\"primaryImageOfPage\":{\"@id\":\"https:\/\/orascoptic.newyorkdental.hu\/?product=omnioptic#primaryimage\"},\"datePublished\":\"2021-04-06T15:12:35+00:00\",\"dateModified\":\"2023-02-21T11:40:30+00:00\",\"breadcrumb\":{\"@id\":\"https:\/\/orascoptic.newyorkdental.hu\/?product=omnioptic#breadcrumb\"},\"inLanguage\":\"hu\",\"potentialAction\":[{\"@type\":\"ReadAction\",\"target\":[\"https:\/\/orascoptic.newyorkdental.hu\/?product=omnioptic\"]}]},{\"@type\":\"BreadcrumbList\",\"@id\":\"https:\/\/orascoptic.newyorkdental.hu\/?product=omnioptic#breadcrumb\",\"itemListElement\":[{\"@type\":\"ListItem\",\"position\":1,\"item\":{\"@type\":\"WebPage\",\"@id\":\"https:\/\/orascoptic.newyorkdental.hu\/\",\"url\":\"https:\/\/orascoptic.newyorkdental.hu\/\",\"name\":\"Kezd\\u0151lap\"}},{\"@type\":\"ListItem\",\"position\":2,\"item\":{\"@type\":\"WebPage\",\"@id\":\"https:\/\/orascoptic.newyorkdental.hu\/?page_id=256\",\"url\":\"https:\/\/orascoptic.newyorkdental.hu\/?page_id=256\",\"name\":\"\\u00dczlet\"}},{\"@type\":\"ListItem\",\"position\":3,\"item\":{\"@id\":\"https:\/\/orascoptic.newyorkdental.hu\/?product=omnioptic#webpage\"}}]}]}<\/script>\n<!-- \/ Yoast SEO plugin. -->","_links":{"self":[{"href":"https:\/\/orascoptic.newyorkdental.hu\/index.php?rest_route=\/wp\/v2\/product\/324"}],"collection":[{"href":"https:\/\/orascoptic.newyorkdental.hu\/index.php?rest_route=\/wp\/v2\/product"}],"about":[{"href":"https:\/\/orascoptic.newyorkdental.hu\/index.php?rest_route=\/wp\/v2\/types\/product"}],"replies":[{"embeddable":true,"href":"https:\/\/orascoptic.newyorkdental.hu\/index.php?rest_route=%2Fwp%2Fv2%2Fcomments&post=324"}],"wp:featuredmedia":[{"embeddable":true,"href":"https:\/\/orascoptic.newyorkdental.hu\/index.php?rest_route=\/wp\/v2\/media\/325"}],"wp:attachment":[{"href":"https:\/\/orascoptic.newyorkdental.hu\/index.php?rest_route=%2Fwp%2Fv2%2Fmedia&parent=324"}],"curies":[{"name":"wp","href":"https:\/\/api.w.org\/{rel}","templated":true}]}}