{"id":309,"date":"2021-04-06T14:49:12","date_gmt":"2021-04-06T14:49:12","guid":{"rendered":"https:\/\/orascoptic.newyorkdental.hu\/?post_type=product&#038;p=309"},"modified":"2023-02-22T10:28:31","modified_gmt":"2023-02-22T10:28:31","slug":"hdl-prisms-3-5x","status":"publish","type":"product","link":"https:\/\/orascoptic.newyorkdental.hu\/?product=hdl-prisms-3-5x","title":{"rendered":"HDL\u2122 Prisms 3.5x"},"content":{"rendered":"<ul>\n<li style=\"font-weight: 400;\" aria-level=\"2\"><span style=\"font-weight: 400;\">3.5x nagy\u00edt\u00e1s<\/span><\/li>\n<li style=\"font-weight: 400;\" aria-level=\"2\"><span style=\"font-weight: 400;\">L\u00e1t\u00f3mez\u0151 sz\u00e9less\u00e9ge: 8,9 cm<\/span><\/li>\n<li style=\"font-weight: 400;\" aria-level=\"2\"><span style=\"font-weight: 400;\">L\u00e1t\u00f3mez\u0151 m\u00e9lys\u00e9ge: 9,1 cm<\/span><\/li>\n<li style=\"font-weight: 400;\" aria-level=\"2\"><span style=\"font-weight: 400;\">Munkat\u00e1vols\u00e1g: Felhaszn\u00e1l\u00f3 sz\u00e1m\u00e1ra szem\u00e9lyre szabva<\/span><\/li>\n<li style=\"font-weight: 400;\" aria-level=\"2\"><span style=\"font-weight: 400;\">Deklin\u00e1ci\u00f3s sz\u00f6g: Felhaszn\u00e1l\u00f3 sz\u00e1m\u00e1ra szem\u00e9lyre szabva<\/span><\/li>\n<li style=\"font-weight: 400;\" aria-level=\"2\"><span style=\"font-weight: 400;\">S\u00faly: 67,5 g<\/span><\/li>\n<li>Foglalati lehet\u0151s\u00e9gek\n<ul>\n<li>Lencs\u00e9n kereszt\u00fcli<\/li>\n<\/ul>\n<\/li>\n<li>Keretopci\u00f3k (minden kerettel)\n<ul>\n<li>Dragonfly Pro\u2122<\/li>\n<li>Dragonfly Neo\u2122<\/li>\n<li>Ergo Edge\u2122<\/li>\n<li>Oakley Flat\u2122<\/li>\n<li>RydonX\u2122<\/li>\n<li>Tempo\u2122<\/li>\n<li>Tempo Refined Fit\u2122<\/li>\n<li>Triumph\u2122<\/li>\n<li>XV1\u2122<\/li>\n<li>Victory\u2122<\/li>\n<\/ul>\n<\/li>\n<\/ul>\n","protected":false},"excerpt":{"rendered":"<p>3.5x nagy\u00edt\u00e1s L\u00e1t\u00f3mez\u0151 sz\u00e9less\u00e9ge: 8,9 cm L\u00e1t\u00f3mez\u0151 m\u00e9lys\u00e9ge: 9,1 cm Munkat\u00e1vols\u00e1g: Felhaszn\u00e1l\u00f3 sz\u00e1m\u00e1ra szem\u00e9lyre szabva Deklin\u00e1ci\u00f3s sz\u00f6g: Felhaszn\u00e1l\u00f3 sz\u00e1m\u00e1ra szem\u00e9lyre szabva S\u00faly: 67,5 g Foglalati lehet\u0151s\u00e9gek Lencs\u00e9n kereszt\u00fcli Keretopci\u00f3k (minden kerettel) Dragonfly Pro\u2122 Dragonfly Neo\u2122 Ergo Edge\u2122 Oakley Flat\u2122 RydonX\u2122 Tempo\u2122 Tempo Refined Fit\u2122 Triumph\u2122 XV1\u2122 Victory\u2122<\/p>\n","protected":false},"featured_media":342,"comment_status":"open","ping_status":"closed","template":"","meta":[],"yoast_head":"<!-- This site is optimized with the Yoast SEO plugin v16.2 - https:\/\/yoast.com\/wordpress\/plugins\/seo\/ -->\n<title>HDL\u2122 Prisms 3.5x - Orascoptic<\/title>\n<meta name=\"robots\" content=\"index, follow, max-snippet:-1, max-image-preview:large, max-video-preview:-1\" \/>\n<link rel=\"canonical\" href=\"https:\/\/orascoptic.newyorkdental.hu\/?product=hdl-prisms-3-5x\" \/>\n<meta property=\"og:locale\" content=\"hu_HU\" \/>\n<meta property=\"og:type\" content=\"article\" \/>\n<meta property=\"og:title\" content=\"HDL\u2122 Prisms 3.5x - Orascoptic\" \/>\n<meta property=\"og:description\" content=\"3.5x nagy\u00edt\u00e1s L\u00e1t\u00f3mez\u0151 sz\u00e9less\u00e9ge: 8,9 cm L\u00e1t\u00f3mez\u0151 m\u00e9lys\u00e9ge: 9,1 cm Munkat\u00e1vols\u00e1g: Felhaszn\u00e1l\u00f3 sz\u00e1m\u00e1ra szem\u00e9lyre szabva Deklin\u00e1ci\u00f3s sz\u00f6g: Felhaszn\u00e1l\u00f3 sz\u00e1m\u00e1ra szem\u00e9lyre szabva S\u00faly: 67,5 g Foglalati lehet\u0151s\u00e9gek Lencs\u00e9n kereszt\u00fcli Keretopci\u00f3k (minden kerettel) Dragonfly Pro\u2122 Dragonfly Neo\u2122 Ergo Edge\u2122 Oakley Flat\u2122 RydonX\u2122 Tempo\u2122 Tempo Refined Fit\u2122 Triumph\u2122 XV1\u2122 Victory\u2122\" \/>\n<meta property=\"og:url\" content=\"https:\/\/orascoptic.newyorkdental.hu\/?product=hdl-prisms-3-5x\" \/>\n<meta property=\"og:site_name\" content=\"Orascoptic\" \/>\n<meta property=\"article:modified_time\" content=\"2023-02-22T10:28:31+00:00\" \/>\n<meta property=\"og:image\" content=\"https:\/\/orascoptic.newyorkdental.hu\/wp-content\/uploads\/2021\/04\/HDL-Prisms-35x-Orascoptic-termekek.jpg\" \/>\n\t<meta property=\"og:image:width\" content=\"1200\" \/>\n\t<meta property=\"og:image:height\" content=\"628\" \/>\n<meta name=\"twitter:card\" content=\"summary_large_image\" \/>\n<meta name=\"twitter:label1\" content=\"Becs\u00fclt olvas\u00e1si id\u0151\">\n\t<meta name=\"twitter:data1\" content=\"1 perc\">\n<script type=\"application\/ld+json\" class=\"yoast-schema-graph\">{\"@context\":\"https:\/\/schema.org\",\"@graph\":[{\"@type\":\"WebSite\",\"@id\":\"http:\/\/orascoptic.newyorkdental.hu\/#website\",\"url\":\"http:\/\/orascoptic.newyorkdental.hu\/\",\"name\":\"Orascoptic\",\"description\":\"Professzion\\u00e1lis orvosi lup\\u00e9k\",\"potentialAction\":[{\"@type\":\"SearchAction\",\"target\":\"http:\/\/orascoptic.newyorkdental.hu\/?s={search_term_string}\",\"query-input\":\"required name=search_term_string\"}],\"inLanguage\":\"hu\"},{\"@type\":\"ImageObject\",\"@id\":\"https:\/\/orascoptic.newyorkdental.hu\/?product=hdl-prisms-3-5x#primaryimage\",\"inLanguage\":\"hu\",\"url\":\"https:\/\/orascoptic.newyorkdental.hu\/wp-content\/uploads\/2021\/04\/HDL-Prisms-35x-Orascoptic-termekek.jpg\",\"contentUrl\":\"https:\/\/orascoptic.newyorkdental.hu\/wp-content\/uploads\/2021\/04\/HDL-Prisms-35x-Orascoptic-termekek.jpg\",\"width\":1200,\"height\":628},{\"@type\":\"WebPage\",\"@id\":\"https:\/\/orascoptic.newyorkdental.hu\/?product=hdl-prisms-3-5x#webpage\",\"url\":\"https:\/\/orascoptic.newyorkdental.hu\/?product=hdl-prisms-3-5x\",\"name\":\"HDL\\u2122 Prisms 3.5x - Orascoptic\",\"isPartOf\":{\"@id\":\"http:\/\/orascoptic.newyorkdental.hu\/#website\"},\"primaryImageOfPage\":{\"@id\":\"https:\/\/orascoptic.newyorkdental.hu\/?product=hdl-prisms-3-5x#primaryimage\"},\"datePublished\":\"2021-04-06T14:49:12+00:00\",\"dateModified\":\"2023-02-22T10:28:31+00:00\",\"breadcrumb\":{\"@id\":\"https:\/\/orascoptic.newyorkdental.hu\/?product=hdl-prisms-3-5x#breadcrumb\"},\"inLanguage\":\"hu\",\"potentialAction\":[{\"@type\":\"ReadAction\",\"target\":[\"https:\/\/orascoptic.newyorkdental.hu\/?product=hdl-prisms-3-5x\"]}]},{\"@type\":\"BreadcrumbList\",\"@id\":\"https:\/\/orascoptic.newyorkdental.hu\/?product=hdl-prisms-3-5x#breadcrumb\",\"itemListElement\":[{\"@type\":\"ListItem\",\"position\":1,\"item\":{\"@type\":\"WebPage\",\"@id\":\"https:\/\/orascoptic.newyorkdental.hu\/\",\"url\":\"https:\/\/orascoptic.newyorkdental.hu\/\",\"name\":\"Kezd\\u0151lap\"}},{\"@type\":\"ListItem\",\"position\":2,\"item\":{\"@type\":\"WebPage\",\"@id\":\"https:\/\/orascoptic.newyorkdental.hu\/?page_id=256\",\"url\":\"https:\/\/orascoptic.newyorkdental.hu\/?page_id=256\",\"name\":\"\\u00dczlet\"}},{\"@type\":\"ListItem\",\"position\":3,\"item\":{\"@id\":\"https:\/\/orascoptic.newyorkdental.hu\/?product=hdl-prisms-3-5x#webpage\"}}]}]}<\/script>\n<!-- \/ Yoast SEO plugin. -->","_links":{"self":[{"href":"https:\/\/orascoptic.newyorkdental.hu\/index.php?rest_route=\/wp\/v2\/product\/309"}],"collection":[{"href":"https:\/\/orascoptic.newyorkdental.hu\/index.php?rest_route=\/wp\/v2\/product"}],"about":[{"href":"https:\/\/orascoptic.newyorkdental.hu\/index.php?rest_route=\/wp\/v2\/types\/product"}],"replies":[{"embeddable":true,"href":"https:\/\/orascoptic.newyorkdental.hu\/index.php?rest_route=%2Fwp%2Fv2%2Fcomments&post=309"}],"wp:featuredmedia":[{"embeddable":true,"href":"https:\/\/orascoptic.newyorkdental.hu\/index.php?rest_route=\/wp\/v2\/media\/342"}],"wp:attachment":[{"href":"https:\/\/orascoptic.newyorkdental.hu\/index.php?rest_route=%2Fwp%2Fv2%2Fmedia&parent=309"}],"curies":[{"name":"wp","href":"https:\/\/api.w.org\/{rel}","templated":true}]}}