{"id":304,"date":"2021-04-06T14:45:46","date_gmt":"2021-04-06T14:45:46","guid":{"rendered":"https:\/\/orascoptic.newyorkdental.hu\/?post_type=product&#038;p=304"},"modified":"2023-02-22T10:32:44","modified_gmt":"2023-02-22T10:32:44","slug":"hdl-2-5-macro","status":"publish","type":"product","link":"https:\/\/orascoptic.newyorkdental.hu\/?product=hdl-2-5-macro","title":{"rendered":"HDL\u2122 2.5 Macro"},"content":{"rendered":"<p>A HDL Macro a HDL Micron\u00e1l is sz\u00e9lesebb l\u00e1t\u00f3mez\u0151vel rendelkez\u0151 mikrooptik\u00e1j\u00e1nak k\u00f6sz\u00f6nhet\u0151en a l\u00e1t\u00f3t\u00e9r m\u00e9lys\u00e9ge felveszi a versenyt az Orascoptic\u2122 d\u00edjnyertes HiRes\u2122 2-essel, de 50%-kal kisebb el\u0151dj\u00e9n\u00e9l. A kiv\u00e9telesen kicsi forma \u00e9s a sz\u00e1l-csiszolt f\u00e9m kik\u00e9sz\u00edt\u00e9s eszt\u00e9tikailag is kellemes elem\u00e9t adj\u00e1k ennek az egy\u00e9ni m\u00e9retre k\u00e9sz\u00edtett orvostechnikai eszk\u00f6znek.<\/p>\n<ul>\n<li>Foglalati lehet\u0151s\u00e9gek\n<ul>\n<li>Lencs\u00e9n kereszt\u00fcli<\/li>\n<\/ul>\n<\/li>\n<li>Keretopci\u00f3k (minden kerettel)\n<ul>\n<li>Dragonfly Pro\u2122<\/li>\n<li>Dragonfly Neo\u2122<\/li>\n<li>Ergo Edge\u2122<\/li>\n<li>Oakley Flat\u2122<\/li>\n<li>RydonX\u2122<\/li>\n<li>Tempo\u2122<\/li>\n<li>Tempo Refined Fit\u2122<\/li>\n<li>Triumph\u2122<\/li>\n<li>XV1\u2122<\/li>\n<li>Victory\u2122<\/li>\n<\/ul>\n<\/li>\n<\/ul>\n","protected":false},"excerpt":{"rendered":"<ul>\n<li style=\"font-weight: 400;\" aria-level=\"2\"><span style=\"font-weight: 400;\">Term\u00e9k megnevez\u00e9se: HDL\u2122 2.5 Macro<\/span><\/li>\n<li style=\"font-weight: 400;\" aria-level=\"2\"><span style=\"font-weight: 400;\">2.5x nagy\u00edt\u00e1s<\/span><\/li>\n<li style=\"font-weight: 400;\" aria-level=\"2\"><span style=\"font-weight: 400;\">L\u00e1t\u00f3mez\u0151 sz\u00e9less\u00e9ge: 10,4 cm<\/span><\/li>\n<li style=\"font-weight: 400;\" aria-level=\"2\"><span style=\"font-weight: 400;\">L\u00e1t\u00f3mez\u0151 m\u00e9lys\u00e9ge: 12,7 cm<\/span><\/li>\n<li style=\"font-weight: 400;\" aria-level=\"2\"><span style=\"font-weight: 400;\">Munkat\u00e1vols\u00e1g: Felhaszn\u00e1l\u00f3 sz\u00e1m\u00e1ra szem\u00e9lyre szabva<\/span><\/li>\n<li style=\"font-weight: 400;\" aria-level=\"2\"><span style=\"font-weight: 400;\">Deklin\u00e1ci\u00f3s sz\u00f6g: Felhaszn\u00e1l\u00f3 sz\u00e1m\u00e1ra szem\u00e9lyre szabva<\/span><\/li>\n<li style=\"font-weight: 400;\" aria-level=\"2\"><span style=\"font-weight: 400;\">S\u00faly: 50,7 g<\/span><\/li>\n<\/ul>\n","protected":false},"featured_media":343,"comment_status":"open","ping_status":"closed","template":"","meta":[],"yoast_head":"<!-- This site is optimized with the Yoast SEO plugin v16.2 - https:\/\/yoast.com\/wordpress\/plugins\/seo\/ -->\n<title>HDL\u2122 2.5 Macro - Orascoptic<\/title>\n<meta name=\"robots\" content=\"index, follow, max-snippet:-1, max-image-preview:large, max-video-preview:-1\" \/>\n<link rel=\"canonical\" href=\"https:\/\/orascoptic.newyorkdental.hu\/?product=hdl-2-5-macro\" \/>\n<meta property=\"og:locale\" content=\"hu_HU\" \/>\n<meta property=\"og:type\" content=\"article\" \/>\n<meta property=\"og:title\" content=\"HDL\u2122 2.5 Macro - Orascoptic\" \/>\n<meta property=\"og:description\" content=\"Term\u00e9k megnevez\u00e9se: HDL\u2122 2.5 Macro  2.5x nagy\u00edt\u00e1s  L\u00e1t\u00f3mez\u0151 sz\u00e9less\u00e9ge: 10,4 cm  L\u00e1t\u00f3mez\u0151 m\u00e9lys\u00e9ge: 12,7 cm  Munkat\u00e1vols\u00e1g: Felhaszn\u00e1l\u00f3 sz\u00e1m\u00e1ra szem\u00e9lyre szabva  Deklin\u00e1ci\u00f3s sz\u00f6g: Felhaszn\u00e1l\u00f3 sz\u00e1m\u00e1ra szem\u00e9lyre szabva  S\u00faly: 50,7 g\" \/>\n<meta property=\"og:url\" content=\"https:\/\/orascoptic.newyorkdental.hu\/?product=hdl-2-5-macro\" \/>\n<meta property=\"og:site_name\" content=\"Orascoptic\" \/>\n<meta property=\"article:modified_time\" content=\"2023-02-22T10:32:44+00:00\" \/>\n<meta property=\"og:image\" content=\"https:\/\/orascoptic.newyorkdental.hu\/wp-content\/uploads\/2021\/04\/HDL25_Macro_Rydon-Orascoptic-termekek.jpg\" \/>\n\t<meta property=\"og:image:width\" content=\"1200\" \/>\n\t<meta property=\"og:image:height\" content=\"628\" \/>\n<meta name=\"twitter:card\" content=\"summary_large_image\" \/>\n<meta name=\"twitter:label1\" content=\"Becs\u00fclt olvas\u00e1si id\u0151\">\n\t<meta name=\"twitter:data1\" content=\"1 perc\">\n<script type=\"application\/ld+json\" class=\"yoast-schema-graph\">{\"@context\":\"https:\/\/schema.org\",\"@graph\":[{\"@type\":\"WebSite\",\"@id\":\"http:\/\/orascoptic.newyorkdental.hu\/#website\",\"url\":\"http:\/\/orascoptic.newyorkdental.hu\/\",\"name\":\"Orascoptic\",\"description\":\"Professzion\\u00e1lis orvosi lup\\u00e9k\",\"potentialAction\":[{\"@type\":\"SearchAction\",\"target\":\"http:\/\/orascoptic.newyorkdental.hu\/?s={search_term_string}\",\"query-input\":\"required name=search_term_string\"}],\"inLanguage\":\"hu\"},{\"@type\":\"ImageObject\",\"@id\":\"https:\/\/orascoptic.newyorkdental.hu\/?product=hdl-2-5-macro#primaryimage\",\"inLanguage\":\"hu\",\"url\":\"https:\/\/orascoptic.newyorkdental.hu\/wp-content\/uploads\/2021\/04\/HDL25_Macro_Rydon-Orascoptic-termekek.jpg\",\"contentUrl\":\"https:\/\/orascoptic.newyorkdental.hu\/wp-content\/uploads\/2021\/04\/HDL25_Macro_Rydon-Orascoptic-termekek.jpg\",\"width\":1200,\"height\":628},{\"@type\":\"WebPage\",\"@id\":\"https:\/\/orascoptic.newyorkdental.hu\/?product=hdl-2-5-macro#webpage\",\"url\":\"https:\/\/orascoptic.newyorkdental.hu\/?product=hdl-2-5-macro\",\"name\":\"HDL\\u2122 2.5 Macro - Orascoptic\",\"isPartOf\":{\"@id\":\"http:\/\/orascoptic.newyorkdental.hu\/#website\"},\"primaryImageOfPage\":{\"@id\":\"https:\/\/orascoptic.newyorkdental.hu\/?product=hdl-2-5-macro#primaryimage\"},\"datePublished\":\"2021-04-06T14:45:46+00:00\",\"dateModified\":\"2023-02-22T10:32:44+00:00\",\"breadcrumb\":{\"@id\":\"https:\/\/orascoptic.newyorkdental.hu\/?product=hdl-2-5-macro#breadcrumb\"},\"inLanguage\":\"hu\",\"potentialAction\":[{\"@type\":\"ReadAction\",\"target\":[\"https:\/\/orascoptic.newyorkdental.hu\/?product=hdl-2-5-macro\"]}]},{\"@type\":\"BreadcrumbList\",\"@id\":\"https:\/\/orascoptic.newyorkdental.hu\/?product=hdl-2-5-macro#breadcrumb\",\"itemListElement\":[{\"@type\":\"ListItem\",\"position\":1,\"item\":{\"@type\":\"WebPage\",\"@id\":\"https:\/\/orascoptic.newyorkdental.hu\/\",\"url\":\"https:\/\/orascoptic.newyorkdental.hu\/\",\"name\":\"Kezd\\u0151lap\"}},{\"@type\":\"ListItem\",\"position\":2,\"item\":{\"@type\":\"WebPage\",\"@id\":\"https:\/\/orascoptic.newyorkdental.hu\/?page_id=256\",\"url\":\"https:\/\/orascoptic.newyorkdental.hu\/?page_id=256\",\"name\":\"\\u00dczlet\"}},{\"@type\":\"ListItem\",\"position\":3,\"item\":{\"@id\":\"https:\/\/orascoptic.newyorkdental.hu\/?product=hdl-2-5-macro#webpage\"}}]}]}<\/script>\n<!-- \/ Yoast SEO plugin. -->","_links":{"self":[{"href":"https:\/\/orascoptic.newyorkdental.hu\/index.php?rest_route=\/wp\/v2\/product\/304"}],"collection":[{"href":"https:\/\/orascoptic.newyorkdental.hu\/index.php?rest_route=\/wp\/v2\/product"}],"about":[{"href":"https:\/\/orascoptic.newyorkdental.hu\/index.php?rest_route=\/wp\/v2\/types\/product"}],"replies":[{"embeddable":true,"href":"https:\/\/orascoptic.newyorkdental.hu\/index.php?rest_route=%2Fwp%2Fv2%2Fcomments&post=304"}],"wp:featuredmedia":[{"embeddable":true,"href":"https:\/\/orascoptic.newyorkdental.hu\/index.php?rest_route=\/wp\/v2\/media\/343"}],"wp:attachment":[{"href":"https:\/\/orascoptic.newyorkdental.hu\/index.php?rest_route=%2Fwp%2Fv2%2Fmedia&parent=304"}],"curies":[{"name":"wp","href":"https:\/\/api.w.org\/{rel}","templated":true}]}}