{"id":1240,"date":"2025-09-05T12:05:10","date_gmt":"2025-09-05T12:05:10","guid":{"rendered":"https:\/\/orascoptic.newyorkdental.hu\/?post_type=product&#038;p=1240"},"modified":"2025-09-05T12:15:34","modified_gmt":"2025-09-05T12:15:34","slug":"ergozoom","status":"publish","type":"product","link":"https:\/\/orascoptic.newyorkdental.hu\/?product=ergozoom","title":{"rendered":"ErgoZoom\u2122"},"content":{"rendered":"<p><strong>\u00daj Technol\u00f3gia &#8211; Egyed\u00fcl\u00e1ll\u00f3 deflexi\u00f3s prizm\u00e1k<br \/>\n<\/strong><\/p>\n<p>Az ErgoZoom\u2122 egyetlen, \u00fatt\u00f6r\u0151 rendszerben ny\u00fajt a klinikusok sz\u00e1m\u00e1ra ergonomikus testtart\u00e1s-t\u00e1mogat\u00e1st \u00e9s \u00e1ll\u00edthat\u00f3 nagy\u00edt\u00e1st.<\/p>\n<p>\u00dclhet egyenesen, \u00e9s val\u00f3s id\u0151ben \u00e1ll\u00edthatja a l\u00e1t\u00f3mez\u0151t an\u00e9lk\u00fcl, hogy eszk\u00f6zt cser\u00e9lne vagy megv\u00e1ltoztatn\u00e1 a testtart\u00e1s\u00e1t.<\/p>\n<p>K\u00e9nyelmesen v\u00e9gezheti el az el\u0151k\u00e9sz\u00edt\u0151 munk\u00e1latokat a 3,5x-es nagy\u00edt\u00e1ssal, majd r\u00e1k\u00f6zel\u00edthet az 5,5x-\u00f6s nagy\u00edt\u00e1ssal, hogy prec\u00edzen f\u00f3kusz\u00e1ljon a felhelyez\u00e9sekre \u00e9s a befejez\u0151 munk\u00e1kra.<\/p>\n<p>Foglalati lehet\u0151s\u00e9gek<\/p>\n<ul>\n<li>Lencs\u00e9n kereszt\u00fcli<\/li>\n<\/ul>\n<p>&nbsp;<\/p>\n<p>Keretopci\u00f3k<\/p>\n<ul>\n<li aria-level=\"1\">Dragonfly\u2122<\/li>\n<li aria-level=\"1\">Rydon\u2122<\/li>\n<li aria-level=\"1\">Phantom\u2122<\/li>\n<li aria-level=\"1\">Triumph\u2122<\/li>\n<li>Tempo\u2122<\/li>\n<li>Tempo Refined Fit\u2122<\/li>\n<\/ul>\n<p><span style=\"font-weight: 400;\">A deflexi\u00f3s loup\u00e9k legnagyobb el\u0151nye, hogy haszn\u00e1latukkor a fejet nem kell el\u0151re d\u00f6nteni, \u00edgy a nyakat egyenesen tartva, k\u00e9nyelmesen dolgozhat.<\/span><\/p>\n<p><span style=\"font-weight: 400;\">A deflexi\u00f3s loup\u00e9kra val\u00f3 \u00e1tt\u00e9r\u00e9st egy hosszabb tanul\u00e1si g\u00f6rbe jellemzi.<\/span><\/p>\n","protected":false},"excerpt":{"rendered":"<ul>\n<li aria-level=\"2\"><span style=\"font-weight: 400;\">Nagy\u00edt\u00e1s: 3.5x, 5.5x<\/span><\/li>\n<li style=\"font-weight: 400;\" aria-level=\"2\"><span style=\"font-weight: 400;\">L\u00e1t\u00f3mez\u0151 sz\u00e9less\u00e9ge: 9,2 cm (3.5x), 6,9 (5.5x)<\/span><\/li>\n<li style=\"font-weight: 400;\" aria-level=\"2\"><span style=\"font-weight: 400;\">L\u00e1t\u00f3mez\u0151 m\u00e9lys\u00e9ge: 9,1 cm (3.5x), 6,4 (5.5x)<\/span><\/li>\n<li style=\"font-weight: 400;\" aria-level=\"2\"><span style=\"font-weight: 400;\">Munkat\u00e1vols\u00e1g: Felhaszn\u00e1l\u00f3 sz\u00e1m\u00e1ra szem\u00e9lyre szabva<\/span><\/li>\n<li style=\"font-weight: 400;\" aria-level=\"2\"><span style=\"font-weight: 400;\">Deklin\u00e1ci\u00f3s sz\u00f6g: Felhaszn\u00e1l\u00f3 sz\u00e1m\u00e1ra szem\u00e9lyre szabva<\/span><\/li>\n<\/ul>\n","protected":false},"featured_media":1241,"comment_status":"open","ping_status":"closed","template":"","meta":[],"yoast_head":"<!-- This site is optimized with the Yoast SEO plugin v16.2 - https:\/\/yoast.com\/wordpress\/plugins\/seo\/ -->\n<title>ErgoZoom\u2122 - Orascoptic<\/title>\n<meta name=\"robots\" content=\"index, follow, max-snippet:-1, max-image-preview:large, max-video-preview:-1\" \/>\n<link rel=\"canonical\" href=\"https:\/\/orascoptic.newyorkdental.hu\/?product=ergozoom\" \/>\n<meta property=\"og:locale\" content=\"hu_HU\" \/>\n<meta property=\"og:type\" content=\"article\" \/>\n<meta property=\"og:title\" content=\"ErgoZoom\u2122 - Orascoptic\" \/>\n<meta property=\"og:description\" content=\"Nagy\u00edt\u00e1s: 3.5x, 5.5x  L\u00e1t\u00f3mez\u0151 sz\u00e9less\u00e9ge: 9,2 cm (3.5x), 6,9 (5.5x)  L\u00e1t\u00f3mez\u0151 m\u00e9lys\u00e9ge: 9,1 cm (3.5x), 6,4 (5.5x)  Munkat\u00e1vols\u00e1g: Felhaszn\u00e1l\u00f3 sz\u00e1m\u00e1ra szem\u00e9lyre szabva  Deklin\u00e1ci\u00f3s sz\u00f6g: Felhaszn\u00e1l\u00f3 sz\u00e1m\u00e1ra szem\u00e9lyre szabva\" \/>\n<meta property=\"og:url\" content=\"https:\/\/orascoptic.newyorkdental.hu\/?product=ergozoom\" \/>\n<meta property=\"og:site_name\" content=\"Orascoptic\" \/>\n<meta property=\"article:modified_time\" content=\"2025-09-05T12:15:34+00:00\" \/>\n<meta property=\"og:image\" content=\"https:\/\/orascoptic.newyorkdental.hu\/wp-content\/uploads\/2025\/09\/ErgoZoom-Phantom.jpg\" \/>\n\t<meta property=\"og:image:width\" content=\"1002\" \/>\n\t<meta property=\"og:image:height\" content=\"650\" \/>\n<meta name=\"twitter:card\" content=\"summary_large_image\" \/>\n<meta name=\"twitter:label1\" content=\"Becs\u00fclt olvas\u00e1si id\u0151\">\n\t<meta name=\"twitter:data1\" content=\"1 perc\">\n<script type=\"application\/ld+json\" class=\"yoast-schema-graph\">{\"@context\":\"https:\/\/schema.org\",\"@graph\":[{\"@type\":\"WebSite\",\"@id\":\"http:\/\/orascoptic.newyorkdental.hu\/#website\",\"url\":\"http:\/\/orascoptic.newyorkdental.hu\/\",\"name\":\"Orascoptic\",\"description\":\"Professzion\\u00e1lis orvosi lup\\u00e9k\",\"potentialAction\":[{\"@type\":\"SearchAction\",\"target\":\"http:\/\/orascoptic.newyorkdental.hu\/?s={search_term_string}\",\"query-input\":\"required name=search_term_string\"}],\"inLanguage\":\"hu\"},{\"@type\":\"ImageObject\",\"@id\":\"https:\/\/orascoptic.newyorkdental.hu\/?product=ergozoom#primaryimage\",\"inLanguage\":\"hu\",\"url\":\"https:\/\/orascoptic.newyorkdental.hu\/wp-content\/uploads\/2025\/09\/ErgoZoom-Phantom.jpg\",\"contentUrl\":\"https:\/\/orascoptic.newyorkdental.hu\/wp-content\/uploads\/2025\/09\/ErgoZoom-Phantom.jpg\",\"width\":1002,\"height\":650,\"caption\":\"Orascoptic ErgoZoom nagy\\u00edt\\u00e1s\"},{\"@type\":\"WebPage\",\"@id\":\"https:\/\/orascoptic.newyorkdental.hu\/?product=ergozoom#webpage\",\"url\":\"https:\/\/orascoptic.newyorkdental.hu\/?product=ergozoom\",\"name\":\"ErgoZoom\\u2122 - Orascoptic\",\"isPartOf\":{\"@id\":\"http:\/\/orascoptic.newyorkdental.hu\/#website\"},\"primaryImageOfPage\":{\"@id\":\"https:\/\/orascoptic.newyorkdental.hu\/?product=ergozoom#primaryimage\"},\"datePublished\":\"2025-09-05T12:05:10+00:00\",\"dateModified\":\"2025-09-05T12:15:34+00:00\",\"breadcrumb\":{\"@id\":\"https:\/\/orascoptic.newyorkdental.hu\/?product=ergozoom#breadcrumb\"},\"inLanguage\":\"hu\",\"potentialAction\":[{\"@type\":\"ReadAction\",\"target\":[\"https:\/\/orascoptic.newyorkdental.hu\/?product=ergozoom\"]}]},{\"@type\":\"BreadcrumbList\",\"@id\":\"https:\/\/orascoptic.newyorkdental.hu\/?product=ergozoom#breadcrumb\",\"itemListElement\":[{\"@type\":\"ListItem\",\"position\":1,\"item\":{\"@type\":\"WebPage\",\"@id\":\"https:\/\/orascoptic.newyorkdental.hu\/\",\"url\":\"https:\/\/orascoptic.newyorkdental.hu\/\",\"name\":\"Kezd\\u0151lap\"}},{\"@type\":\"ListItem\",\"position\":2,\"item\":{\"@type\":\"WebPage\",\"@id\":\"https:\/\/orascoptic.newyorkdental.hu\/?page_id=256\",\"url\":\"https:\/\/orascoptic.newyorkdental.hu\/?page_id=256\",\"name\":\"\\u00dczlet\"}},{\"@type\":\"ListItem\",\"position\":3,\"item\":{\"@id\":\"https:\/\/orascoptic.newyorkdental.hu\/?product=ergozoom#webpage\"}}]}]}<\/script>\n<!-- \/ Yoast SEO plugin. -->","_links":{"self":[{"href":"https:\/\/orascoptic.newyorkdental.hu\/index.php?rest_route=\/wp\/v2\/product\/1240"}],"collection":[{"href":"https:\/\/orascoptic.newyorkdental.hu\/index.php?rest_route=\/wp\/v2\/product"}],"about":[{"href":"https:\/\/orascoptic.newyorkdental.hu\/index.php?rest_route=\/wp\/v2\/types\/product"}],"replies":[{"embeddable":true,"href":"https:\/\/orascoptic.newyorkdental.hu\/index.php?rest_route=%2Fwp%2Fv2%2Fcomments&post=1240"}],"wp:featuredmedia":[{"embeddable":true,"href":"https:\/\/orascoptic.newyorkdental.hu\/index.php?rest_route=\/wp\/v2\/media\/1241"}],"wp:attachment":[{"href":"https:\/\/orascoptic.newyorkdental.hu\/index.php?rest_route=%2Fwp%2Fv2%2Fmedia&parent=1240"}],"curies":[{"name":"wp","href":"https:\/\/api.w.org\/{rel}","templated":true}]}}