{"id":1168,"date":"2025-04-24T06:54:04","date_gmt":"2025-04-24T06:54:04","guid":{"rendered":"https:\/\/orascoptic.newyorkdental.hu\/?post_type=product&#038;p=1168"},"modified":"2025-04-24T07:06:00","modified_gmt":"2025-04-24T07:06:00","slug":"endeavour-md","status":"publish","type":"product","link":"https:\/\/orascoptic.newyorkdental.hu\/?product=endeavour-md","title":{"rendered":"ENDEAVOUR\u2122 MD"},"content":{"rendered":"<p><strong>Ez a hordozhat\u00f3 LED-es f\u00e9nyrendszer kiz\u00e1r\u00f3lag a seb\u00e9szeti ter\u00fcleten alkalmazhat\u00f3.<\/strong><br \/>\nAz Endeavour MD az Endeavour XL f\u00e9nyerej\u00e9vel \u00e9s \u00fczemidej\u00e9vel megegyez\u0151 f\u00e9nyer\u0151vel \u00e9s \u00fczemid\u0151vel a seb\u00e9szek ig\u00e9nyeihez igazodik, \u00e9s egy k\u00f6nnyen kezelhet\u0151 kapcsol\u00f3val rendelkezik, amellyel a<br \/>\nf\u00e9nybe\u00e1ll\u00edt\u00e1sok a zsebbe ny\u00fal\u00e1s n\u00e9lk\u00fcl \u00e1ll\u00edthat\u00f3k be.<\/p>\n<p>Az Endeavour MD k\u00e9t akkumul\u00e1tor csomaggal kaphat\u00f3, hogy minden felhaszn\u00e1l\u00f3 sz\u00e1m\u00e1ra z\u00f6kken\u0151mentes \u00e9lm\u00e9nyt biztos\u00edtson.<\/p>\n<p><strong>Egyenletes f\u00e9nyeloszt\u00e1s<\/strong><br \/>\nA homog\u00e9n kerek folt eloszlik, egyenletesen vil\u00e1g\u00edt a l\u00e1t\u00f3mez\u0151ben.<\/p>\n<p><strong>\u00c1lland\u00f3 \u00e1ram\u00fa technol\u00f3gia<\/strong><br \/>\nA f\u00e9nyer\u0151 nem cs\u00f6kken az akkumul\u00e1tor csomag m\u0171k\u00f6d\u00e9si ideje alatt.<\/p>\n<p><strong>Speci\u00e1lis kapacit\u00edv \u00e9rint\u00e9svez\u00e9rl\u0151<\/strong><br \/>\nA f\u00e9ny gyors be\u00e1ll\u00edt\u00e1sa an\u00e9lk\u00fcl, hogy a kab\u00e1t vagy a nadr\u00e1g zseb\u00e9be kellene ny\u00falnia.<\/p>\n<p><strong>V\u00e1ltoztathat\u00f3 f\u00e9nyer\u0151<\/strong><br \/>\n3 f\u00e9nyintenzit\u00e1si szintet biztos\u00edt 115 Lumenig<\/p>\n","protected":false},"excerpt":{"rendered":"<ul>\n<li style=\"font-weight: 400;\" aria-level=\"2\"><span style=\"font-weight: 400;\">F\u00e9ny intenzit\u00e1s: 68\/90\/115 Lumen<\/span><\/li>\n<li aria-level=\"2\">F\u00e9ny sz\u00ednh\u0151m\u00e9rs\u00e9klet: 6500\u00b0 K<\/li>\n<li aria-level=\"2\">Sz\u00ednvisszaad\u00e1si index: 92 CRI<\/li>\n<li aria-level=\"2\">F\u00f3kusz: 6.99 cm spot, 30.5 cm-es f\u00f3kusz\u00e1lt f\u00e9nysug\u00e1rn\u00e1l<\/li>\n<li style=\"font-weight: 400;\" aria-level=\"2\"><span style=\"font-weight: 400;\">Intenzit\u00e1s vez\u00e9rl\u00e9s: Kapacit\u00edv<\/span><\/li>\n<li style=\"font-weight: 400;\" aria-level=\"2\"><span style=\"font-weight: 400;\">Akku t\u00edpusa: Lithium-ion<\/span><\/li>\n<li style=\"font-weight: 400;\" aria-level=\"2\">Akku \u00e9lettartam: t\u00f6bb, mint 11-24 \u00f3ra<\/li>\n<li aria-level=\"2\">T\u00f6lt\u00e9si id\u0151: t\u00f6bb, mint 6 \u00f3ra<\/li>\n<\/ul>\n","protected":false},"featured_media":1171,"comment_status":"open","ping_status":"closed","template":"","meta":[],"yoast_head":"<!-- This site is optimized with the Yoast SEO plugin v16.2 - https:\/\/yoast.com\/wordpress\/plugins\/seo\/ -->\n<title>ENDEAVOUR\u2122 MD - Orascoptic<\/title>\n<meta name=\"robots\" content=\"index, follow, max-snippet:-1, max-image-preview:large, max-video-preview:-1\" \/>\n<link rel=\"canonical\" href=\"https:\/\/orascoptic.newyorkdental.hu\/?product=endeavour-md\" \/>\n<meta property=\"og:locale\" content=\"hu_HU\" \/>\n<meta property=\"og:type\" content=\"article\" \/>\n<meta property=\"og:title\" content=\"ENDEAVOUR\u2122 MD - Orascoptic\" \/>\n<meta property=\"og:description\" content=\"F\u00e9ny intenzit\u00e1s: 68\/90\/115 Lumen  F\u00e9ny sz\u00ednh\u0151m\u00e9rs\u00e9klet: 6500\u00b0 K  Sz\u00ednvisszaad\u00e1si index: 92 CRI  F\u00f3kusz: 6.99 cm spot, 30.5 cm-es f\u00f3kusz\u00e1lt f\u00e9nysug\u00e1rn\u00e1l  Intenzit\u00e1s vez\u00e9rl\u00e9s: Kapacit\u00edv  Akku t\u00edpusa: Lithium-ion  Akku \u00e9lettartam: t\u00f6bb, mint 11-24 \u00f3ra  T\u00f6lt\u00e9si id\u0151: t\u00f6bb, mint 6 \u00f3ra\" \/>\n<meta property=\"og:url\" content=\"https:\/\/orascoptic.newyorkdental.hu\/?product=endeavour-md\" \/>\n<meta property=\"og:site_name\" content=\"Orascoptic\" \/>\n<meta property=\"article:modified_time\" content=\"2025-04-24T07:06:00+00:00\" \/>\n<meta property=\"og:image\" content=\"https:\/\/orascoptic.newyorkdental.hu\/wp-content\/uploads\/2025\/04\/Endeavour-MD-Headlight-System-scaled.jpg\" \/>\n\t<meta property=\"og:image:width\" content=\"2560\" \/>\n\t<meta property=\"og:image:height\" content=\"1456\" \/>\n<meta name=\"twitter:card\" content=\"summary_large_image\" \/>\n<meta name=\"twitter:label1\" content=\"Becs\u00fclt olvas\u00e1si id\u0151\">\n\t<meta name=\"twitter:data1\" content=\"1 perc\">\n<script type=\"application\/ld+json\" class=\"yoast-schema-graph\">{\"@context\":\"https:\/\/schema.org\",\"@graph\":[{\"@type\":\"WebSite\",\"@id\":\"http:\/\/orascoptic.newyorkdental.hu\/#website\",\"url\":\"http:\/\/orascoptic.newyorkdental.hu\/\",\"name\":\"Orascoptic\",\"description\":\"Professzion\\u00e1lis orvosi lup\\u00e9k\",\"potentialAction\":[{\"@type\":\"SearchAction\",\"target\":\"http:\/\/orascoptic.newyorkdental.hu\/?s={search_term_string}\",\"query-input\":\"required name=search_term_string\"}],\"inLanguage\":\"hu\"},{\"@type\":\"ImageObject\",\"@id\":\"https:\/\/orascoptic.newyorkdental.hu\/?product=endeavour-md#primaryimage\",\"inLanguage\":\"hu\",\"url\":\"https:\/\/orascoptic.newyorkdental.hu\/wp-content\/uploads\/2025\/04\/Endeavour-MD-Headlight-System-scaled.jpg\",\"contentUrl\":\"https:\/\/orascoptic.newyorkdental.hu\/wp-content\/uploads\/2025\/04\/Endeavour-MD-Headlight-System-scaled.jpg\",\"width\":2560,\"height\":1456,\"caption\":\"Orascoptic Endeavour MD v\\u00e1laszthat\\u00f3 vil\\u00e1g\\u00edt\\u00e1s\"},{\"@type\":\"WebPage\",\"@id\":\"https:\/\/orascoptic.newyorkdental.hu\/?product=endeavour-md#webpage\",\"url\":\"https:\/\/orascoptic.newyorkdental.hu\/?product=endeavour-md\",\"name\":\"ENDEAVOUR\\u2122 MD - Orascoptic\",\"isPartOf\":{\"@id\":\"http:\/\/orascoptic.newyorkdental.hu\/#website\"},\"primaryImageOfPage\":{\"@id\":\"https:\/\/orascoptic.newyorkdental.hu\/?product=endeavour-md#primaryimage\"},\"datePublished\":\"2025-04-24T06:54:04+00:00\",\"dateModified\":\"2025-04-24T07:06:00+00:00\",\"breadcrumb\":{\"@id\":\"https:\/\/orascoptic.newyorkdental.hu\/?product=endeavour-md#breadcrumb\"},\"inLanguage\":\"hu\",\"potentialAction\":[{\"@type\":\"ReadAction\",\"target\":[\"https:\/\/orascoptic.newyorkdental.hu\/?product=endeavour-md\"]}]},{\"@type\":\"BreadcrumbList\",\"@id\":\"https:\/\/orascoptic.newyorkdental.hu\/?product=endeavour-md#breadcrumb\",\"itemListElement\":[{\"@type\":\"ListItem\",\"position\":1,\"item\":{\"@type\":\"WebPage\",\"@id\":\"https:\/\/orascoptic.newyorkdental.hu\/\",\"url\":\"https:\/\/orascoptic.newyorkdental.hu\/\",\"name\":\"Kezd\\u0151lap\"}},{\"@type\":\"ListItem\",\"position\":2,\"item\":{\"@type\":\"WebPage\",\"@id\":\"https:\/\/orascoptic.newyorkdental.hu\/?page_id=256\",\"url\":\"https:\/\/orascoptic.newyorkdental.hu\/?page_id=256\",\"name\":\"\\u00dczlet\"}},{\"@type\":\"ListItem\",\"position\":3,\"item\":{\"@id\":\"https:\/\/orascoptic.newyorkdental.hu\/?product=endeavour-md#webpage\"}}]}]}<\/script>\n<!-- \/ Yoast SEO plugin. -->","_links":{"self":[{"href":"https:\/\/orascoptic.newyorkdental.hu\/index.php?rest_route=\/wp\/v2\/product\/1168"}],"collection":[{"href":"https:\/\/orascoptic.newyorkdental.hu\/index.php?rest_route=\/wp\/v2\/product"}],"about":[{"href":"https:\/\/orascoptic.newyorkdental.hu\/index.php?rest_route=\/wp\/v2\/types\/product"}],"replies":[{"embeddable":true,"href":"https:\/\/orascoptic.newyorkdental.hu\/index.php?rest_route=%2Fwp%2Fv2%2Fcomments&post=1168"}],"wp:featuredmedia":[{"embeddable":true,"href":"https:\/\/orascoptic.newyorkdental.hu\/index.php?rest_route=\/wp\/v2\/media\/1171"}],"wp:attachment":[{"href":"https:\/\/orascoptic.newyorkdental.hu\/index.php?rest_route=%2Fwp%2Fv2%2Fmedia&parent=1168"}],"curies":[{"name":"wp","href":"https:\/\/api.w.org\/{rel}","templated":true}]}}