{"id":1149,"date":"2025-04-10T11:27:46","date_gmt":"2025-04-10T11:27:46","guid":{"rendered":"https:\/\/orascoptic.newyorkdental.hu\/?post_type=product&#038;p=1149"},"modified":"2025-09-05T08:18:57","modified_gmt":"2025-09-05T08:18:57","slug":"phantom-valaszthato-keret","status":"publish","type":"product","link":"https:\/\/orascoptic.newyorkdental.hu\/?product=phantom-valaszthato-keret","title":{"rendered":"Phantom v\u00e1laszthat\u00f3 keret"},"content":{"rendered":"<p><strong>K\u00f6nny\u0171, k\u00e9nyelmes keret kompromisszumok n\u00e9lk\u00fcl<br \/>\n<\/strong><\/p>\n<div class=\"paragraph normal ng-star-inserted\" data-start-index=\"92\"><span class=\"bold ng-star-inserted\" data-start-index=\"92\">K\u00f6nny\u0171 tit\u00e1nb\u00f3l k\u00e9sz\u00fclt<\/span><span class=\"ng-star-inserted\" data-start-index=\"115\">, a <\/span><span class=\"bold ng-star-inserted\" data-start-index=\"119\">Phantom a legk\u00f6nnyebb sportkeret a piacon, ak\u00e1r dioptri\u00e1s lencs\u00e9vel is rendelhet\u0151<\/span><span class=\"ng-star-inserted\" data-start-index=\"191\">. A Phantom <\/span><span class=\"bold ng-star-inserted\" data-start-index=\"203\">15%-kal k\u00f6nnyebb, mint a vezet\u0151 versenyt\u00e1rs term\u00e9ke, dioptri\u00e1s lencs\u00e9vel egy\u00fctt<\/span><span class=\"ng-star-inserted\" data-start-index=\"282\">.<\/span><\/div>\n<div data-start-index=\"92\"><\/div>\n<div class=\"paragraph normal ng-star-inserted\" data-start-index=\"283\"><span class=\"ng-star-inserted\" data-start-index=\"283\">Mindenb\u0151l a legjobb tulajdons\u00e1gok \u2013 <\/span><span class=\"bold ng-star-inserted\" data-start-index=\"314\">hajl\u00edthat\u00f3 sz\u00e1rv\u00e9gek, \u00e1ll\u00edthat\u00f3 orrp\u00e1rna, k\u00e1belvezet\u0151 csatorna \u00e9s rugalmas p\u00e1ntok<\/span><span class=\"ng-star-inserted\" data-start-index=\"395\"> \u2013<\/span><span class=\"bold ng-star-inserted\" data-start-index=\"398\">\u00a0hozz\u00e1adott s\u00faly n\u00e9lk\u00fcl<\/span><span class=\"ng-star-inserted\" data-start-index=\"422\">.<\/span><\/div>\n<div class=\"paragraph normal ng-star-inserted\" data-start-index=\"423\"><span class=\"ng-star-inserted\" data-start-index=\"500\">A Phantom t\u00f6k\u00e9letes v\u00e1laszt\u00e1s azok sz\u00e1m\u00e1ra, akik a <\/span><span class=\"bold ng-star-inserted\" data-start-index=\"553\">k\u00e9nyelmet \u00e9s a st\u00edlust<\/span><span class=\"ng-star-inserted\" data-start-index=\"575\"> helyezik el\u0151t\u00e9rbe.<\/span><\/div>\n<div data-start-index=\"423\"><\/div>\n<div data-start-index=\"423\">\n<ul>\n<li aria-level=\"1\">Tit\u00e1nium<\/li>\n<li aria-level=\"1\">Minden lup\u00e9val kompatibilis<\/li>\n<li aria-level=\"1\">Lencs\u00e9n kereszt\u00fcli foglalati lehet\u0151s\u00e9g<\/li>\n<li aria-level=\"1\">Be\u00e9p\u00edtett csatorna a vil\u00e1g\u00edt\u00e1s k\u00e1belnek<\/li>\n<li aria-level=\"1\">\u00c1ll\u00edthat\u00f3 orrt\u00e1masz<\/li>\n<li aria-level=\"1\">2 m\u00e9ret (kicsi \/ norm\u00e1l)<\/li>\n<li aria-level=\"1\">S\u00faly: 16.2 gramm<\/li>\n<li aria-level=\"1\"><span style=\"font-weight: 400;\">v\u00e1laszthat\u00f3 sz\u00ednek:<\/span><\/li>\n<\/ul>\n<p><img loading=\"lazy\" class=\"alignnone wp-image-1153 size-full\" src=\"https:\/\/orascoptic.newyorkdental.hu\/wp-content\/uploads\/2025\/04\/Phantom-keret-szinek.jpg\" alt=\"\" width=\"834\" height=\"209\" srcset=\"https:\/\/orascoptic.newyorkdental.hu\/wp-content\/uploads\/2025\/04\/Phantom-keret-szinek.jpg 834w, https:\/\/orascoptic.newyorkdental.hu\/wp-content\/uploads\/2025\/04\/Phantom-keret-szinek-300x75.jpg 300w, https:\/\/orascoptic.newyorkdental.hu\/wp-content\/uploads\/2025\/04\/Phantom-keret-szinek-768x192.jpg 768w, https:\/\/orascoptic.newyorkdental.hu\/wp-content\/uploads\/2025\/04\/Phantom-keret-szinek-600x150.jpg 600w\" sizes=\"(max-width: 834px) 100vw, 834px\" \/><\/p>\n<\/div>\n<p>&nbsp;<\/p>\n","protected":false},"excerpt":{"rendered":"<p>K\u00f6nny\u0171, k\u00e9nyelmes keret kompromisszumok n\u00e9lk\u00fcl K\u00f6nny\u0171 tit\u00e1nb\u00f3l k\u00e9sz\u00fclt, a Phantom a legk\u00f6nnyebb sportkeret a piacon, ak\u00e1r dioptri\u00e1s lencs\u00e9vel is rendelhet\u0151. A Phantom 15%-kal k\u00f6nnyebb, mint a vezet\u0151 versenyt\u00e1rs term\u00e9ke, dioptri\u00e1s lencs\u00e9vel egy\u00fctt. Mindenb\u0151l a legjobb tulajdons\u00e1gok \u2013 hajl\u00edthat\u00f3 sz\u00e1rv\u00e9gek, \u00e1ll\u00edthat\u00f3 orrp\u00e1rna, k\u00e1belvezet\u0151 csatorna \u00e9s rugalmas p\u00e1ntok \u2013\u00a0hozz\u00e1adott s\u00faly n\u00e9lk\u00fcl. A Phantom t\u00f6k\u00e9letes v\u00e1laszt\u00e1s azok sz\u00e1m\u00e1ra, [&hellip;]<\/p>\n","protected":false},"featured_media":1167,"comment_status":"open","ping_status":"closed","template":"","meta":[],"yoast_head":"<!-- This site is optimized with the Yoast SEO plugin v16.2 - https:\/\/yoast.com\/wordpress\/plugins\/seo\/ -->\n<title>Phantom v\u00e1laszthat\u00f3 keret - Orascoptic<\/title>\n<meta name=\"robots\" content=\"index, follow, max-snippet:-1, max-image-preview:large, max-video-preview:-1\" \/>\n<link rel=\"canonical\" href=\"https:\/\/orascoptic.newyorkdental.hu\/?product=phantom-valaszthato-keret\" \/>\n<meta property=\"og:locale\" content=\"hu_HU\" \/>\n<meta property=\"og:type\" content=\"article\" \/>\n<meta property=\"og:title\" content=\"Phantom v\u00e1laszthat\u00f3 keret - Orascoptic\" \/>\n<meta property=\"og:description\" content=\"K\u00f6nny\u0171, k\u00e9nyelmes keret kompromisszumok n\u00e9lk\u00fcl K\u00f6nny\u0171 tit\u00e1nb\u00f3l k\u00e9sz\u00fclt, a Phantom a legk\u00f6nnyebb sportkeret a piacon, ak\u00e1r dioptri\u00e1s lencs\u00e9vel is rendelhet\u0151. A Phantom 15%-kal k\u00f6nnyebb, mint a vezet\u0151 versenyt\u00e1rs term\u00e9ke, dioptri\u00e1s lencs\u00e9vel egy\u00fctt. Mindenb\u0151l a legjobb tulajdons\u00e1gok \u2013 hajl\u00edthat\u00f3 sz\u00e1rv\u00e9gek, \u00e1ll\u00edthat\u00f3 orrp\u00e1rna, k\u00e1belvezet\u0151 csatorna \u00e9s rugalmas p\u00e1ntok \u2013\u00a0hozz\u00e1adott s\u00faly n\u00e9lk\u00fcl. A Phantom t\u00f6k\u00e9letes v\u00e1laszt\u00e1s azok sz\u00e1m\u00e1ra, [&hellip;]\" \/>\n<meta property=\"og:url\" content=\"https:\/\/orascoptic.newyorkdental.hu\/?product=phantom-valaszthato-keret\" \/>\n<meta property=\"og:site_name\" content=\"Orascoptic\" \/>\n<meta property=\"article:modified_time\" content=\"2025-09-05T08:18:57+00:00\" \/>\n<meta property=\"og:image\" content=\"https:\/\/orascoptic.newyorkdental.hu\/wp-content\/uploads\/2025\/04\/Phantom-sapphire-front.jpg\" \/>\n\t<meta property=\"og:image:width\" content=\"408\" \/>\n\t<meta property=\"og:image:height\" content=\"230\" \/>\n<meta name=\"twitter:card\" content=\"summary_large_image\" \/>\n<meta name=\"twitter:label1\" content=\"Becs\u00fclt olvas\u00e1si id\u0151\">\n\t<meta name=\"twitter:data1\" content=\"1 perc\">\n<script type=\"application\/ld+json\" class=\"yoast-schema-graph\">{\"@context\":\"https:\/\/schema.org\",\"@graph\":[{\"@type\":\"WebSite\",\"@id\":\"http:\/\/orascoptic.newyorkdental.hu\/#website\",\"url\":\"http:\/\/orascoptic.newyorkdental.hu\/\",\"name\":\"Orascoptic\",\"description\":\"Professzion\\u00e1lis orvosi lup\\u00e9k\",\"potentialAction\":[{\"@type\":\"SearchAction\",\"target\":\"http:\/\/orascoptic.newyorkdental.hu\/?s={search_term_string}\",\"query-input\":\"required name=search_term_string\"}],\"inLanguage\":\"hu\"},{\"@type\":\"ImageObject\",\"@id\":\"https:\/\/orascoptic.newyorkdental.hu\/?product=phantom-valaszthato-keret#primaryimage\",\"inLanguage\":\"hu\",\"url\":\"https:\/\/orascoptic.newyorkdental.hu\/wp-content\/uploads\/2025\/04\/Phantom-sapphire-front.jpg\",\"contentUrl\":\"https:\/\/orascoptic.newyorkdental.hu\/wp-content\/uploads\/2025\/04\/Phantom-sapphire-front.jpg\",\"width\":408,\"height\":230,\"caption\":\"Orascoptic Phantom v\\u00e1laszthat\\u00f3 keret\"},{\"@type\":\"WebPage\",\"@id\":\"https:\/\/orascoptic.newyorkdental.hu\/?product=phantom-valaszthato-keret#webpage\",\"url\":\"https:\/\/orascoptic.newyorkdental.hu\/?product=phantom-valaszthato-keret\",\"name\":\"Phantom v\\u00e1laszthat\\u00f3 keret - Orascoptic\",\"isPartOf\":{\"@id\":\"http:\/\/orascoptic.newyorkdental.hu\/#website\"},\"primaryImageOfPage\":{\"@id\":\"https:\/\/orascoptic.newyorkdental.hu\/?product=phantom-valaszthato-keret#primaryimage\"},\"datePublished\":\"2025-04-10T11:27:46+00:00\",\"dateModified\":\"2025-09-05T08:18:57+00:00\",\"breadcrumb\":{\"@id\":\"https:\/\/orascoptic.newyorkdental.hu\/?product=phantom-valaszthato-keret#breadcrumb\"},\"inLanguage\":\"hu\",\"potentialAction\":[{\"@type\":\"ReadAction\",\"target\":[\"https:\/\/orascoptic.newyorkdental.hu\/?product=phantom-valaszthato-keret\"]}]},{\"@type\":\"BreadcrumbList\",\"@id\":\"https:\/\/orascoptic.newyorkdental.hu\/?product=phantom-valaszthato-keret#breadcrumb\",\"itemListElement\":[{\"@type\":\"ListItem\",\"position\":1,\"item\":{\"@type\":\"WebPage\",\"@id\":\"https:\/\/orascoptic.newyorkdental.hu\/\",\"url\":\"https:\/\/orascoptic.newyorkdental.hu\/\",\"name\":\"Kezd\\u0151lap\"}},{\"@type\":\"ListItem\",\"position\":2,\"item\":{\"@type\":\"WebPage\",\"@id\":\"https:\/\/orascoptic.newyorkdental.hu\/?page_id=256\",\"url\":\"https:\/\/orascoptic.newyorkdental.hu\/?page_id=256\",\"name\":\"\\u00dczlet\"}},{\"@type\":\"ListItem\",\"position\":3,\"item\":{\"@id\":\"https:\/\/orascoptic.newyorkdental.hu\/?product=phantom-valaszthato-keret#webpage\"}}]}]}<\/script>\n<!-- \/ Yoast SEO plugin. -->","_links":{"self":[{"href":"https:\/\/orascoptic.newyorkdental.hu\/index.php?rest_route=\/wp\/v2\/product\/1149"}],"collection":[{"href":"https:\/\/orascoptic.newyorkdental.hu\/index.php?rest_route=\/wp\/v2\/product"}],"about":[{"href":"https:\/\/orascoptic.newyorkdental.hu\/index.php?rest_route=\/wp\/v2\/types\/product"}],"replies":[{"embeddable":true,"href":"https:\/\/orascoptic.newyorkdental.hu\/index.php?rest_route=%2Fwp%2Fv2%2Fcomments&post=1149"}],"wp:featuredmedia":[{"embeddable":true,"href":"https:\/\/orascoptic.newyorkdental.hu\/index.php?rest_route=\/wp\/v2\/media\/1167"}],"wp:attachment":[{"href":"https:\/\/orascoptic.newyorkdental.hu\/index.php?rest_route=%2Fwp%2Fv2%2Fmedia&parent=1149"}],"curies":[{"name":"wp","href":"https:\/\/api.w.org\/{rel}","templated":true}]}}