{"id":1043,"date":"2023-05-09T07:27:47","date_gmt":"2023-05-09T07:27:47","guid":{"rendered":"https:\/\/orascoptic.newyorkdental.hu\/?post_type=product&#038;p=1043"},"modified":"2023-05-09T10:00:28","modified_gmt":"2023-05-09T10:00:28","slug":"hdl-ergo-3-5x","status":"publish","type":"product","link":"https:\/\/orascoptic.newyorkdental.hu\/?product=hdl-ergo-3-5x","title":{"rendered":"HDL Ergo\u2122 3.5x"},"content":{"rendered":"<p><strong>\u00daj Technol\u00f3gia &#8211; Egyed\u00fcl\u00e1ll\u00f3 deflexi\u00f3s prizm\u00e1k<br \/>\n<\/strong><br \/>\n<span style=\"font-weight: 400;\">A tanulm\u00e1nyok szerint a\u00a0 fog\u00e1szati szakemberek t\u00f6bb mint 80%-a\u00a0 tapasztal nyak-v\u00e1ll\u00a0 \u00e9s vagy gerincf\u00e1jdalmat a munkav\u00e9gz\u00e9s\u00fck sor\u00e1n.<br \/>\n<\/span>Az ergon\u00f3mi\u00e1ra \u00f6sszpontos\u00edtva ez az \u00faj t\u00edpus\u00fa loupe a testtart\u00e1s jav\u00edt\u00e1s\u00e1ra \u00e9s a ( m\u00e1r megl\u00e9v\u0151) nyaki panaszok enyh\u00edt\u00e9s\u00e9re lett tervezve. \u00cdgy a lehet\u0151 legkevesebb energi\u00e1t veszi ig\u00e9nybe a helyes testtart\u00e1s fenntart\u00e1s\u00e1hoz.<\/p>\n<ul>\n<li>A semleges testtart\u00e1s sokkal fontosabb, mint gondoln\u00e1 &#8211; befoly\u00e1solja a l\u00e9gz\u00e9st \u00e9s a kering\u00e9st.<\/li>\n<li>(+) Tov\u00e1bbi el\u0151ny\u00f6k- a szemek el\u0151re n\u00e9znek, teh\u00e1t nem konverg\u00e1lnak.<\/li>\n<\/ul>\n<p><span style=\"font-weight: 400;\">\u00d3vja karrierj\u00e9t egy olyan lup\u00e9val, amely jav\u00edtja a testtart\u00e1s\u00e1t \u00e9s seg\u00edti l\u00e1t\u00e1s\u00e1t.\u00a0<\/span><\/p>\n<p><span style=\"font-weight: 400;\">Az\u00a0 egyedi deflexi\u00f3s- sz\u00f6gt\u00f6rt\u00a0 optika\u00a0 kialak\u00edt\u00e1snak\u00a0 k\u00f6sz\u00f6nhet\u0151en az Ergo loup\u00e9k 10\u00b0-os d\u0151l\u00e9ssz\u00f6ggel k\u00e9sz\u00fclnek. <\/span><\/p>\n<p><span style=\"font-weight: 400;\">A 3,5x-es nagy\u00edt\u00e1s kifejezetten fogorvosok sz\u00e1m\u00e1ra lett\u00a0 kifejlesztve ami\u00a0 lehet\u0151v\u00e9 teszi a klinikusok sz\u00e1m\u00e1ra, hogy egyenesen \u00fcljenek \u00e9s ezzel cs\u00f6kkentve a nyak d\u0151l\u00e9ssz\u00f6g\u00e9t.\u00a0<\/span><\/p>\n<p>Foglalati lehet\u0151s\u00e9gek<\/p>\n<ul>\n<li>Lencs\u00e9n kereszt\u00fcli<\/li>\n<\/ul>\n<p>Keretopci\u00f3k<\/p>\n<ul>\n<li aria-level=\"1\">Dragonfly Pro\u2122<\/li>\n<li aria-level=\"1\">Dragonfly NEO<b>\u2122<\/b><\/li>\n<li aria-level=\"1\">Ergo Edge\u2122<\/li>\n<li>RydonX\u2122<\/li>\n<li aria-level=\"1\">Tempo\u2122<\/li>\n<li aria-level=\"1\">Tempo Refined Fit\u2122<\/li>\n<li>Triumph\u2122<\/li>\n<li>Victory<\/li>\n<\/ul>\n<p><span style=\"font-weight: 400;\">A deflexi\u00f3s loup\u00e9k legnagyobb el\u0151nye, hogy haszn\u00e1latukkor a fejet nem kell el\u0151re d\u00f6nteni, \u00edgy a nyakat egyenesen tartva, k\u00e9nyelmesen dolgozhat.<\/span><\/p>\n<p><span style=\"font-weight: 400;\">A deflexi\u00f3s loup\u00e9kra val\u00f3 \u00e1tt\u00e9r\u00e9st egy hosszabb tanul\u00e1si g\u00f6rbe jellemzi.<\/span><\/p>\n","protected":false},"excerpt":{"rendered":"<ul>\n<li aria-level=\"2\"><span style=\"font-weight: 400;\">Nagy\u00edt\u00e1s: 3.5x<\/span><\/li>\n<li style=\"font-weight: 400;\" aria-level=\"2\"><span style=\"font-weight: 400;\">L\u00e1t\u00f3mez\u0151 sz\u00e9less\u00e9ge: 8,5 cm<\/span><\/li>\n<li style=\"font-weight: 400;\" aria-level=\"2\"><span style=\"font-weight: 400;\">L\u00e1t\u00f3mez\u0151 m\u00e9lys\u00e9ge: 8 cm<\/span><\/li>\n<li style=\"font-weight: 400;\" aria-level=\"2\"><span style=\"font-weight: 400;\">Munkat\u00e1vols\u00e1g: Felhaszn\u00e1l\u00f3 sz\u00e1m\u00e1ra szem\u00e9lyre szabva<\/span><\/li>\n<li style=\"font-weight: 400;\" aria-level=\"2\"><span style=\"font-weight: 400;\">Deklin\u00e1ci\u00f3s sz\u00f6g: Felhaszn\u00e1l\u00f3 sz\u00e1m\u00e1ra szem\u00e9lyre szabva<\/span><\/li>\n<li aria-level=\"2\"><span style=\"font-weight: 400;\">S\u00faly: 61,1 g<\/span><\/li>\n<\/ul>\n","protected":false},"featured_media":1044,"comment_status":"open","ping_status":"closed","template":"","meta":[],"yoast_head":"<!-- This site is optimized with the Yoast SEO plugin v16.2 - https:\/\/yoast.com\/wordpress\/plugins\/seo\/ -->\n<title>HDL Ergo\u2122 3.5x - Orascoptic<\/title>\n<meta name=\"robots\" content=\"index, follow, max-snippet:-1, max-image-preview:large, max-video-preview:-1\" \/>\n<link rel=\"canonical\" href=\"https:\/\/orascoptic.newyorkdental.hu\/?product=hdl-ergo-3-5x\" \/>\n<meta property=\"og:locale\" content=\"hu_HU\" \/>\n<meta property=\"og:type\" content=\"article\" \/>\n<meta property=\"og:title\" content=\"HDL Ergo\u2122 3.5x - Orascoptic\" \/>\n<meta property=\"og:description\" content=\"Nagy\u00edt\u00e1s: 3.5x  L\u00e1t\u00f3mez\u0151 sz\u00e9less\u00e9ge: 8,5 cm  L\u00e1t\u00f3mez\u0151 m\u00e9lys\u00e9ge: 8 cm  Munkat\u00e1vols\u00e1g: Felhaszn\u00e1l\u00f3 sz\u00e1m\u00e1ra szem\u00e9lyre szabva  Deklin\u00e1ci\u00f3s sz\u00f6g: Felhaszn\u00e1l\u00f3 sz\u00e1m\u00e1ra szem\u00e9lyre szabva  S\u00faly: 61,1 g\" \/>\n<meta property=\"og:url\" content=\"https:\/\/orascoptic.newyorkdental.hu\/?product=hdl-ergo-3-5x\" \/>\n<meta property=\"og:site_name\" content=\"Orascoptic\" \/>\n<meta property=\"article:modified_time\" content=\"2023-05-09T10:00:28+00:00\" \/>\n<meta property=\"og:image\" content=\"https:\/\/orascoptic.newyorkdental.hu\/wp-content\/uploads\/2023\/05\/HDL-Ergo-35.png\" \/>\n\t<meta property=\"og:image:width\" content=\"576\" \/>\n\t<meta property=\"og:image:height\" content=\"325\" \/>\n<meta name=\"twitter:card\" content=\"summary_large_image\" \/>\n<meta name=\"twitter:label1\" content=\"Becs\u00fclt olvas\u00e1si id\u0151\">\n\t<meta name=\"twitter:data1\" content=\"1 perc\">\n<script type=\"application\/ld+json\" class=\"yoast-schema-graph\">{\"@context\":\"https:\/\/schema.org\",\"@graph\":[{\"@type\":\"WebSite\",\"@id\":\"http:\/\/orascoptic.newyorkdental.hu\/#website\",\"url\":\"http:\/\/orascoptic.newyorkdental.hu\/\",\"name\":\"Orascoptic\",\"description\":\"Professzion\\u00e1lis orvosi lup\\u00e9k\",\"potentialAction\":[{\"@type\":\"SearchAction\",\"target\":\"http:\/\/orascoptic.newyorkdental.hu\/?s={search_term_string}\",\"query-input\":\"required name=search_term_string\"}],\"inLanguage\":\"hu\"},{\"@type\":\"ImageObject\",\"@id\":\"https:\/\/orascoptic.newyorkdental.hu\/?product=hdl-ergo-3-5x#primaryimage\",\"inLanguage\":\"hu\",\"url\":\"https:\/\/orascoptic.newyorkdental.hu\/wp-content\/uploads\/2023\/05\/HDL-Ergo-35.png\",\"contentUrl\":\"https:\/\/orascoptic.newyorkdental.hu\/wp-content\/uploads\/2023\/05\/HDL-Ergo-35.png\",\"width\":576,\"height\":325},{\"@type\":\"WebPage\",\"@id\":\"https:\/\/orascoptic.newyorkdental.hu\/?product=hdl-ergo-3-5x#webpage\",\"url\":\"https:\/\/orascoptic.newyorkdental.hu\/?product=hdl-ergo-3-5x\",\"name\":\"HDL Ergo\\u2122 3.5x - Orascoptic\",\"isPartOf\":{\"@id\":\"http:\/\/orascoptic.newyorkdental.hu\/#website\"},\"primaryImageOfPage\":{\"@id\":\"https:\/\/orascoptic.newyorkdental.hu\/?product=hdl-ergo-3-5x#primaryimage\"},\"datePublished\":\"2023-05-09T07:27:47+00:00\",\"dateModified\":\"2023-05-09T10:00:28+00:00\",\"breadcrumb\":{\"@id\":\"https:\/\/orascoptic.newyorkdental.hu\/?product=hdl-ergo-3-5x#breadcrumb\"},\"inLanguage\":\"hu\",\"potentialAction\":[{\"@type\":\"ReadAction\",\"target\":[\"https:\/\/orascoptic.newyorkdental.hu\/?product=hdl-ergo-3-5x\"]}]},{\"@type\":\"BreadcrumbList\",\"@id\":\"https:\/\/orascoptic.newyorkdental.hu\/?product=hdl-ergo-3-5x#breadcrumb\",\"itemListElement\":[{\"@type\":\"ListItem\",\"position\":1,\"item\":{\"@type\":\"WebPage\",\"@id\":\"https:\/\/orascoptic.newyorkdental.hu\/\",\"url\":\"https:\/\/orascoptic.newyorkdental.hu\/\",\"name\":\"Kezd\\u0151lap\"}},{\"@type\":\"ListItem\",\"position\":2,\"item\":{\"@type\":\"WebPage\",\"@id\":\"https:\/\/orascoptic.newyorkdental.hu\/?page_id=256\",\"url\":\"https:\/\/orascoptic.newyorkdental.hu\/?page_id=256\",\"name\":\"\\u00dczlet\"}},{\"@type\":\"ListItem\",\"position\":3,\"item\":{\"@id\":\"https:\/\/orascoptic.newyorkdental.hu\/?product=hdl-ergo-3-5x#webpage\"}}]}]}<\/script>\n<!-- \/ Yoast SEO plugin. -->","_links":{"self":[{"href":"https:\/\/orascoptic.newyorkdental.hu\/index.php?rest_route=\/wp\/v2\/product\/1043"}],"collection":[{"href":"https:\/\/orascoptic.newyorkdental.hu\/index.php?rest_route=\/wp\/v2\/product"}],"about":[{"href":"https:\/\/orascoptic.newyorkdental.hu\/index.php?rest_route=\/wp\/v2\/types\/product"}],"replies":[{"embeddable":true,"href":"https:\/\/orascoptic.newyorkdental.hu\/index.php?rest_route=%2Fwp%2Fv2%2Fcomments&post=1043"}],"wp:featuredmedia":[{"embeddable":true,"href":"https:\/\/orascoptic.newyorkdental.hu\/index.php?rest_route=\/wp\/v2\/media\/1044"}],"wp:attachment":[{"href":"https:\/\/orascoptic.newyorkdental.hu\/index.php?rest_route=%2Fwp%2Fv2%2Fmedia&parent=1043"}],"curies":[{"name":"wp","href":"https:\/\/api.w.org\/{rel}","templated":true}]}}