{"id":1071,"date":"2024-11-05T12:48:49","date_gmt":"2024-11-05T12:48:49","guid":{"rendered":"https:\/\/orascoptic.newyorkdental.hu\/?page_id=1071"},"modified":"2024-11-12T12:32:15","modified_gmt":"2024-11-12T12:32:15","slug":"diakoknak","status":"publish","type":"page","link":"https:\/\/orascoptic.newyorkdental.hu\/?page_id=1071","title":{"rendered":"Di\u00e1koknak"},"content":{"rendered":"\t\t<div data-elementor-type=\"wp-page\" data-elementor-id=\"1071\" class=\"elementor elementor-1071\" data-elementor-settings=\"[]\">\n\t\t\t\t\t\t<div class=\"elementor-inner\">\n\t\t\t\t\t\t\t<div class=\"elementor-section-wrap\">\n\t\t\t\t\t\t\t<section class=\"elementor-section elementor-top-section elementor-element elementor-element-99e18d6 elementor-section-boxed elementor-section-height-default elementor-section-height-default\" data-id=\"99e18d6\" data-element_type=\"section\">\n\t\t\t\t\t\t\t<div class=\"elementor-background-overlay\"><\/div>\n\t\t\t\t\t\t\t<div class=\"elementor-container elementor-column-gap-default\">\n\t\t\t\t\t\t\t<div class=\"elementor-row\">\n\t\t\t\t\t<div class=\"elementor-column elementor-col-100 elementor-top-column elementor-element elementor-element-8ea81a1\" data-id=\"8ea81a1\" data-element_type=\"column\">\n\t\t\t<div class=\"elementor-column-wrap elementor-element-populated\">\n\t\t\t\t\t\t\t<div class=\"elementor-widget-wrap\">\n\t\t\t\t\t\t<div class=\"elementor-element elementor-element-aa034f7 elementor-widget elementor-widget-image\" data-id=\"aa034f7\" data-element_type=\"widget\" data-widget_type=\"image.default\">\n\t\t\t\t<div class=\"elementor-widget-container\">\n\t\t\t\t\t\t\t\t<div class=\"elementor-image\">\n\t\t\t\t\t\t\t\t\t\t\t\t<img width=\"1920\" height=\"650\" src=\"https:\/\/orascoptic.newyorkdental.hu\/wp-content\/uploads\/2024\/11\/Students-2500x850-hero2024.jpg\" class=\"attachment-full size-full\" alt=\"\" loading=\"lazy\" srcset=\"https:\/\/orascoptic.newyorkdental.hu\/wp-content\/uploads\/2024\/11\/Students-2500x850-hero2024.jpg 1920w, https:\/\/orascoptic.newyorkdental.hu\/wp-content\/uploads\/2024\/11\/Students-2500x850-hero2024-300x102.jpg 300w, https:\/\/orascoptic.newyorkdental.hu\/wp-content\/uploads\/2024\/11\/Students-2500x850-hero2024-1024x347.jpg 1024w, https:\/\/orascoptic.newyorkdental.hu\/wp-content\/uploads\/2024\/11\/Students-2500x850-hero2024-768x260.jpg 768w, https:\/\/orascoptic.newyorkdental.hu\/wp-content\/uploads\/2024\/11\/Students-2500x850-hero2024-1536x520.jpg 1536w, https:\/\/orascoptic.newyorkdental.hu\/wp-content\/uploads\/2024\/11\/Students-2500x850-hero2024-600x203.jpg 600w\" sizes=\"(max-width: 1920px) 100vw, 1920px\" \/>\t\t\t\t\t\t\t\t\t\t\t\t\t\t<\/div>\n\t\t\t\t\t\t<\/div>\n\t\t\t\t<\/div>\n\t\t\t\t\t\t<\/div>\n\t\t\t\t\t<\/div>\n\t\t<\/div>\n\t\t\t\t\t\t\t\t<\/div>\n\t\t\t\t\t<\/div>\n\t\t<\/section>\n\t\t\t\t<section class=\"elementor-section elementor-top-section elementor-element elementor-element-40884a3 elementor-section-boxed elementor-section-height-default elementor-section-height-default\" data-id=\"40884a3\" data-element_type=\"section\">\n\t\t\t\t\t\t<div class=\"elementor-container elementor-column-gap-default\">\n\t\t\t\t\t\t\t<div class=\"elementor-row\">\n\t\t\t\t\t<div class=\"elementor-column elementor-col-100 elementor-top-column elementor-element elementor-element-a07d88e\" data-id=\"a07d88e\" data-element_type=\"column\">\n\t\t\t<div class=\"elementor-column-wrap elementor-element-populated\">\n\t\t\t\t\t\t\t<div class=\"elementor-widget-wrap\">\n\t\t\t\t\t\t<section class=\"elementor-section elementor-inner-section elementor-element elementor-element-b5a492a elementor-section-boxed elementor-section-height-default elementor-section-height-default\" data-id=\"b5a492a\" data-element_type=\"section\">\n\t\t\t\t\t\t<div class=\"elementor-container elementor-column-gap-default\">\n\t\t\t\t\t\t\t<div class=\"elementor-row\">\n\t\t\t\t\t<div class=\"elementor-column elementor-col-50 elementor-inner-column elementor-element elementor-element-49831ab\" data-id=\"49831ab\" data-element_type=\"column\">\n\t\t\t<div class=\"elementor-column-wrap elementor-element-populated\">\n\t\t\t\t\t\t\t<div class=\"elementor-widget-wrap\">\n\t\t\t\t\t\t<div class=\"elementor-element elementor-element-75b4757 elementor-widget elementor-widget-heading\" data-id=\"75b4757\" data-element_type=\"widget\" data-widget_type=\"heading.default\">\n\t\t\t\t<div class=\"elementor-widget-container\">\n\t\t\t<h1 class=\"elementor-heading-title elementor-size-default\">Di\u00e1koknak<\/h1>\t\t<\/div>\n\t\t\t\t<\/div>\n\t\t\t\t<div class=\"elementor-element elementor-element-425ab8ed elementor-widget elementor-widget-text-editor\" data-id=\"425ab8ed\" data-element_type=\"widget\" data-widget_type=\"text-editor.default\">\n\t\t\t\t<div class=\"elementor-widget-container\">\n\t\t\t\t\t\t\t\t<div class=\"elementor-text-editor elementor-clearfix\">\n\t\t\t\t\t<!-- wp:paragraph -->\n<p>Mint a loup\u00e9k ipar\u00e1gvezet\u0151je, k\u00fcldet\u00e9s\u00fcnk, hogy seg\u00edts\u00fcnk a loup\u00e9 haszn\u00e1l\u00f3knak a lehet\u0151 legjobb teljes\u00edtm\u00e9nyt ny\u00fajtani. Az\u00e9rt vagyunk itt, hogy t\u00e1mogassunk m\u00e1r az utad kezdet\u00e9t\u0151l, di\u00e1kk\u00e9nt is.<\/p>\n<!-- \/wp:paragraph -->\t\t\t\t\t<\/div>\n\t\t\t\t\t\t<\/div>\n\t\t\t\t<\/div>\n\t\t\t\t<div class=\"elementor-element elementor-element-00f877b elementor-widget elementor-widget-heading\" data-id=\"00f877b\" data-element_type=\"widget\" data-widget_type=\"heading.default\">\n\t\t\t\t<div class=\"elementor-widget-container\">\n\t\t\t<h2 class=\"elementor-heading-title elementor-size-default\">Az Orascoptic di\u00e1kok sz\u00e1m\u00e1ra ny\u00fajtott el\u0151nyei:<\/h2>\t\t<\/div>\n\t\t\t\t<\/div>\n\t\t\t\t<div class=\"elementor-element elementor-element-b52ae9c elementor-widget elementor-widget-text-editor\" data-id=\"b52ae9c\" data-element_type=\"widget\" data-widget_type=\"text-editor.default\">\n\t\t\t\t<div class=\"elementor-widget-container\">\n\t\t\t\t\t\t\t\t<div class=\"elementor-text-editor elementor-clearfix\">\n\t\t\t\t\t<ul>\n<li><b>ak\u00e1r 35%-os kedvezm\u00e9ny az eredeti \u00e1rb\u00f3l<\/b>,<\/li>\n<li>loup\u00e9 \u00e9s vil\u00e1g\u00edt\u00e1s kedvezm\u00e9nyek<\/li>\n<li>Ingyenes munkat\u00e1vols\u00e1g-be\u00e1ll\u00edt\u00e1s<\/li>\n<li>Ingyenes Rx v\u00e1ltoztat\u00e1sok<\/li>\n<li>Ingyenes jav\u00edt\u00e1s<\/li>\n<li>Ingyenes tiszt\u00edt\u00e1si \u00e9s fel\u00faj\u00edt\u00e1si szolg\u00e1ltat\u00e1s<\/li>\n<li>Ingyenes kieg\u00e9sz\u00edt\u0151k<\/li>\n<\/ul>\t\t\t\t\t<\/div>\n\t\t\t\t\t\t<\/div>\n\t\t\t\t<\/div>\n\t\t\t\t<div class=\"elementor-element elementor-element-10d89c5 elementor-widget elementor-widget-text-editor\" data-id=\"10d89c5\" data-element_type=\"widget\" data-widget_type=\"text-editor.default\">\n\t\t\t\t<div class=\"elementor-widget-container\">\n\t\t\t\t\t\t\t\t<div class=\"elementor-text-editor elementor-clearfix\">\n\t\t\t\t\t<p>Ezen k\u00edv\u00fcl a di\u00e1kok sz\u00e1m\u00e1ra k\u00edn\u00e1latunkban kedvezm\u00e9nyes csomagok is el\u00e9rhet\u0151ek a loup\u00e9k \u00e9s l\u00e1mp\u00e1k kombin\u00e1ci\u00f3j\u00e1ra.<\/p>\t\t\t\t\t<\/div>\n\t\t\t\t\t\t<\/div>\n\t\t\t\t<\/div>\n\t\t\t\t<div class=\"elementor-element elementor-element-e167e11 elementor-widget elementor-widget-heading\" data-id=\"e167e11\" data-element_type=\"widget\" data-widget_type=\"heading.default\">\n\t\t\t\t<div class=\"elementor-widget-container\">\n\t\t\t<h3 class=\"elementor-heading-title elementor-size-default\">Szeretn\u00e9d tudni, hogy di\u00e1kk\u00e9nt hogyan tudod ig\u00e9nybe venni a kedvezm\u00e9nyeket?<\/h3>\t\t<\/div>\n\t\t\t\t<\/div>\n\t\t\t\t<div class=\"elementor-element elementor-element-dda2adb elementor-align-center elementor-widget elementor-widget-button\" data-id=\"dda2adb\" data-element_type=\"widget\" data-widget_type=\"button.default\">\n\t\t\t\t<div class=\"elementor-widget-container\">\n\t\t\t\t\t<div class=\"elementor-button-wrapper\">\n\t\t\t<a href=\"#mmform304290\" class=\"elementor-button-link elementor-button elementor-size-sm\" role=\"button\" id=\"students-erdekel\">\n\t\t\t\t\t\t<span class=\"elementor-button-content-wrapper\">\n\t\t\t\t\t\t<span class=\"elementor-button-text\">\u00c9rdekel<\/span>\n\t\t<\/span>\n\t\t\t\t\t<\/a>\n\t\t<\/div>\n\t\t\t\t<\/div>\n\t\t\t\t<\/div>\n\t\t\t\t\t\t<\/div>\n\t\t\t\t\t<\/div>\n\t\t<\/div>\n\t\t\t\t<div class=\"elementor-column elementor-col-50 elementor-inner-column elementor-element elementor-element-27ed3bb\" data-id=\"27ed3bb\" data-element_type=\"column\">\n\t\t\t<div class=\"elementor-column-wrap elementor-element-populated\">\n\t\t\t\t\t\t\t<div class=\"elementor-widget-wrap\">\n\t\t\t\t\t\t<div class=\"elementor-element elementor-element-0f5043b elementor-widget elementor-widget-html\" data-id=\"0f5043b\" data-element_type=\"widget\" data-widget_type=\"html.default\">\n\t\t\t\t<div class=\"elementor-widget-container\">\n\t\t\t<div id=\"mmform304290\" class=\"mmform\" style=\"position: relative; padding-bottom: 300px; height: 0; overflow: hidden; max-width: 100%;\"><\/div>\r\n<script type=\"text\/javascript\">\r\nvar uniqueId = 3042901730810770082,\r\n\tlistId = 153317,\r\n\tformId = 304290,\r\n\tiwidth=420,\r\n\tmmDomain='salesautopilot.s3.amazonaws.com',\r\n\tsecondMMDomain='sw.marketingszoftverek.hu',\r\n\tspancont=false,\r\n\tsecure='https:' == (document.location.protocol)?true:false;\r\n<\/script>\r\n<script type=\"text\/javascript\" src=\"https:\/\/d1ursyhqs5x9h1.cloudfront.net\/sw\/scripts\/mm-embed-iframe-1.17.min.js\"><\/script>\t\t<\/div>\n\t\t\t\t<\/div>\n\t\t\t\t\t\t<\/div>\n\t\t\t\t\t<\/div>\n\t\t<\/div>\n\t\t\t\t\t\t\t\t<\/div>\n\t\t\t\t\t<\/div>\n\t\t<\/section>\n\t\t\t\t\t\t<\/div>\n\t\t\t\t\t<\/div>\n\t\t<\/div>\n\t\t\t\t\t\t\t\t<\/div>\n\t\t\t\t\t<\/div>\n\t\t<\/section>\n\t\t\t\t<section class=\"elementor-section elementor-top-section elementor-element elementor-element-80f7408 elementor-section-boxed elementor-section-height-default elementor-section-height-default\" data-id=\"80f7408\" data-element_type=\"section\">\n\t\t\t\t\t\t<div class=\"elementor-container elementor-column-gap-default\">\n\t\t\t\t\t\t\t<div class=\"elementor-row\">\n\t\t\t\t\t<div class=\"elementor-column elementor-col-50 elementor-top-column elementor-element elementor-element-6568912\" data-id=\"6568912\" data-element_type=\"column\">\n\t\t\t<div class=\"elementor-column-wrap elementor-element-populated\">\n\t\t\t\t\t\t\t<div class=\"elementor-widget-wrap\">\n\t\t\t\t\t\t<div class=\"elementor-element elementor-element-eb53dec elementor-aspect-ratio-169 elementor-widget elementor-widget-video\" data-id=\"eb53dec\" data-element_type=\"widget\" data-settings=\"{&quot;youtube_url&quot;:&quot;https:\\\/\\\/www.youtube.com\\\/watch?v=ESJfQ-KcZ-A&quot;,&quot;video_type&quot;:&quot;youtube&quot;,&quot;controls&quot;:&quot;yes&quot;,&quot;aspect_ratio&quot;:&quot;169&quot;}\" data-widget_type=\"video.default\">\n\t\t\t\t<div class=\"elementor-widget-container\">\n\t\t\t\t\t<div class=\"elementor-wrapper elementor-fit-aspect-ratio elementor-open-inline\">\n\t\t\t<div class=\"elementor-video\"><\/div>\t\t<\/div>\n\t\t\t\t<\/div>\n\t\t\t\t<\/div>\n\t\t\t\t\t\t<\/div>\n\t\t\t\t\t<\/div>\n\t\t<\/div>\n\t\t\t\t<div class=\"elementor-column elementor-col-50 elementor-top-column elementor-element elementor-element-6378870\" data-id=\"6378870\" data-element_type=\"column\">\n\t\t\t<div class=\"elementor-column-wrap elementor-element-populated\">\n\t\t\t\t\t\t\t<div class=\"elementor-widget-wrap\">\n\t\t\t\t\t\t<div class=\"elementor-element elementor-element-bb2ae98 elementor-widget elementor-widget-text-editor\" data-id=\"bb2ae98\" data-element_type=\"widget\" data-widget_type=\"text-editor.default\">\n\t\t\t\t<div class=\"elementor-widget-container\">\n\t\t\t\t\t\t\t\t<div class=\"elementor-text-editor elementor-clearfix\">\n\t\t\t\t\t<p><!-- wp:paragraph --><\/p>\n<p>Az Orascoptic minden loup\u00e9j\u00e1t egy\u00e9nre szabottan k\u00e9sz\u00edtik el a felhaszn\u00e1l\u00f3 specifik\u00e1ci\u00f3i alapj\u00e1n, hogy a legjobb teljes\u00edtm\u00e9nyt lehessen el\u00e9rni. Prec\u00edz m\u00e9r\u00e9seket v\u00e9geznek az arc geometri\u00e1j\u00e1r\u00f3l, hogy ergonomikusabb\u00e1 tegy\u00e9k a munkav\u00e9gz\u00e9st, seg\u00edtve ezzel a hat\u00e9konyabb gyakorl\u00e1st.<\/p>\n<p><!-- \/wp:paragraph --><\/p>\t\t\t\t\t<\/div>\n\t\t\t\t\t\t<\/div>\n\t\t\t\t<\/div>\n\t\t\t\t<div class=\"elementor-element elementor-element-33b19e1 elementor-widget elementor-widget-text-editor\" data-id=\"33b19e1\" data-element_type=\"widget\" data-widget_type=\"text-editor.default\">\n\t\t\t\t<div class=\"elementor-widget-container\">\n\t\t\t\t\t\t\t\t<div class=\"elementor-text-editor elementor-clearfix\">\n\t\t\t\t\t<p><!-- wp:paragraph --><\/p>\n<p>Az \u00e9let egyik legnagyobb kalandja el\u0151tt \u00e1llsz \u2013 egy sikeres karrier kezdet\u00e9n.<\/p>\n<p>Mi pedig seg\u00edteni szeretn\u00e9nk, hogy nyomot hagyj. Szak\u00e9rt\u0151ink seg\u00edtenek kiv\u00e1lasztani a megfelel\u0151 loup\u00e9t \u00e9s fejl\u00e1mp\u00e1t, hogy felfedezd legfontosabb klinikai eszk\u00f6z\u00f6det.<\/p>\n<p><!-- \/wp:paragraph --><\/p>\t\t\t\t\t<\/div>\n\t\t\t\t\t\t<\/div>\n\t\t\t\t<\/div>\n\t\t\t\t\t\t<\/div>\n\t\t\t\t\t<\/div>\n\t\t<\/div>\n\t\t\t\t\t\t\t\t<\/div>\n\t\t\t\t\t<\/div>\n\t\t<\/section>\n\t\t\t\t<section class=\"elementor-section elementor-top-section elementor-element elementor-element-06c326e elementor-section-boxed elementor-section-height-default elementor-section-height-default\" data-id=\"06c326e\" data-element_type=\"section\">\n\t\t\t\t\t\t\t<div class=\"elementor-background-overlay\"><\/div>\n\t\t\t\t\t\t\t<div class=\"elementor-container elementor-column-gap-default\">\n\t\t\t\t\t\t\t<div class=\"elementor-row\">\n\t\t\t\t\t<div class=\"elementor-column elementor-col-50 elementor-top-column elementor-element elementor-element-44bc754\" data-id=\"44bc754\" data-element_type=\"column\">\n\t\t\t<div class=\"elementor-column-wrap elementor-element-populated\">\n\t\t\t\t\t\t\t<div class=\"elementor-widget-wrap\">\n\t\t\t\t\t\t<div class=\"elementor-element elementor-element-135efe3 elementor-widget elementor-widget-text-editor\" data-id=\"135efe3\" data-element_type=\"widget\" data-widget_type=\"text-editor.default\">\n\t\t\t\t<div class=\"elementor-widget-container\">\n\t\t\t\t\t\t\t\t<div class=\"elementor-text-editor elementor-clearfix\">\n\t\t\t\t\t<p><!-- wp:paragraph --><\/p>\n<p>Heather Moore, aki 6 \u00e9ve dent\u00e1lhigi\u00e9nikus \u00e9s 1 \u00e9ve fogorvostanhallgat\u00f3, kiemeli az Orascoptic loup\u00e9k fontoss\u00e1g\u00e1t a munk\u00e1j\u00e1ban.\u00a0<\/p>\n<p><span style=\"letter-spacing: -0.2px;\">A lencs\u00e9k tisztas\u00e1ga lehet\u0151v\u00e9 teszi sz\u00e1m\u00e1ra, hogy a munkater\u00fcletet r\u00e9szletesebben l\u00e1ssa, \u00edgy biztos\u00edtva, hogy p\u00e1ciensei a lehet\u0151 legjobb ell\u00e1t\u00e1st kapj\u00e1k. Szerinte ezek a loup\u00e9k karrierje igazi fordul\u00f3pontj\u00e1t jelentett\u00e9k.<\/span><\/p>\n<p><!-- \/wp:paragraph --><\/p>\t\t\t\t\t<\/div>\n\t\t\t\t\t\t<\/div>\n\t\t\t\t<\/div>\n\t\t\t\t\t\t<\/div>\n\t\t\t\t\t<\/div>\n\t\t<\/div>\n\t\t\t\t<div class=\"elementor-column elementor-col-50 elementor-top-column elementor-element elementor-element-b58df5e\" data-id=\"b58df5e\" data-element_type=\"column\">\n\t\t\t<div class=\"elementor-column-wrap elementor-element-populated\">\n\t\t\t\t\t\t\t<div class=\"elementor-widget-wrap\">\n\t\t\t\t\t\t<div class=\"elementor-element elementor-element-80f1bee elementor-widget elementor-widget-testimonial\" data-id=\"80f1bee\" data-element_type=\"widget\" data-widget_type=\"testimonial.default\">\n\t\t\t\t<div class=\"elementor-widget-container\">\n\t\t\t\t\t<div class=\"elementor-testimonial-wrapper elementor-testimonial-text-align-center\">\n\t\t\t\n\t\t\t\t\t\t<div class=\"elementor-testimonial-meta elementor-has-image elementor-testimonial-image-position-top\">\n\t\t\t\t<div class=\"elementor-testimonial-meta-inner\">\n\t\t\t\t\t\t\t\t\t\t\t<div class=\"elementor-testimonial-image\">\n\t\t\t\t\t\t\t<img width=\"300\" height=\"300\" src=\"https:\/\/orascoptic.newyorkdental.hu\/wp-content\/uploads\/2024\/11\/Heather-Moore-300x300.jpg\" class=\"attachment-medium size-medium\" alt=\"\" loading=\"lazy\" srcset=\"https:\/\/orascoptic.newyorkdental.hu\/wp-content\/uploads\/2024\/11\/Heather-Moore-300x300.jpg 300w, https:\/\/orascoptic.newyorkdental.hu\/wp-content\/uploads\/2024\/11\/Heather-Moore-150x150.jpg 150w, https:\/\/orascoptic.newyorkdental.hu\/wp-content\/uploads\/2024\/11\/Heather-Moore-100x100.jpg 100w, https:\/\/orascoptic.newyorkdental.hu\/wp-content\/uploads\/2024\/11\/Heather-Moore.jpg 400w\" sizes=\"(max-width: 300px) 100vw, 300px\" \/>\t\t\t\t\t\t<\/div>\n\t\t\t\t\t\n\t\t\t\t\t\t\t\t\t\t<div class=\"elementor-testimonial-details\">\n\t\t\t\t\t\t\t\t\t\t\t\t\t\t<div class=\"elementor-testimonial-name\">Heather Moore<\/div>\n\t\t\t\t\t\t\t\t\t\t\t\t\t\t\t\t\t\t\t\t\t\t<div class=\"elementor-testimonial-job\">Dent\u00e1lhigi\u00e9nikus, fogorvostanhallgat\u00f3<\/div>\n\t\t\t\t\t\t\t\t\t\t\t\t\t<\/div>\n\t\t\t\t\t\t\t\t\t<\/div>\n\t\t\t<\/div>\n\t\t\t\t\t<\/div>\n\t\t\t\t<\/div>\n\t\t\t\t<\/div>\n\t\t\t\t\t\t<\/div>\n\t\t\t\t\t<\/div>\n\t\t<\/div>\n\t\t\t\t\t\t\t\t<\/div>\n\t\t\t\t\t<\/div>\n\t\t<\/section>\n\t\t\t\t<section class=\"elementor-section elementor-top-section elementor-element elementor-element-d492a73 elementor-section-boxed elementor-section-height-default elementor-section-height-default\" data-id=\"d492a73\" data-element_type=\"section\" data-settings=\"{&quot;background_background&quot;:&quot;classic&quot;}\">\n\t\t\t\t\t\t<div class=\"elementor-container elementor-column-gap-default\">\n\t\t\t\t\t\t\t<div class=\"elementor-row\">\n\t\t\t\t\t<div class=\"elementor-column elementor-col-100 elementor-top-column elementor-element elementor-element-6a9c50b\" data-id=\"6a9c50b\" data-element_type=\"column\">\n\t\t\t<div class=\"elementor-column-wrap elementor-element-populated\">\n\t\t\t\t\t\t\t<div class=\"elementor-widget-wrap\">\n\t\t\t\t\t\t<div class=\"elementor-element elementor-element-5ce6bcc elementor-widget elementor-widget-text-editor\" data-id=\"5ce6bcc\" data-element_type=\"widget\" data-widget_type=\"text-editor.default\">\n\t\t\t\t<div class=\"elementor-widget-container\">\n\t\t\t\t\t\t\t\t<div class=\"elementor-text-editor elementor-clearfix\">\n\t\t\t\t\t<p><!-- wp:paragraph --><\/p>\n<p>Tudjuk, hogy a loup\u00e9k v\u00e1s\u00e1rl\u00e1si folyamata bonyolultnak t\u0171nhet. Meg\u00e9rtj\u00fck, hogy neh\u00e9z v\u00e1lasztani a rengeteg lehet\u0151s\u00e9g k\u00f6z\u00fcl. R\u00e1ad\u00e1sul minden loup\u00e9 rendk\u00edv\u00fcl hasonl\u00f3nak t\u0171nhet. Di\u00e1koknak sz\u00f3l\u00f3 konzult\u00e1ci\u00f3nk (szem\u00e9lyesen vagy k\u00f6zponti irod\u00e1nkban) sor\u00e1n bemutatjuk a f\u0151bb k\u00fcl\u00f6nbs\u00e9geket, valamint tov\u00e1bbi tippeket adunk, hogy seg\u00edts\u00fcnk megtal\u00e1lni a sz\u00e1modra t\u00f6k\u00e9letes loup\u00e9t.<\/p>\n<p><!-- \/wp:paragraph --><\/p>\t\t\t\t\t<\/div>\n\t\t\t\t\t\t<\/div>\n\t\t\t\t<\/div>\n\t\t\t\t<div class=\"elementor-element elementor-element-6c535d5 elementor-widget elementor-widget-heading\" data-id=\"6c535d5\" data-element_type=\"widget\" data-widget_type=\"heading.default\">\n\t\t\t\t<div class=\"elementor-widget-container\">\n\t\t\t<h3 class=\"elementor-heading-title elementor-size-default\">Regisztr\u00e1lj id\u0151pontot d\u00edjmentes konzult\u00e1ci\u00f3ra!<\/h3>\t\t<\/div>\n\t\t\t\t<\/div>\n\t\t\t\t<div class=\"elementor-element elementor-element-6faf0d2 elementor-align-center elementor-widget elementor-widget-button\" data-id=\"6faf0d2\" data-element_type=\"widget\" data-widget_type=\"button.default\">\n\t\t\t\t<div class=\"elementor-widget-container\">\n\t\t\t\t\t<div class=\"elementor-button-wrapper\">\n\t\t\t<a href=\"#mmform304290\" class=\"elementor-button-link elementor-button elementor-size-sm\" role=\"button\" id=\"students-erdekel\">\n\t\t\t\t\t\t<span class=\"elementor-button-content-wrapper\">\n\t\t\t\t\t\t<span class=\"elementor-button-text\">\u00c9rdekel<\/span>\n\t\t<\/span>\n\t\t\t\t\t<\/a>\n\t\t<\/div>\n\t\t\t\t<\/div>\n\t\t\t\t<\/div>\n\t\t\t\t<div class=\"elementor-element elementor-element-90c4ed9 elementor-widget elementor-widget-text-editor\" data-id=\"90c4ed9\" data-element_type=\"widget\" data-widget_type=\"text-editor.default\">\n\t\t\t\t<div class=\"elementor-widget-container\">\n\t\t\t\t\t\t\t\t<div class=\"elementor-text-editor elementor-clearfix\">\n\t\t\t\t\t<p><!-- wp:paragraph --><\/p>\n<p>Vedd fel vel\u00fcnk a kapcsolatot \u0171rlapunkon kereszt\u00fcl \u00e9s mi a lehet\u0151 legr\u00f6videbb id\u0151 alatt visszah\u00edvunk!<\/p>\n<p><!-- \/wp:paragraph --><\/p>\t\t\t\t\t<\/div>\n\t\t\t\t\t\t<\/div>\n\t\t\t\t<\/div>\n\t\t\t\t\t\t<\/div>\n\t\t\t\t\t<\/div>\n\t\t<\/div>\n\t\t\t\t\t\t\t\t<\/div>\n\t\t\t\t\t<\/div>\n\t\t<\/section>\n\t\t\t\t\t\t<\/div>\n\t\t\t\t\t\t<\/div>\n\t\t\t\t\t<\/div>\n\t\t","protected":false},"excerpt":{"rendered":"<p>Di\u00e1koknak Mint a loup\u00e9k ipar\u00e1gvezet\u0151je, k\u00fcldet\u00e9s\u00fcnk, hogy seg\u00edts\u00fcnk a loup\u00e9 haszn\u00e1l\u00f3knak a lehet\u0151 legjobb teljes\u00edtm\u00e9nyt ny\u00fajtani. Az\u00e9rt vagyunk itt, hogy t\u00e1mogassunk m\u00e1r az utad kezdet\u00e9t\u0151l, di\u00e1kk\u00e9nt is. Az Orascoptic di\u00e1kok sz\u00e1m\u00e1ra ny\u00fajtott el\u0151nyei: ak\u00e1r 35%-os kedvezm\u00e9ny az eredeti \u00e1rb\u00f3l, loup\u00e9 \u00e9s vil\u00e1g\u00edt\u00e1s kedvezm\u00e9nyek Ingyenes munkat\u00e1vols\u00e1g-be\u00e1ll\u00edt\u00e1s Ingyenes Rx v\u00e1ltoztat\u00e1sok Ingyenes jav\u00edt\u00e1s Ingyenes tiszt\u00edt\u00e1si \u00e9s fel\u00faj\u00edt\u00e1si szolg\u00e1ltat\u00e1s [&hellip;]<\/p>\n","protected":false},"author":1,"featured_media":0,"parent":0,"menu_order":0,"comment_status":"closed","ping_status":"closed","template":"","meta":[],"yoast_head":"<!-- This site is optimized with the Yoast SEO plugin v16.2 - https:\/\/yoast.com\/wordpress\/plugins\/seo\/ -->\n<title>Di\u00e1koknak - Orascoptic<\/title>\n<meta name=\"robots\" content=\"index, follow, max-snippet:-1, max-image-preview:large, max-video-preview:-1\" \/>\n<link rel=\"canonical\" href=\"https:\/\/orascoptic.newyorkdental.hu\/?page_id=1071\" \/>\n<meta property=\"og:locale\" content=\"hu_HU\" \/>\n<meta property=\"og:type\" content=\"article\" \/>\n<meta property=\"og:title\" content=\"Di\u00e1koknak - Orascoptic\" \/>\n<meta property=\"og:description\" content=\"Di\u00e1koknak Mint a loup\u00e9k ipar\u00e1gvezet\u0151je, k\u00fcldet\u00e9s\u00fcnk, hogy seg\u00edts\u00fcnk a loup\u00e9 haszn\u00e1l\u00f3knak a lehet\u0151 legjobb teljes\u00edtm\u00e9nyt ny\u00fajtani. Az\u00e9rt vagyunk itt, hogy t\u00e1mogassunk m\u00e1r az utad kezdet\u00e9t\u0151l, di\u00e1kk\u00e9nt is. Az Orascoptic di\u00e1kok sz\u00e1m\u00e1ra ny\u00fajtott el\u0151nyei: ak\u00e1r 35%-os kedvezm\u00e9ny az eredeti \u00e1rb\u00f3l, loup\u00e9 \u00e9s vil\u00e1g\u00edt\u00e1s kedvezm\u00e9nyek Ingyenes munkat\u00e1vols\u00e1g-be\u00e1ll\u00edt\u00e1s Ingyenes Rx v\u00e1ltoztat\u00e1sok Ingyenes jav\u00edt\u00e1s Ingyenes tiszt\u00edt\u00e1si \u00e9s fel\u00faj\u00edt\u00e1si szolg\u00e1ltat\u00e1s [&hellip;]\" \/>\n<meta property=\"og:url\" content=\"https:\/\/orascoptic.newyorkdental.hu\/?page_id=1071\" \/>\n<meta property=\"og:site_name\" content=\"Orascoptic\" \/>\n<meta property=\"article:modified_time\" content=\"2024-11-12T12:32:15+00:00\" \/>\n<meta property=\"og:image\" content=\"https:\/\/orascoptic.newyorkdental.hu\/wp-content\/uploads\/2024\/11\/Students-2500x850-hero2024.jpg\" \/>\n<meta name=\"twitter:card\" content=\"summary_large_image\" \/>\n<meta name=\"twitter:label1\" content=\"Becs\u00fclt olvas\u00e1si id\u0151\">\n\t<meta name=\"twitter:data1\" content=\"2 perc\">\n<script type=\"application\/ld+json\" class=\"yoast-schema-graph\">{\"@context\":\"https:\/\/schema.org\",\"@graph\":[{\"@type\":\"WebSite\",\"@id\":\"http:\/\/orascoptic.newyorkdental.hu\/#website\",\"url\":\"http:\/\/orascoptic.newyorkdental.hu\/\",\"name\":\"Orascoptic\",\"description\":\"Professzion\\u00e1lis orvosi lup\\u00e9k\",\"potentialAction\":[{\"@type\":\"SearchAction\",\"target\":\"http:\/\/orascoptic.newyorkdental.hu\/?s={search_term_string}\",\"query-input\":\"required name=search_term_string\"}],\"inLanguage\":\"hu\"},{\"@type\":\"ImageObject\",\"@id\":\"https:\/\/orascoptic.newyorkdental.hu\/?page_id=1071#primaryimage\",\"inLanguage\":\"hu\",\"url\":\"https:\/\/orascoptic.newyorkdental.hu\/wp-content\/uploads\/2024\/11\/Students-2500x850-hero2024.jpg\",\"contentUrl\":\"https:\/\/orascoptic.newyorkdental.hu\/wp-content\/uploads\/2024\/11\/Students-2500x850-hero2024.jpg\",\"width\":1920,\"height\":650},{\"@type\":\"WebPage\",\"@id\":\"https:\/\/orascoptic.newyorkdental.hu\/?page_id=1071#webpage\",\"url\":\"https:\/\/orascoptic.newyorkdental.hu\/?page_id=1071\",\"name\":\"Di\\u00e1koknak - Orascoptic\",\"isPartOf\":{\"@id\":\"http:\/\/orascoptic.newyorkdental.hu\/#website\"},\"primaryImageOfPage\":{\"@id\":\"https:\/\/orascoptic.newyorkdental.hu\/?page_id=1071#primaryimage\"},\"datePublished\":\"2024-11-05T12:48:49+00:00\",\"dateModified\":\"2024-11-12T12:32:15+00:00\",\"breadcrumb\":{\"@id\":\"https:\/\/orascoptic.newyorkdental.hu\/?page_id=1071#breadcrumb\"},\"inLanguage\":\"hu\",\"potentialAction\":[{\"@type\":\"ReadAction\",\"target\":[\"https:\/\/orascoptic.newyorkdental.hu\/?page_id=1071\"]}]},{\"@type\":\"BreadcrumbList\",\"@id\":\"https:\/\/orascoptic.newyorkdental.hu\/?page_id=1071#breadcrumb\",\"itemListElement\":[{\"@type\":\"ListItem\",\"position\":1,\"item\":{\"@type\":\"WebPage\",\"@id\":\"https:\/\/orascoptic.newyorkdental.hu\/\",\"url\":\"https:\/\/orascoptic.newyorkdental.hu\/\",\"name\":\"Kezd\\u0151lap\"}},{\"@type\":\"ListItem\",\"position\":2,\"item\":{\"@id\":\"https:\/\/orascoptic.newyorkdental.hu\/?page_id=1071#webpage\"}}]}]}<\/script>\n<!-- \/ Yoast SEO plugin. -->","_links":{"self":[{"href":"https:\/\/orascoptic.newyorkdental.hu\/index.php?rest_route=\/wp\/v2\/pages\/1071"}],"collection":[{"href":"https:\/\/orascoptic.newyorkdental.hu\/index.php?rest_route=\/wp\/v2\/pages"}],"about":[{"href":"https:\/\/orascoptic.newyorkdental.hu\/index.php?rest_route=\/wp\/v2\/types\/page"}],"author":[{"embeddable":true,"href":"https:\/\/orascoptic.newyorkdental.hu\/index.php?rest_route=\/wp\/v2\/users\/1"}],"replies":[{"embeddable":true,"href":"https:\/\/orascoptic.newyorkdental.hu\/index.php?rest_route=%2Fwp%2Fv2%2Fcomments&post=1071"}],"version-history":[{"count":25,"href":"https:\/\/orascoptic.newyorkdental.hu\/index.php?rest_route=\/wp\/v2\/pages\/1071\/revisions"}],"predecessor-version":[{"id":1109,"href":"https:\/\/orascoptic.newyorkdental.hu\/index.php?rest_route=\/wp\/v2\/pages\/1071\/revisions\/1109"}],"wp:attachment":[{"href":"https:\/\/orascoptic.newyorkdental.hu\/index.php?rest_route=%2Fwp%2Fv2%2Fmedia&parent=1071"}],"curies":[{"name":"wp","href":"https:\/\/api.w.org\/{rel}","templated":true}]}}